{"id":71,"date":"2019-10-23T07:31:23","date_gmt":"2019-10-23T07:31:23","guid":{"rendered":"https:\/\/www.demo.cosmoswp.com\/demo-8\/?page_id=63"},"modified":"2025-09-12T23:29:44","modified_gmt":"2025-09-12T23:29:44","slug":"inicio","status":"publish","type":"page","link":"https:\/\/ardegallery.com\/es\/","title":{"rendered":"Inicio"},"content":{"rendered":"<section id=\"section-e18579be-a8a2-4783-9237-90e0ec80af9e\" class=\"wp-block-gutentor-content-box gutentor-section gutentor-content-box-wrapper content-template2 has-color-bg has-custom-bg\"><div class=\"grid-container\"><div class=\"grid-row gutentor-grid-item-wrap\"><div class=\"gutentor-grid-column grid-lg-12 grid-md-12 grid-12\"><div class=\"gutentor-single-item gutentor-single-item-0\"><div class=\"gutentor-single-item-wrap\"><div class=\"gutentor-single-item-content\"><a class=\"gutentor-single-item-title-link\" href=\"https:\/\/ardegallery.com\/es\/about\/\"><h2 class=\"gutentor-single-item-title\">arde gallery<\/h2><\/a><p class=\"gutentor-single-item-desc\"><br><br><strong>Arde Gallery<\/strong> es una de las galer\u00edas m\u00e1s destacadas de San Miguel de Allende. Ofrece una selecci\u00f3n exclusiva de obras de los artistas contempor\u00e1neos m\u00e1s representativos, as\u00ed como objetos de dise\u00f1o de alta calidad\u2014textiles, mobiliario, joyer\u00eda e iluminaci\u00f3n\u2014de los creadores m\u00e1s reconocidos del momento. Es un espacio donde el arte y el dise\u00f1o conviven con la intenci\u00f3n de sugerir un estilo de vida.<br><br><strong>Arde Gallery<\/strong> es una invitaci\u00f3n a descubrir la creatividad y el saber hacer del arte mexicano.<br><br>Ahora con <strong>Arde Shop<\/strong>esta visi\u00f3n se expande hacia una selecci\u00f3n curada de objetos coleccionables, obra en peque\u00f1o formato, ediciones limitadas y piezas de autor. Accesibles, transportables y llenas de car\u00e1cter, cada una es una puerta de entrada a nuestro mundo\u2014pensadas para quienes desean llevarse un pedazo de Arde a casa.<br><\/p><a class=\"gutentor-button gutentor-single-item-button gutentor-icon-hide\" href=\"https:\/\/ardegallery.com\/es\/sobre-nosotros\/\" target=\"_blank\" rel=\"https:\/\/ardegallery.com\/portfolio\/ noopener noreferrer\"><i class=\"gutentor-button-icon fas fa-book\"><\/i><span><mark style=\"background-color:rgba(0, 0, 0, 0)\" class=\"has-inline-color has-cyan-bluish-gray-color\">+<\/mark><\/span><\/a><\/div><\/div><\/div><\/div><div class=\"gutentor-grid-column grid-lg-12 grid-md-12 grid-12\"><div class=\"gutentor-single-item gutentor-single-item-1\"><div class=\"gutentor-single-item-wrap\"><div class=\"gutentor-single-item-content\"><h2 class=\"gutentor-single-item-title\">LAGUNA CYPRIEN<\/h2><p class=\"gutentor-single-item-desc\"><br><br>Mezclando arte y estilo de vida, Arde Gallery se complace en anunciar su colaboraci\u00f3n con <strong>Laguna Cyprien<\/strong>, un estudio creativo que explora el universo sensorial a trav\u00e9s de aromas, fragancias y objetos para el cuidado personal y del hogar.<br><br>Por cinco meses, nuestro espacio se transformar\u00e1 para ofrecer una experiencia \u00fanica. El arte contempor\u00e1neo de la galer\u00eda se unir\u00e1 a la propuesta olfativa de Laguna Cyprien, creando un di\u00e1logo entre la visi\u00f3n art\u00edstica y la vida cotidiana. Los visitantes podr\u00e1n descubrir la colecci\u00f3n completa de Laguna, con productos que evocan sensibilidad, estilo y bienestar.<br><br>Te invitamos a visitar este espacio pop-up, una oportunidad para experimentar c\u00f3mo el arte y los aromas pueden fusionarse para transformar la percepci\u00f3n. La tienda estar\u00e1 abierta hasta finales de enero de 2026.<br><br><a href=\"http:\/\/www.lagunacyprien.mx\">Descubre Laguna Cyprien<br><\/a><\/p><a class=\"gutentor-button gutentor-single-item-button gutentor-icon-hide\" href=\"#\" target=\"_blank\" rel=\"https:\/\/ardegallery.com\/portfolio\/ noopener noreferrer\"><i class=\"gutentor-button-icon fas fa-book\"><\/i><span>Leer m\u00e1s<\/span><\/a><\/div><\/div><\/div><\/div><\/div><\/div><\/section>\n\n\n\n<div id=\"section-gc3a285\" class=\"wp-block-gutentor-e0 section-gc3a285 gutentor-element gutentor-element-advanced-text text-align-center-desktop\"><div class=\"gutentor-text-wrap\"><h3 class=\"gutentor-text\"><span style=\"text-decoration: underline;\"><a data-type=\"URL\" data-id=\"https:\/\/ardegallery.com\/portfolio\/\" href=\"https:\/\/ardegallery.com\/es\/portfolio\/\" target=\"_blank\" rel=\"noreferrer noopener\">artistas | dise\u00f1adores<\/a><\/span><\/h3><\/div><\/div>\n\n\n\n<section id=\"section-1e9afeff-60c3-41c7-8521-c441ac74a038\" class=\"wp-block-gutentor-testimonial gutentor-section gutentor-testimonial testimonial-template1 has-color-bg has-custom-bg\"><div class=\"grid-container\"><div class=\"grid-row gutentor-grid-item-wrap\"><div class=\"gutentor-grid-column grid-lg-4 grid-md-4 grid-12\"><div class=\"gutentor-single-item gutentor-single-item-0 g-single-column-link-enabled\"><div class=\"gutentor-single-item-content\"><div class=\"gutentor-single-item-image-box\"><div class=\"gutentor-image-thumb\"><img decoding=\"async\" class=\"normal-image\" src=\"https:\/\/ardegallery.com\/wp-content\/uploads\/2025\/07\/Screenshot-2024-08-08-121040-e1751825111374.jpg\" alt=\"\" height=\"558\" width=\"560\"\/><\/div><\/div><div class=\"gutentor-testimonial-content\"><div class=\"gutentor-testimonial-author\"><h3 class=\"gutentor-single-item-title\">Bradley Narduzzi<\/h3><\/div><a class=\"gutentor-button gutentor-single-item-button gutentor-icon-hide\" href=\"https:\/\/ardegallery.com\/es\/portfolio\/\"><i class=\"gutentor-button-icon fas fa-book\"><\/i><span><mark style=\"background-color:rgba(0, 0, 0, 0)\" class=\"has-inline-color has-cyan-bluish-gray-color\">Ver m\u00e1s<\/mark><\/span><\/a><\/div><\/div><a class=\"gutentor-single-item-box-link gutentor-link\" href=\"https:\/\/ardegallery.com\/es\/bradley-narduzzi-artist\/\"><\/a><\/div><\/div><div class=\"gutentor-grid-column grid-lg-4 grid-md-4 grid-12\"><div class=\"gutentor-single-item gutentor-single-item-1 g-single-column-link-enabled\"><div class=\"gutentor-single-item-content\"><div class=\"gutentor-single-item-image-box\"><div class=\"gutentor-image-thumb\"><img decoding=\"async\" class=\"normal-image\" src=\"https:\/\/ardegallery.com\/wp-content\/uploads\/2025\/07\/PHOTO-2025-04-22-16-31-50-e1751824960807.jpg\" alt=\"\" height=\"1280\" width=\"1280\"\/><\/div><\/div><div class=\"gutentor-testimonial-content\"><div class=\"gutentor-testimonial-author\"><h3 class=\"gutentor-single-item-title\">Prince Lauder<\/h3><\/div><a class=\"gutentor-button gutentor-single-item-button gutentor-icon-hide\" href=\"#https:\/\/ardegallery.com\/portfolio\/\"><i class=\"gutentor-button-icon fas fa-book\"><\/i><span>Ver m\u00e1s<\/span><\/a><\/div><\/div><a class=\"gutentor-single-item-box-link gutentor-link\" href=\"https:\/\/ardegallery.com\/es\/prince-lauder\/\" target=\"_blank\" rel=\"noopener noreferrer\"><\/a><\/div><\/div><div class=\"gutentor-grid-column grid-lg-4 grid-md-4 grid-12\"><div class=\"gutentor-single-item gutentor-single-item-2 g-single-column-link-enabled\"><div class=\"gutentor-single-item-content\"><div class=\"gutentor-single-item-image-box\"><div class=\"gutentor-image-thumb\"><img decoding=\"async\" class=\"normal-image\" src=\"https:\/\/ardegallery.com\/wp-content\/uploads\/2025\/07\/Falcon-7-e1751824310926.jpg\" alt=\"\" height=\"900\" width=\"895\"\/><\/div><\/div><div class=\"gutentor-testimonial-content\"><div class=\"gutentor-testimonial-author\"><h3 class=\"gutentor-single-item-title\">H\u00e9ctor Falc\u00f3n<\/h3><\/div><a class=\"gutentor-button gutentor-single-item-button gutentor-icon-hide\" href=\"https:\/\/ardegallery.com\/es\/portfolio\/\"><i class=\"gutentor-button-icon fas fa-book\"><\/i><span><mark style=\"background-color:rgba(0, 0, 0, 0)\" class=\"has-inline-color has-cyan-bluish-gray-color\">Ver m\u00e1s<\/mark><\/span><\/a><\/div><\/div><a class=\"gutentor-single-item-box-link gutentor-link\" href=\"https:\/\/ardegallery.com\/es\/hector-falcon\/\" target=\"_blank\" rel=\"noopener noreferrer\"><\/a><\/div><\/div><\/div><\/div><\/section>\n\n\n\n<div id=\"section-g32a924\" class=\"wp-block-gutentor-e2 section-g32a924 gutentor-element gutentor-element-button button-align-center-desktop\"><span class=\"gutentor-button-wrap\"><a class=\"gutentor-button gutentor-block-button gutentor-icon-hide\" href=\"https:\/\/ardegallery.com\/es\/portfolio\/\"><i class=\"gutentor-button-icon fas fa-book\"><\/i><span><mark style=\"background-color:rgba(0, 0, 0, 0)\" class=\"has-inline-color has-cyan-bluish-gray-color\">+<\/mark><\/span><\/a><\/span><\/div>","protected":false},"excerpt":{"rendered":"","protected":false},"author":1,"featured_media":0,"parent":0,"menu_order":0,"comment_status":"closed","ping_status":"closed","template":"template-gutentor-full-width.php","meta":{"footnotes":""},"class_list":["post-71","page","type-page","status-publish","hentry"],"aioseo_notices":[],"yoast_head":"<!-- This site is optimized with the Yoast SEO plugin v22.5 - https:\/\/yoast.com\/wordpress\/plugins\/seo\/ -->\n<title>Gallery Arts in San Miguel de Allende<\/title>\n<meta name=\"description\" content=\"The best contemporary art gallery in San Miguel de Allende. Purchase and exhibition of Mexican art objects, aromas and fragrances.\" \/>\n<meta name=\"robots\" content=\"index, follow, max-snippet:-1, max-image-preview:large, max-video-preview:-1\" \/>\n<link rel=\"canonical\" href=\"https:\/\/ardegallery.com\/es\/\" \/>\n<meta property=\"og:locale\" content=\"es_MX\" \/>\n<meta property=\"og:type\" content=\"article\" \/>\n<meta property=\"og:title\" content=\"Gallery Arts in San Miguel de Allende\" \/>\n<meta property=\"og:description\" content=\"The best contemporary art gallery in San Miguel de Allende. Purchase and exhibition of Mexican art objects, aromas and fragrances.\" \/>\n<meta property=\"og:url\" content=\"https:\/\/ardegallery.com\/es\/\" \/>\n<meta property=\"og:site_name\" content=\"Arde Gallery\" \/>\n<meta property=\"article:modified_time\" content=\"2025-09-12T23:29:44+00:00\" \/>\n<meta property=\"og:image\" content=\"https:\/\/ardegallery.com\/wp-content\/uploads\/2025\/07\/Screenshot-2024-08-08-121040-e1751825111374.jpg\" \/>\n<meta name=\"twitter:card\" content=\"summary_large_image\" \/>\n<meta name=\"twitter:label1\" content=\"Tiempo de lectura\" \/>\n\t<meta name=\"twitter:data1\" content=\"2 minutos\" \/>\n<script type=\"application\/ld+json\" class=\"yoast-schema-graph\">{\"@context\":\"https:\/\/schema.org\",\"@graph\":[{\"@type\":\"WebPage\",\"@id\":\"https:\/\/ardegallery.com\/\",\"url\":\"https:\/\/ardegallery.com\/\",\"name\":\"Gallery Arts in San Miguel de Allende\",\"isPartOf\":{\"@id\":\"https:\/\/ardegallery.com\/#website\"},\"primaryImageOfPage\":{\"@id\":\"https:\/\/ardegallery.com\/#primaryimage\"},\"image\":{\"@id\":\"https:\/\/ardegallery.com\/#primaryimage\"},\"thumbnailUrl\":\"https:\/\/ardegallery.com\/wp-content\/uploads\/2025\/07\/Screenshot-2024-08-08-121040-e1751825111374.jpg\",\"datePublished\":\"2019-10-23T07:31:23+00:00\",\"dateModified\":\"2025-09-12T23:29:44+00:00\",\"description\":\"The best contemporary art gallery in San Miguel de Allende. Purchase and exhibition of Mexican art objects, aromas and fragrances.\",\"breadcrumb\":{\"@id\":\"https:\/\/ardegallery.com\/#breadcrumb\"},\"inLanguage\":\"es\",\"potentialAction\":[{\"@type\":\"ReadAction\",\"target\":[\"https:\/\/ardegallery.com\/\"]}]},{\"@type\":\"ImageObject\",\"inLanguage\":\"es\",\"@id\":\"https:\/\/ardegallery.com\/#primaryimage\",\"url\":\"https:\/\/ardegallery.com\/wp-content\/uploads\/2025\/07\/Screenshot-2024-08-08-121040-e1751825111374.jpg\",\"contentUrl\":\"https:\/\/ardegallery.com\/wp-content\/uploads\/2025\/07\/Screenshot-2024-08-08-121040-e1751825111374.jpg\"},{\"@type\":\"BreadcrumbList\",\"@id\":\"https:\/\/ardegallery.com\/#breadcrumb\",\"itemListElement\":[{\"@type\":\"ListItem\",\"position\":1,\"name\":\"Portada\",\"item\":\"https:\/\/ardegallery.com\/\"},{\"@type\":\"ListItem\",\"position\":2,\"name\":\"Inicio\"}]},{\"@type\":\"WebSite\",\"@id\":\"https:\/\/ardegallery.com\/#website\",\"url\":\"https:\/\/ardegallery.com\/\",\"name\":\"Arde Gallery\",\"description\":\"\",\"publisher\":{\"@id\":\"https:\/\/ardegallery.com\/#organization\"},\"potentialAction\":[{\"@type\":\"SearchAction\",\"target\":{\"@type\":\"EntryPoint\",\"urlTemplate\":\"https:\/\/ardegallery.com\/?s={search_term_string}\"},\"query-input\":\"required name=search_term_string\"}],\"inLanguage\":\"es\"},{\"@type\":\"Organization\",\"@id\":\"https:\/\/ardegallery.com\/#organization\",\"name\":\"Arde Gallery\",\"url\":\"https:\/\/ardegallery.com\/\",\"logo\":{\"@type\":\"ImageObject\",\"inLanguage\":\"es\",\"@id\":\"https:\/\/ardegallery.com\/#\/schema\/logo\/image\/\",\"url\":\"https:\/\/ardegallery.com\/wp-content\/uploads\/2022\/08\/cropped-logoheader-1.png\",\"contentUrl\":\"https:\/\/ardegallery.com\/wp-content\/uploads\/2022\/08\/cropped-logoheader-1.png\",\"width\":1280,\"height\":720,\"caption\":\"Arde Gallery\"},\"image\":{\"@id\":\"https:\/\/ardegallery.com\/#\/schema\/logo\/image\/\"},\"sameAs\":[\"https:\/\/www.instagram.com\/arde_gallery\/\"]}]}<\/script>\n<!-- \/ Yoast SEO plugin. -->","yoast_head_json":{"title":"Gallery Arts in San Miguel de Allende","description":"The best contemporary art gallery in San Miguel de Allende. Purchase and exhibition of Mexican art objects, aromas and fragrances.","robots":{"index":"index","follow":"follow","max-snippet":"max-snippet:-1","max-image-preview":"max-image-preview:large","max-video-preview":"max-video-preview:-1"},"canonical":"https:\/\/ardegallery.com\/es\/","og_locale":"es_MX","og_type":"article","og_title":"Gallery Arts in San Miguel de Allende","og_description":"The best contemporary art gallery in San Miguel de Allende. Purchase and exhibition of Mexican art objects, aromas and fragrances.","og_url":"https:\/\/ardegallery.com\/es\/","og_site_name":"Arde Gallery","article_modified_time":"2025-09-12T23:29:44+00:00","og_image":[{"url":"https:\/\/ardegallery.com\/wp-content\/uploads\/2025\/07\/Screenshot-2024-08-08-121040-e1751825111374.jpg"}],"twitter_card":"summary_large_image","twitter_misc":{"Tiempo de lectura":"2 minutos"},"schema":{"@context":"https:\/\/schema.org","@graph":[{"@type":"WebPage","@id":"https:\/\/ardegallery.com\/","url":"https:\/\/ardegallery.com\/","name":"Gallery Arts in San Miguel de Allende","isPartOf":{"@id":"https:\/\/ardegallery.com\/#website"},"primaryImageOfPage":{"@id":"https:\/\/ardegallery.com\/#primaryimage"},"image":{"@id":"https:\/\/ardegallery.com\/#primaryimage"},"thumbnailUrl":"https:\/\/ardegallery.com\/wp-content\/uploads\/2025\/07\/Screenshot-2024-08-08-121040-e1751825111374.jpg","datePublished":"2019-10-23T07:31:23+00:00","dateModified":"2025-09-12T23:29:44+00:00","description":"The best contemporary art gallery in San Miguel de Allende. Purchase and exhibition of Mexican art objects, aromas and fragrances.","breadcrumb":{"@id":"https:\/\/ardegallery.com\/#breadcrumb"},"inLanguage":"es","potentialAction":[{"@type":"ReadAction","target":["https:\/\/ardegallery.com\/"]}]},{"@type":"ImageObject","inLanguage":"es","@id":"https:\/\/ardegallery.com\/#primaryimage","url":"https:\/\/ardegallery.com\/wp-content\/uploads\/2025\/07\/Screenshot-2024-08-08-121040-e1751825111374.jpg","contentUrl":"https:\/\/ardegallery.com\/wp-content\/uploads\/2025\/07\/Screenshot-2024-08-08-121040-e1751825111374.jpg"},{"@type":"BreadcrumbList","@id":"https:\/\/ardegallery.com\/#breadcrumb","itemListElement":[{"@type":"ListItem","position":1,"name":"Portada","item":"https:\/\/ardegallery.com\/"},{"@type":"ListItem","position":2,"name":"Inicio"}]},{"@type":"WebSite","@id":"https:\/\/ardegallery.com\/#website","url":"https:\/\/ardegallery.com\/","name":"Arde Gallery","description":"","publisher":{"@id":"https:\/\/ardegallery.com\/#organization"},"potentialAction":[{"@type":"SearchAction","target":{"@type":"EntryPoint","urlTemplate":"https:\/\/ardegallery.com\/?s={search_term_string}"},"query-input":"required name=search_term_string"}],"inLanguage":"es"},{"@type":"Organization","@id":"https:\/\/ardegallery.com\/#organization","name":"Arde Gallery","url":"https:\/\/ardegallery.com\/","logo":{"@type":"ImageObject","inLanguage":"es","@id":"https:\/\/ardegallery.com\/#\/schema\/logo\/image\/","url":"https:\/\/ardegallery.com\/wp-content\/uploads\/2022\/08\/cropped-logoheader-1.png","contentUrl":"https:\/\/ardegallery.com\/wp-content\/uploads\/2022\/08\/cropped-logoheader-1.png","width":1280,"height":720,"caption":"Arde Gallery"},"image":{"@id":"https:\/\/ardegallery.com\/#\/schema\/logo\/image\/"},"sameAs":["https:\/\/www.instagram.com\/arde_gallery\/"]}]}},"_links":{"self":[{"href":"https:\/\/ardegallery.com\/es\/wp-json\/wp\/v2\/pages\/71","targetHints":{"allow":["GET"]}}],"collection":[{"href":"https:\/\/ardegallery.com\/es\/wp-json\/wp\/v2\/pages"}],"about":[{"href":"https:\/\/ardegallery.com\/es\/wp-json\/wp\/v2\/types\/page"}],"author":[{"embeddable":true,"href":"https:\/\/ardegallery.com\/es\/wp-json\/wp\/v2\/users\/1"}],"replies":[{"embeddable":true,"href":"https:\/\/ardegallery.com\/es\/wp-json\/wp\/v2\/comments?post=71"}],"version-history":[{"count":114,"href":"https:\/\/ardegallery.com\/es\/wp-json\/wp\/v2\/pages\/71\/revisions"}],"predecessor-version":[{"id":2105,"href":"https:\/\/ardegallery.com\/es\/wp-json\/wp\/v2\/pages\/71\/revisions\/2105"}],"wp:attachment":[{"href":"https:\/\/ardegallery.com\/es\/wp-json\/wp\/v2\/media?parent=71"}],"curies":[{"name":"wp","href":"https:\/\/api.w.org\/{rel}","templated":true}]}}