{"id":63,"date":"2019-10-31T04:59:11","date_gmt":"2019-10-31T04:59:11","guid":{"rendered":"https:\/\/www.demo.cosmoswp.com\/demo-8\/?page_id=203"},"modified":"2025-07-16T20:02:49","modified_gmt":"2025-07-16T20:02:49","slug":"sobre-nosotros","status":"publish","type":"page","link":"https:\/\/ardegallery.com\/es\/sobre-nosotros\/","title":{"rendered":"ABOUT US"},"content":{"rendered":"<section id=\"section-df257ebf-6eaf-4c95-8664-848d4e843950\" class=\"wp-block-gutentor-advanced-columns gutentor-section gutentor-advanced-columns has-color-bg has-custom-bg gutentor-no-gap-desktop gutentor-no-gap-tablet gutentor-no-gap-mobile text-left\"><div class=\"grid-container\"><div class=\"grid-row\">\n<div id=\"section-091191fe-76de-47fb-9eda-e8396e5b4915\" class=\"wp-block-gutentor-single-column gutentor-single-column  grid-lg-4 grid-md-12 grid-12\">\n<div id=\"section-g46a8c9\" class=\"wp-block-gutentor-e6 section-g46a8c9 gutentor-element gutentor-element-image\"><div class=\"gutentor-element-image-box\"><div class=\"gutentor-image-thumb\"><img decoding=\"async\" class=\"normal-image\" src=\"https:\/\/ardegallery.com\/wp-content\/uploads\/2024\/03\/Foto-WEB-Nat.png\"\/><\/div><\/div><\/div>\n<\/div>\n\n\n\n<div id=\"section-aa3ca19b-47f0-4025-8d42-c565661cf092\" class=\"wp-block-gutentor-single-column gutentor-single-column  grid-lg-8 grid-md-12 grid-12\">\n<section id=\"section-b0bc4bea-0723-4eec-acd0-034a5c98860c\" class=\"wp-block-gutentor-content-box alignwide gutentor-section gutentor-content-box-wrapper content-template1 text-left\"><div class=\"grid-container gutentor-rm-ct-space\"><div class=\"grid-row gutentor-grid-item-wrap\"><div class=\"gutentor-grid-column grid-lg-12 grid-md-12 grid-12\"><div class=\"gutentor-single-item gutentor-single-item-0\"><div class=\"gutentor-single-item-wrap\"><div class=\"gutentor-single-item-content\"><p class=\"gutentor-single-item-desc\"><strong>Arde Gallery<\/strong>\u00a0es uno de los espacios de arte m\u00e1s destacados de San Miguel de Allende y un referente en arte y dise\u00f1o contempor\u00e1neo en la ciudad. Ofrece una selecci\u00f3n exclusiva de obras de algunos de los artistas contempor\u00e1neos m\u00e1s representativos, as\u00ed como objetos de dise\u00f1o de alta calidad \u2014textiles, mobiliario, joyer\u00eda e iluminaci\u00f3n\u2014 de los creadores m\u00e1s reconocidos del momento. Es un espacio donde el arte y el dise\u00f1o conviven con la intenci\u00f3n de sugerir un estilo de vida.<br><br>Promovemos el trabajo de creativos mexicanos y fomentamos la adquisici\u00f3n de piezas coleccionables con el objetivo de reducir el consumo ef\u00edmero. Defendemos la permanencia: por eso ofrecemos objetos de calidad, dise\u00f1o de primer nivel y una selecci\u00f3n de obras establecida bajo criterios curatoriales espec\u00edficos.<br><br>Con\u00a0<strong>Arde Shop<\/strong>, esta visi\u00f3n se ampl\u00eda hacia una selecci\u00f3n de objetos coleccionables, obra en peque\u00f1o formato, ediciones limitadas y piezas de autor. Accesibles, transportables y llenas de car\u00e1cter, cada una es una puerta de entrada a nuestro universo, pensadas para quienes desean llevarse un pedazo de Arde a casa.<br><br><strong>Arde Gallery<\/strong>\u00a0impulsa la colecci\u00f3n de piezas exclusivas de arte y dise\u00f1o que enriquecen el entorno personal y cultural.<br><br>\u2500\u2500\u2727\u2500\u2500<br><br>Natalie Gama Pourdanay obtuvo la licenciatura en Humanidades, con especialidad en Filosof\u00eda en la Universidad de las Am\u00e9ricas, Puebla y una maestr\u00eda en Arte Moderno y Contempor\u00e1neo en Casa Lamm. Fue directora del Museo de la Canciller\u00eda de la Secretar\u00eda de Relaciones Exteriores por m\u00e1s cuatros a\u00f1os, donde gestion\u00f3 la realizaci\u00f3n de m\u00e1s de ochenta exposiciones colectivas e individuales de arte contempor\u00e1neo y de fotograf\u00eda documental. Posteriormente, fund\u00f3 una agencia de gesti\u00f3n cultural para generar proyectos curatoriales para exposiciones en espacios privados y p\u00fablicos y asesor\u00edas para el coleccionismo de arte. Es autora de diversos textos curatoriales que ha realizado para exposiciones de varios artistas mexicanos y extranjeros en galer\u00eda y museos como Museo del Palacio de Bellas Artes y el Museo de Arte Moderno.<br><br>En junio de 2022, abre Arde Gallery en San Miguel de Allende con la intenci\u00f3n de ofrecer en un espacio lo mejor del arte y el dise\u00f1o en M\u00e9xico. Actualmente, funge como directora de la galer\u00eda mientras que sigue escribiendo textos curatoriales y promoviendo el arte y el dise\u00f1o mexicano.<br><\/p><\/div><\/div><\/div><\/div><\/div><\/div><\/section>\n<\/div>\n<\/div><\/div><\/section>\n\n\n\n<section id=\"section-7df1c630-8f0b-4a20-920c-9e9f1b547c82\" class=\"wp-block-gutentor-content-box gutentor-section gutentor-content-box-wrapper content-template2 has-color-bg has-custom-bg text-left\"><div class=\"grid-container\"><div class=\"grid-row gutentor-grid-item-wrap\"><div class=\"gutentor-grid-column grid-lg-12 grid-md-12 grid-12\"><div class=\"gutentor-single-item gutentor-single-item-0\"><div class=\"gutentor-single-item-wrap\"><div class=\"gutentor-single-item-content\"><p class=\"gutentor-single-item-desc\">\u201cEsta galer\u00eda es el espacio en donde fue posible aterrizar mi experiencia y mi pasi\u00f3n. Incluida mi carrera acad\u00e9mica y el perfil profesional que desarroll\u00e9 en el medio del arte. Tanto en museos, como con proyectos curatoriales, museogr\u00e1ficos y en el medio del mercado del arte.\u201d<br><\/p><\/div><\/div><\/div><\/div><div class=\"gutentor-grid-column grid-lg-12 grid-md-12 grid-12\"><div class=\"gutentor-single-item gutentor-single-item-1\"><div class=\"gutentor-single-item-wrap\"><div class=\"gutentor-single-item-content\"><p class=\"gutentor-single-item-desc\">\u2500\u2500\u2727\u2500\u2500<\/p><\/div><\/div><\/div><\/div><\/div><\/div><\/section>","protected":false},"excerpt":{"rendered":"","protected":false},"author":1,"featured_media":0,"parent":0,"menu_order":0,"comment_status":"closed","ping_status":"closed","template":"template-gutentor-full-width.php","meta":{"footnotes":""},"class_list":["post-63","page","type-page","status-publish","hentry"],"aioseo_notices":[],"yoast_head":"<!-- This site is optimized with the Yoast SEO plugin v22.5 - https:\/\/yoast.com\/wordpress\/plugins\/seo\/ -->\n<title>Arde Gallery: Art Gallery in San Miguel de Allende<\/title>\n<meta name=\"description\" content=\"Arde Gallery is one of the best contemporary art galleries in San Miguel de Allende, exhibiting mostly Mexican artists and designers.\" \/>\n<meta name=\"robots\" content=\"index, follow, max-snippet:-1, max-image-preview:large, max-video-preview:-1\" \/>\n<link rel=\"canonical\" href=\"https:\/\/ardegallery.com\/es\/sobre-nosotros\/\" \/>\n<meta property=\"og:locale\" content=\"es_MX\" \/>\n<meta property=\"og:type\" content=\"article\" \/>\n<meta property=\"og:title\" content=\"Arde Gallery: Art Gallery in San Miguel de Allende\" \/>\n<meta property=\"og:description\" content=\"Arde Gallery is one of the best contemporary art galleries in San Miguel de Allende, exhibiting mostly Mexican artists and designers.\" \/>\n<meta property=\"og:url\" content=\"https:\/\/ardegallery.com\/es\/sobre-nosotros\/\" \/>\n<meta property=\"og:site_name\" content=\"Arde Gallery\" \/>\n<meta property=\"article:modified_time\" content=\"2025-07-16T20:02:49+00:00\" \/>\n<meta property=\"og:image\" content=\"https:\/\/ardegallery.com\/wp-content\/uploads\/2024\/03\/Foto-WEB-Nat.png\" \/>\n<meta name=\"twitter:card\" content=\"summary_large_image\" \/>\n<meta name=\"twitter:label1\" content=\"Tiempo de lectura\" \/>\n\t<meta name=\"twitter:data1\" content=\"3 minutos\" \/>\n<script type=\"application\/ld+json\" class=\"yoast-schema-graph\">{\"@context\":\"https:\/\/schema.org\",\"@graph\":[{\"@type\":\"WebPage\",\"@id\":\"https:\/\/ardegallery.com\/sobre-nosotros\/\",\"url\":\"https:\/\/ardegallery.com\/sobre-nosotros\/\",\"name\":\"Arde Gallery: Art Gallery in San Miguel de Allende\",\"isPartOf\":{\"@id\":\"https:\/\/ardegallery.com\/#website\"},\"primaryImageOfPage\":{\"@id\":\"https:\/\/ardegallery.com\/sobre-nosotros\/#primaryimage\"},\"image\":{\"@id\":\"https:\/\/ardegallery.com\/sobre-nosotros\/#primaryimage\"},\"thumbnailUrl\":\"https:\/\/ardegallery.com\/wp-content\/uploads\/2024\/03\/Foto-WEB-Nat.png\",\"datePublished\":\"2019-10-31T04:59:11+00:00\",\"dateModified\":\"2025-07-16T20:02:49+00:00\",\"description\":\"Arde Gallery is one of the best contemporary art galleries in San Miguel de Allende, exhibiting mostly Mexican artists and designers.\",\"breadcrumb\":{\"@id\":\"https:\/\/ardegallery.com\/sobre-nosotros\/#breadcrumb\"},\"inLanguage\":\"es\",\"potentialAction\":[{\"@type\":\"ReadAction\",\"target\":[\"https:\/\/ardegallery.com\/sobre-nosotros\/\"]}]},{\"@type\":\"ImageObject\",\"inLanguage\":\"es\",\"@id\":\"https:\/\/ardegallery.com\/sobre-nosotros\/#primaryimage\",\"url\":\"https:\/\/ardegallery.com\/wp-content\/uploads\/2024\/03\/Foto-WEB-Nat.png\",\"contentUrl\":\"https:\/\/ardegallery.com\/wp-content\/uploads\/2024\/03\/Foto-WEB-Nat.png\"},{\"@type\":\"BreadcrumbList\",\"@id\":\"https:\/\/ardegallery.com\/sobre-nosotros\/#breadcrumb\",\"itemListElement\":[{\"@type\":\"ListItem\",\"position\":1,\"name\":\"Portada\",\"item\":\"https:\/\/ardegallery.com\/\"},{\"@type\":\"ListItem\",\"position\":2,\"name\":\"ABOUT US\"}]},{\"@type\":\"WebSite\",\"@id\":\"https:\/\/ardegallery.com\/#website\",\"url\":\"https:\/\/ardegallery.com\/\",\"name\":\"Arde Gallery\",\"description\":\"\",\"publisher\":{\"@id\":\"https:\/\/ardegallery.com\/#organization\"},\"potentialAction\":[{\"@type\":\"SearchAction\",\"target\":{\"@type\":\"EntryPoint\",\"urlTemplate\":\"https:\/\/ardegallery.com\/?s={search_term_string}\"},\"query-input\":\"required name=search_term_string\"}],\"inLanguage\":\"es\"},{\"@type\":\"Organization\",\"@id\":\"https:\/\/ardegallery.com\/#organization\",\"name\":\"Arde Gallery\",\"url\":\"https:\/\/ardegallery.com\/\",\"logo\":{\"@type\":\"ImageObject\",\"inLanguage\":\"es\",\"@id\":\"https:\/\/ardegallery.com\/#\/schema\/logo\/image\/\",\"url\":\"https:\/\/ardegallery.com\/wp-content\/uploads\/2022\/08\/cropped-logoheader-1.png\",\"contentUrl\":\"https:\/\/ardegallery.com\/wp-content\/uploads\/2022\/08\/cropped-logoheader-1.png\",\"width\":1280,\"height\":720,\"caption\":\"Arde Gallery\"},\"image\":{\"@id\":\"https:\/\/ardegallery.com\/#\/schema\/logo\/image\/\"},\"sameAs\":[\"https:\/\/www.instagram.com\/arde_gallery\/\"]}]}<\/script>\n<!-- \/ Yoast SEO plugin. -->","yoast_head_json":{"title":"Arde Gallery: Art Gallery in San Miguel de Allende","description":"Arde Gallery is one of the best contemporary art galleries in San Miguel de Allende, exhibiting mostly Mexican artists and designers.","robots":{"index":"index","follow":"follow","max-snippet":"max-snippet:-1","max-image-preview":"max-image-preview:large","max-video-preview":"max-video-preview:-1"},"canonical":"https:\/\/ardegallery.com\/es\/sobre-nosotros\/","og_locale":"es_MX","og_type":"article","og_title":"Arde Gallery: Art Gallery in San Miguel de Allende","og_description":"Arde Gallery is one of the best contemporary art galleries in San Miguel de Allende, exhibiting mostly Mexican artists and designers.","og_url":"https:\/\/ardegallery.com\/es\/sobre-nosotros\/","og_site_name":"Arde Gallery","article_modified_time":"2025-07-16T20:02:49+00:00","og_image":[{"url":"https:\/\/ardegallery.com\/wp-content\/uploads\/2024\/03\/Foto-WEB-Nat.png"}],"twitter_card":"summary_large_image","twitter_misc":{"Tiempo de lectura":"3 minutos"},"schema":{"@context":"https:\/\/schema.org","@graph":[{"@type":"WebPage","@id":"https:\/\/ardegallery.com\/sobre-nosotros\/","url":"https:\/\/ardegallery.com\/sobre-nosotros\/","name":"Arde Gallery: Art Gallery in San Miguel de Allende","isPartOf":{"@id":"https:\/\/ardegallery.com\/#website"},"primaryImageOfPage":{"@id":"https:\/\/ardegallery.com\/sobre-nosotros\/#primaryimage"},"image":{"@id":"https:\/\/ardegallery.com\/sobre-nosotros\/#primaryimage"},"thumbnailUrl":"https:\/\/ardegallery.com\/wp-content\/uploads\/2024\/03\/Foto-WEB-Nat.png","datePublished":"2019-10-31T04:59:11+00:00","dateModified":"2025-07-16T20:02:49+00:00","description":"Arde Gallery is one of the best contemporary art galleries in San Miguel de Allende, exhibiting mostly Mexican artists and designers.","breadcrumb":{"@id":"https:\/\/ardegallery.com\/sobre-nosotros\/#breadcrumb"},"inLanguage":"es","potentialAction":[{"@type":"ReadAction","target":["https:\/\/ardegallery.com\/sobre-nosotros\/"]}]},{"@type":"ImageObject","inLanguage":"es","@id":"https:\/\/ardegallery.com\/sobre-nosotros\/#primaryimage","url":"https:\/\/ardegallery.com\/wp-content\/uploads\/2024\/03\/Foto-WEB-Nat.png","contentUrl":"https:\/\/ardegallery.com\/wp-content\/uploads\/2024\/03\/Foto-WEB-Nat.png"},{"@type":"BreadcrumbList","@id":"https:\/\/ardegallery.com\/sobre-nosotros\/#breadcrumb","itemListElement":[{"@type":"ListItem","position":1,"name":"Portada","item":"https:\/\/ardegallery.com\/"},{"@type":"ListItem","position":2,"name":"ABOUT US"}]},{"@type":"WebSite","@id":"https:\/\/ardegallery.com\/#website","url":"https:\/\/ardegallery.com\/","name":"Arde Gallery","description":"","publisher":{"@id":"https:\/\/ardegallery.com\/#organization"},"potentialAction":[{"@type":"SearchAction","target":{"@type":"EntryPoint","urlTemplate":"https:\/\/ardegallery.com\/?s={search_term_string}"},"query-input":"required name=search_term_string"}],"inLanguage":"es"},{"@type":"Organization","@id":"https:\/\/ardegallery.com\/#organization","name":"Arde Gallery","url":"https:\/\/ardegallery.com\/","logo":{"@type":"ImageObject","inLanguage":"es","@id":"https:\/\/ardegallery.com\/#\/schema\/logo\/image\/","url":"https:\/\/ardegallery.com\/wp-content\/uploads\/2022\/08\/cropped-logoheader-1.png","contentUrl":"https:\/\/ardegallery.com\/wp-content\/uploads\/2022\/08\/cropped-logoheader-1.png","width":1280,"height":720,"caption":"Arde Gallery"},"image":{"@id":"https:\/\/ardegallery.com\/#\/schema\/logo\/image\/"},"sameAs":["https:\/\/www.instagram.com\/arde_gallery\/"]}]}},"_links":{"self":[{"href":"https:\/\/ardegallery.com\/es\/wp-json\/wp\/v2\/pages\/63","targetHints":{"allow":["GET"]}}],"collection":[{"href":"https:\/\/ardegallery.com\/es\/wp-json\/wp\/v2\/pages"}],"about":[{"href":"https:\/\/ardegallery.com\/es\/wp-json\/wp\/v2\/types\/page"}],"author":[{"embeddable":true,"href":"https:\/\/ardegallery.com\/es\/wp-json\/wp\/v2\/users\/1"}],"replies":[{"embeddable":true,"href":"https:\/\/ardegallery.com\/es\/wp-json\/wp\/v2\/comments?post=63"}],"version-history":[{"count":35,"href":"https:\/\/ardegallery.com\/es\/wp-json\/wp\/v2\/pages\/63\/revisions"}],"predecessor-version":[{"id":2065,"href":"https:\/\/ardegallery.com\/es\/wp-json\/wp\/v2\/pages\/63\/revisions\/2065"}],"wp:attachment":[{"href":"https:\/\/ardegallery.com\/es\/wp-json\/wp\/v2\/media?parent=63"}],"curies":[{"name":"wp","href":"https:\/\/api.w.org\/{rel}","templated":true}]}}