{"id":381,"date":"2022-08-09T14:34:05","date_gmt":"2022-08-09T14:34:05","guid":{"rendered":"https:\/\/ardegallery.com\/?page_id=381"},"modified":"2024-05-30T19:25:03","modified_gmt":"2024-05-30T19:25:03","slug":"silvino-lopez-tovar","status":"publish","type":"page","link":"https:\/\/ardegallery.com\/es\/silvino-lopez-tovar\/","title":{"rendered":"Silvino L\u00f3pez Tovar"},"content":{"rendered":"<p><\/p>\n\n\n\n<section id=\"section-a49b09a2-5162-45fc-a32f-af70fdff0390\" class=\"wp-block-gutentor-image-slider gutentor-section gutentor-image-slider imageSlider-template1\"><div class=\"gutentor-grid-item-wrap\"><div class=\"gutentor-slider-wrapper\" data-dots=\"true\" data-arrows=\"true\" data-infinite=\"false\" data-nextarrow=\"fas fa-angle-right\" data-prevarrow=\"fas fa-angle-left\" data-autoplay=\"true\" data-autoplayspeed=\"7000\" data-fade=\"false\" data-speed=\"900\"><div class=\"gutentor-slider-item\"><div class=\"gutentor-single-item gutentor-single-item-0\"><div class=\"gutentor-single-item-wrap\"><div class=\"gutentor-single-item-image-box\"><div class=\"gutentor-bg-image\"><div class=\"overlay\"><\/div><\/div><\/div><div class=\"gutentor-single-item-content\"><div class=\"grid-container\"><div class=\"slider-caption text-center\"><h3 class=\"gutentor-single-item-title\">Silvino L\u00f3peztovar<\/h3><p class=\"gutentor-single-item-desc\"><\/p><\/div><\/div><\/div><\/div><\/div><\/div><\/div><\/div><\/section>\n\n\n\n<section id=\"section-8d1f5bb2-69b9-482a-aa8c-21171a5fe3ea\" class=\"wp-block-gutentor-advanced-columns gutentor-section gutentor-advanced-columns\"><div class=\"grid-container\"><div class=\"grid-row\">\n<section id=\"section-14f8420b-02e7-47be-ab98-2250a94ac710\" class=\"wp-block-gutentor-single-column gutentor-single-column  grid-lg-4 grid-md-12 grid-12\">\n<section id=\"section-29448e8e-f4ba-47b9-a321-0d88a5c4ee19\" class=\"wp-block-gutentor-content-box gutentor-section gutentor-content-box-wrapper content-template1\"><div class=\"grid-container\"><div class=\"gutentor-block-header\"><div class=\"gutentor-section-title text-left\"><h2 class=\"gutentor-title\">hidalgo, m\u00e9xico<\/h2><\/div><\/div><div class=\"grid-row gutentor-grid-item-wrap\"><div class=\"gutentor-grid-column grid-lg-12 grid-md-12 grid-12\"><div class=\"gutentor-single-item gutentor-single-item-0\"><div class=\"gutentor-single-item-wrap\"><div class=\"gutentor-single-item-content\"><h3 class=\"gutentor-single-item-title\">Silvino L\u00f3peztovar<\/h3><\/div><\/div><\/div><\/div><\/div><\/div><\/section>\n\n\n\n<p><\/p>\n<\/section>\n\n\n\n<section id=\"section-ee67e140-c14f-42d1-9f88-f54c0cd21dbd\" class=\"wp-block-gutentor-single-column gutentor-single-column  grid-lg-8 grid-md-12 grid-12\">\n<section id=\"section-3d49a407-3c1f-48a0-8bfa-373310358bee\" class=\"wp-block-gutentor-content-box gutentor-section gutentor-content-box-wrapper content-template1\"><div class=\"grid-container\"><div class=\"grid-row gutentor-grid-item-wrap\"><div class=\"gutentor-grid-column grid-lg-12 grid-md-12 grid-12\"><div class=\"gutentor-single-item gutentor-single-item-0\"><div class=\"gutentor-single-item-wrap\"><div class=\"gutentor-single-item-content\"><p class=\"gutentor-single-item-desc\">Es dise\u00f1ador industrial por la Universidad Nuevo Mundo y tiene un diplomado en dise\u00f1o automotriz. Desde muy joven comienza a mostrar su inter\u00e9s por el dibujo y la creaci\u00f3n de formas contempor\u00e1neas, en un principio su vocaci\u00f3n eran las artes pl\u00e1sticas, pero cuando conoce el dise\u00f1o industrial se siente atra\u00eddo por las formas que con la tecnolog\u00eda se pueden hacer, siempre tuvo la convicci\u00f3n de que el dise\u00f1o industrial y el arte se pueden fusionar.<br><br>He began his career designing large sets for new product launches in Madrid and Seville, Spain, at the Auditorio Nacional in Mexico City and for Canal 22, within his activities he also participated in performances with the Mexican musician Jorge Reyes and the plastic artist Byron G\u00e1lvez. Parallel to this he began to design furniture, taking as a philosophy the abstract forms from some insects or with sculptural asymmetrical forms always looking forwards to the future with the experimentation of new designs.<br><br>In his designs wind it takes place to suggest shapes is present, it is true that most of the objects he designs do not need to be aerodynamic because they will not face the speed, but the aesthetics of movement. He has participated in various exhibitions with his designs in Monza, Ravenna Italy, Design Forum in Helsinki, Museum of the University of Antwerp, Museum of Arts of Prague, Museum of the University of Seoul, Matadero, Madrid, Triennale of Design in Milan, etc.<br><br>In 2005 he designed the furniture for the David Ben Gurion park in Pachuca Hidalgo, cataloged as work of the year in the magazine Obras. In 2010 this furniture was selected in the II Ibero-American Design Biennial in Madrid, Spain, and in 2012 it was also selected for a design for children in the III Biennial. His work has been published in different media such as in the Advento catalog edited by Federico Motta Editore Spa, Italy.<br><\/p><\/div><\/div><\/div><\/div><\/div><\/div><\/section>\n<\/section>\n<\/div><\/div><\/section>\n\n\n\n<section id=\"section-4839f2d5-5d8c-4a66-b5cb-b9eb789f3abb\" class=\"wp-block-gutentor-image-slider gutentor-section gutentor-image-slider imageSlider-template1\"><div class=\"gutentor-grid-item-wrap\"><div class=\"gutentor-slider-wrapper\" data-dots=\"true\" data-arrows=\"true\" data-infinite=\"true\" data-nextarrow=\"fas fa-angle-right\" data-prevarrow=\"fas fa-angle-left\" data-autoplay=\"true\" data-autoplayspeed=\"4999\" data-fade=\"false\" data-speed=\"500\"><div class=\"gutentor-slider-item\"><div class=\"gutentor-single-item gutentor-single-item-0\"><div class=\"gutentor-single-item-wrap\"><div class=\"gutentor-single-item-image-box\"><div class=\"gutentor-bg-image\"><div class=\"overlay\"><\/div><\/div><\/div><div class=\"gutentor-single-item-content\"><div class=\"grid-container\"><div class=\"slider-caption text-center\"><h3 class=\"gutentor-single-item-title\"><\/h3><p class=\"gutentor-single-item-desc\"><\/p><\/div><\/div><\/div><\/div><\/div><\/div><div class=\"gutentor-slider-item\"><div class=\"gutentor-single-item gutentor-single-item-1\"><div class=\"gutentor-single-item-wrap\"><div class=\"gutentor-single-item-image-box\"><div class=\"gutentor-bg-image\"><div class=\"overlay\"><\/div><\/div><\/div><div class=\"gutentor-single-item-content\"><div class=\"grid-container\"><div class=\"slider-caption text-center\"><h3 class=\"gutentor-single-item-title\"><\/h3><p class=\"gutentor-single-item-desc\"><\/p><\/div><\/div><\/div><\/div><\/div><\/div><div class=\"gutentor-slider-item\"><div class=\"gutentor-single-item gutentor-single-item-2\"><div class=\"gutentor-single-item-wrap\"><div class=\"gutentor-single-item-image-box\"><div class=\"gutentor-bg-image\"><div class=\"overlay\"><\/div><\/div><\/div><div class=\"gutentor-single-item-content\"><div class=\"grid-container\"><div class=\"slider-caption text-center\"><h3 class=\"gutentor-single-item-title\"><\/h3><p class=\"gutentor-single-item-desc\"><\/p><\/div><\/div><\/div><\/div><\/div><\/div><\/div><\/div><\/section>\n\n\n\n<div class=\"wp-block-group\"><div class=\"wp-block-group__inner-container is-layout-flow wp-block-group-is-layout-flow\"><\/div><\/div>","protected":false},"excerpt":{"rendered":"","protected":false},"author":1,"featured_media":0,"parent":0,"menu_order":0,"comment_status":"closed","ping_status":"closed","template":"","meta":{"footnotes":""},"class_list":["post-381","page","type-page","status-publish","hentry"],"aioseo_notices":[],"yoast_head":"<!-- This site is optimized with the Yoast SEO plugin v22.5 - https:\/\/yoast.com\/wordpress\/plugins\/seo\/ -->\n<title>Silvino L\u00f3pez Tovar - Arde Gallery<\/title>\n<meta name=\"description\" content=\"Dise\u00f1ador industrial mexicano. Su inter\u00e9s se centra en el dibujo y la creaci\u00f3n de formas contempor\u00e1neas que con la tecnolog\u00eda se pueden hacer, tiene la convicci\u00f3n de que el dise\u00f1o industrial y el arte se pueden fusionar.\" \/>\n<meta name=\"robots\" content=\"index, follow, max-snippet:-1, max-image-preview:large, max-video-preview:-1\" \/>\n<link rel=\"canonical\" href=\"https:\/\/ardegallery.com\/es\/silvino-lopez-tovar\/\" \/>\n<meta property=\"og:locale\" content=\"es_MX\" \/>\n<meta property=\"og:type\" content=\"article\" \/>\n<meta property=\"og:title\" content=\"Silvino L\u00f3pez Tovar - Arde Gallery\" \/>\n<meta property=\"og:description\" content=\"Dise\u00f1ador industrial mexicano. Su inter\u00e9s se centra en el dibujo y la creaci\u00f3n de formas contempor\u00e1neas que con la tecnolog\u00eda se pueden hacer, tiene la convicci\u00f3n de que el dise\u00f1o industrial y el arte se pueden fusionar.\" \/>\n<meta property=\"og:url\" content=\"https:\/\/ardegallery.com\/es\/silvino-lopez-tovar\/\" \/>\n<meta property=\"og:site_name\" content=\"Arde Gallery\" \/>\n<meta property=\"article:modified_time\" content=\"2024-05-30T19:25:03+00:00\" \/>\n<meta name=\"twitter:card\" content=\"summary_large_image\" \/>\n<meta name=\"twitter:label1\" content=\"Tiempo de lectura\" \/>\n\t<meta name=\"twitter:data1\" content=\"2 minutos\" \/>\n<script type=\"application\/ld+json\" class=\"yoast-schema-graph\">{\"@context\":\"https:\/\/schema.org\",\"@graph\":[{\"@type\":\"WebPage\",\"@id\":\"https:\/\/ardegallery.com\/silvino-lopez-tovar\/\",\"url\":\"https:\/\/ardegallery.com\/silvino-lopez-tovar\/\",\"name\":\"Silvino L\u00f3pez Tovar - Arde Gallery\",\"isPartOf\":{\"@id\":\"https:\/\/ardegallery.com\/#website\"},\"datePublished\":\"2022-08-09T14:34:05+00:00\",\"dateModified\":\"2024-05-30T19:25:03+00:00\",\"description\":\"Dise\u00f1ador industrial mexicano. Su inter\u00e9s se centra en el dibujo y la creaci\u00f3n de formas contempor\u00e1neas que con la tecnolog\u00eda se pueden hacer, tiene la convicci\u00f3n de que el dise\u00f1o industrial y el arte se pueden fusionar.\",\"breadcrumb\":{\"@id\":\"https:\/\/ardegallery.com\/silvino-lopez-tovar\/#breadcrumb\"},\"inLanguage\":\"es\",\"potentialAction\":[{\"@type\":\"ReadAction\",\"target\":[\"https:\/\/ardegallery.com\/silvino-lopez-tovar\/\"]}]},{\"@type\":\"BreadcrumbList\",\"@id\":\"https:\/\/ardegallery.com\/silvino-lopez-tovar\/#breadcrumb\",\"itemListElement\":[{\"@type\":\"ListItem\",\"position\":1,\"name\":\"Portada\",\"item\":\"https:\/\/ardegallery.com\/\"},{\"@type\":\"ListItem\",\"position\":2,\"name\":\"Silvino L\u00f3pez Tovar\"}]},{\"@type\":\"WebSite\",\"@id\":\"https:\/\/ardegallery.com\/#website\",\"url\":\"https:\/\/ardegallery.com\/\",\"name\":\"Arde Gallery\",\"description\":\"\",\"publisher\":{\"@id\":\"https:\/\/ardegallery.com\/#organization\"},\"potentialAction\":[{\"@type\":\"SearchAction\",\"target\":{\"@type\":\"EntryPoint\",\"urlTemplate\":\"https:\/\/ardegallery.com\/?s={search_term_string}\"},\"query-input\":\"required name=search_term_string\"}],\"inLanguage\":\"es\"},{\"@type\":\"Organization\",\"@id\":\"https:\/\/ardegallery.com\/#organization\",\"name\":\"Arde Gallery\",\"url\":\"https:\/\/ardegallery.com\/\",\"logo\":{\"@type\":\"ImageObject\",\"inLanguage\":\"es\",\"@id\":\"https:\/\/ardegallery.com\/#\/schema\/logo\/image\/\",\"url\":\"https:\/\/ardegallery.com\/wp-content\/uploads\/2022\/08\/cropped-logoheader-1.png\",\"contentUrl\":\"https:\/\/ardegallery.com\/wp-content\/uploads\/2022\/08\/cropped-logoheader-1.png\",\"width\":1280,\"height\":720,\"caption\":\"Arde Gallery\"},\"image\":{\"@id\":\"https:\/\/ardegallery.com\/#\/schema\/logo\/image\/\"},\"sameAs\":[\"https:\/\/www.instagram.com\/arde_gallery\/\"]}]}<\/script>\n<!-- \/ Yoast SEO plugin. -->","yoast_head_json":{"title":"Silvino L\u00f3pez Tovar - Arde Gallery","description":"Dise\u00f1ador industrial mexicano. Su inter\u00e9s se centra en el dibujo y la creaci\u00f3n de formas contempor\u00e1neas que con la tecnolog\u00eda se pueden hacer, tiene la convicci\u00f3n de que el dise\u00f1o industrial y el arte se pueden fusionar.","robots":{"index":"index","follow":"follow","max-snippet":"max-snippet:-1","max-image-preview":"max-image-preview:large","max-video-preview":"max-video-preview:-1"},"canonical":"https:\/\/ardegallery.com\/es\/silvino-lopez-tovar\/","og_locale":"es_MX","og_type":"article","og_title":"Silvino L\u00f3pez Tovar - Arde Gallery","og_description":"Dise\u00f1ador industrial mexicano. Su inter\u00e9s se centra en el dibujo y la creaci\u00f3n de formas contempor\u00e1neas que con la tecnolog\u00eda se pueden hacer, tiene la convicci\u00f3n de que el dise\u00f1o industrial y el arte se pueden fusionar.","og_url":"https:\/\/ardegallery.com\/es\/silvino-lopez-tovar\/","og_site_name":"Arde Gallery","article_modified_time":"2024-05-30T19:25:03+00:00","twitter_card":"summary_large_image","twitter_misc":{"Tiempo de lectura":"2 minutos"},"schema":{"@context":"https:\/\/schema.org","@graph":[{"@type":"WebPage","@id":"https:\/\/ardegallery.com\/silvino-lopez-tovar\/","url":"https:\/\/ardegallery.com\/silvino-lopez-tovar\/","name":"Silvino L\u00f3pez Tovar - Arde Gallery","isPartOf":{"@id":"https:\/\/ardegallery.com\/#website"},"datePublished":"2022-08-09T14:34:05+00:00","dateModified":"2024-05-30T19:25:03+00:00","description":"Dise\u00f1ador industrial mexicano. Su inter\u00e9s se centra en el dibujo y la creaci\u00f3n de formas contempor\u00e1neas que con la tecnolog\u00eda se pueden hacer, tiene la convicci\u00f3n de que el dise\u00f1o industrial y el arte se pueden fusionar.","breadcrumb":{"@id":"https:\/\/ardegallery.com\/silvino-lopez-tovar\/#breadcrumb"},"inLanguage":"es","potentialAction":[{"@type":"ReadAction","target":["https:\/\/ardegallery.com\/silvino-lopez-tovar\/"]}]},{"@type":"BreadcrumbList","@id":"https:\/\/ardegallery.com\/silvino-lopez-tovar\/#breadcrumb","itemListElement":[{"@type":"ListItem","position":1,"name":"Portada","item":"https:\/\/ardegallery.com\/"},{"@type":"ListItem","position":2,"name":"Silvino L\u00f3pez Tovar"}]},{"@type":"WebSite","@id":"https:\/\/ardegallery.com\/#website","url":"https:\/\/ardegallery.com\/","name":"Arde Gallery","description":"","publisher":{"@id":"https:\/\/ardegallery.com\/#organization"},"potentialAction":[{"@type":"SearchAction","target":{"@type":"EntryPoint","urlTemplate":"https:\/\/ardegallery.com\/?s={search_term_string}"},"query-input":"required name=search_term_string"}],"inLanguage":"es"},{"@type":"Organization","@id":"https:\/\/ardegallery.com\/#organization","name":"Arde Gallery","url":"https:\/\/ardegallery.com\/","logo":{"@type":"ImageObject","inLanguage":"es","@id":"https:\/\/ardegallery.com\/#\/schema\/logo\/image\/","url":"https:\/\/ardegallery.com\/wp-content\/uploads\/2022\/08\/cropped-logoheader-1.png","contentUrl":"https:\/\/ardegallery.com\/wp-content\/uploads\/2022\/08\/cropped-logoheader-1.png","width":1280,"height":720,"caption":"Arde Gallery"},"image":{"@id":"https:\/\/ardegallery.com\/#\/schema\/logo\/image\/"},"sameAs":["https:\/\/www.instagram.com\/arde_gallery\/"]}]}},"_links":{"self":[{"href":"https:\/\/ardegallery.com\/es\/wp-json\/wp\/v2\/pages\/381","targetHints":{"allow":["GET"]}}],"collection":[{"href":"https:\/\/ardegallery.com\/es\/wp-json\/wp\/v2\/pages"}],"about":[{"href":"https:\/\/ardegallery.com\/es\/wp-json\/wp\/v2\/types\/page"}],"author":[{"embeddable":true,"href":"https:\/\/ardegallery.com\/es\/wp-json\/wp\/v2\/users\/1"}],"replies":[{"embeddable":true,"href":"https:\/\/ardegallery.com\/es\/wp-json\/wp\/v2\/comments?post=381"}],"version-history":[{"count":9,"href":"https:\/\/ardegallery.com\/es\/wp-json\/wp\/v2\/pages\/381\/revisions"}],"predecessor-version":[{"id":1779,"href":"https:\/\/ardegallery.com\/es\/wp-json\/wp\/v2\/pages\/381\/revisions\/1779"}],"wp:attachment":[{"href":"https:\/\/ardegallery.com\/es\/wp-json\/wp\/v2\/media?parent=381"}],"curies":[{"name":"wp","href":"https:\/\/api.w.org\/{rel}","templated":true}]}}