{"id":376,"date":"2022-08-09T14:33:27","date_gmt":"2022-08-09T14:33:27","guid":{"rendered":"https:\/\/ardegallery.com\/?page_id=376"},"modified":"2024-04-25T00:36:26","modified_gmt":"2024-04-25T00:36:26","slug":"nomade-atelier","status":"publish","type":"page","link":"https:\/\/ardegallery.com\/es\/nomade-atelier\/","title":{"rendered":"Nomade Atelier"},"content":{"rendered":"<p><\/p>\n\n\n\n<section id=\"section-3b4e81d7-81b3-4fb0-a3c7-79395beb0695\" class=\"wp-block-gutentor-image-slider gutentor-section gutentor-image-slider imageSlider-template1\"><div class=\"gutentor-grid-item-wrap\"><div class=\"gutentor-slider-wrapper\" data-dots=\"true\" data-arrows=\"true\" data-infinite=\"false\" data-nextarrow=\"fas fa-angle-right\" data-prevarrow=\"fas fa-angle-left\" data-autoplay=\"true\" data-autoplayspeed=\"7000\" data-fade=\"false\" data-speed=\"900\"><div class=\"gutentor-slider-item\"><div class=\"gutentor-single-item gutentor-single-item-0\"><div class=\"gutentor-single-item-wrap\"><div class=\"gutentor-single-item-image-box\"><div class=\"gutentor-bg-image\"><div class=\"overlay\"><\/div><\/div><\/div><div class=\"gutentor-single-item-content\"><div class=\"grid-container\"><div class=\"slider-caption text-center\"><h3 class=\"gutentor-single-item-title\">Nomade Atelier<\/h3><p class=\"gutentor-single-item-desc\"><\/p><\/div><\/div><\/div><\/div><\/div><\/div><\/div><\/div><\/section>\n\n\n\n<section id=\"section-8fd06f56-6751-47ae-81e0-42f25851d038\" class=\"wp-block-gutentor-advanced-columns gutentor-section gutentor-advanced-columns\"><div class=\"grid-container\"><div class=\"grid-row\">\n<section id=\"section-be21ca75-8a4d-4821-930c-a90b543d1dc6\" class=\"wp-block-gutentor-single-column gutentor-single-column  grid-lg-4 grid-md-12 grid-12\">\n<section id=\"section-d46e6674-87f8-4c9b-935d-fff62f50fa1e\" class=\"wp-block-gutentor-content-box gutentor-section gutentor-content-box-wrapper content-template1\"><div class=\"grid-container\"><div class=\"gutentor-block-header\"><div class=\"gutentor-section-title text-left\"><h2 class=\"gutentor-title\"><\/h2><\/div><\/div><div class=\"grid-row gutentor-grid-item-wrap\"><div class=\"gutentor-grid-column grid-lg-12 grid-md-12 grid-12\"><div class=\"gutentor-single-item gutentor-single-item-0\"><div class=\"gutentor-single-item-wrap\"><div class=\"gutentor-single-item-content\"><h3 class=\"gutentor-single-item-title\">Nomade Atelier<\/h3><\/div><\/div><\/div><\/div><\/div><\/div><\/section>\n\n\n\n<p><\/p>\n<\/section>\n\n\n\n<section id=\"section-4f8566b3-091b-419c-a610-531109e1db99\" class=\"wp-block-gutentor-single-column gutentor-single-column  grid-lg-8 grid-md-12 grid-12\">\n<section id=\"section-a4a06962-fbfa-47ec-b387-d2383c46097a\" class=\"wp-block-gutentor-content-box gutentor-section gutentor-content-box-wrapper content-template1\"><div class=\"grid-container\"><div class=\"grid-row gutentor-grid-item-wrap\"><div class=\"gutentor-grid-column grid-lg-12 grid-md-12 grid-12\"><div class=\"gutentor-single-item gutentor-single-item-0\"><div class=\"gutentor-single-item-wrap\"><div class=\"gutentor-single-item-content\"><p class=\"gutentor-single-item-desc\">NOMADE ATELIER es un estudio exclusivo de arte, dise\u00f1o y producci\u00f3n, encabezado por la artista visual mexicana Diana Quintero Vallejo y el arquitecto franco-marroqu\u00ed Ismael Bachri.<br><br>Fundado en 2012, este proyecto es para los fundadores un gran laboratorio de aprendizaje y experimentaci\u00f3n de materiales y conceptos. Son un estudio dedicado al dise\u00f1o de ideas que toman forma con la fabricaci\u00f3n de objetos y muebles a la medida para espacios habitacionales, p\u00fablicos y comerciales, as\u00ed como instalaciones art\u00edsticas, escenogr\u00e1ficas y muse\u00edsticas.<br><br>Contar con una plataforma para manufacturar objetos especiales de manera art\u00edstica, es uno de sus objetivos y mayores pasiones. Su trabajo es definir en conjunto el objetivo de la intervenci\u00f3n, de manera personal y din\u00e1mica, para generar un di\u00e1logo cr\u00edtico y analizar el espacio, que permitir\u00e1 aclarar las metas del proyecto y sus posibilidades.<br><br>Como resultado, crean dise\u00f1os exclusivos y piezas \u00fanicas pues cada proyecto requiere una producci\u00f3n totalmente diferente, personalizada en su concepci\u00f3n, dise\u00f1o y montaje.\n\nLa caracter\u00edstica com\u00fan en su expresi\u00f3n del dise\u00f1o, es la importancia que le dan a la conceptualizaci\u00f3n y el proceso de producci\u00f3n, buscando la simplicidad de l\u00edneas y discreci\u00f3n de los materiales sin dejar a un lado la importancia est\u00e9tica y la calidad de las ideas, para lograr un di\u00e1logo responsable y coherente con los objetos, el arte del tiempo y espacio en el que convivimos.<br><br>Utilizan materiales mexicanos de la mejor calidad y las soluciones m\u00e1s pr\u00e1cticas para complementar la manufactura de cada objeto, en manos de sus artesanos de cada material. Nomade Atelier da un especial valor al trabajo y oficios que utilizan herramienta manual y maquinaria mediana, trabajando siempre con una red de talleres familiares locales, especializados en materiales que van cayendo en desuso por su sustituci\u00f3n sint\u00e9tica o industrial.\n\nLa inspiraci\u00f3n para su trabajo, es una mezcla de su bagaje cultural, la s\u00edntesis de su percepci\u00f3n espacial a trav\u00e9s de investigaciones y experiencias de viaje, art\u00edsticas y arquitect\u00f3nicas. El objetivo que es la calidad del objeto final en su uso cotidiano, corresponda a las necesidades de nuestro entorno y contexto real, adquiriendo valor y caracter\u00edsticas \u00fanicas al paso del tiempo.<br><br>\u2500\u2500\u2727\u2500\u2500<\/p><\/div><\/div><\/div><\/div><\/div><\/div><\/section>\n<\/section>\n<\/div><\/div><\/section>\n\n\n\n<section id=\"section-cab093de-6f2e-4f39-be27-93e5f4778509\" class=\"wp-block-gutentor-image-slider gutentor-section gutentor-image-slider imageSlider-template1\"><div class=\"gutentor-grid-item-wrap\"><div class=\"gutentor-slider-wrapper\" data-dots=\"true\" data-arrows=\"true\" data-infinite=\"true\" data-nextarrow=\"fas fa-angle-right\" data-prevarrow=\"fas fa-angle-left\" data-autoplay=\"true\" data-autoplayspeed=\"4999\" data-fade=\"false\" data-speed=\"500\"><div class=\"gutentor-slider-item\"><div class=\"gutentor-single-item gutentor-single-item-0\"><div class=\"gutentor-single-item-wrap\"><div class=\"gutentor-single-item-image-box\"><div class=\"gutentor-bg-image\"><div class=\"overlay\"><\/div><\/div><\/div><div class=\"gutentor-single-item-content\"><div class=\"grid-container\"><div class=\"slider-caption text-center\"><\/div><\/div><\/div><\/div><\/div><\/div><div class=\"gutentor-slider-item\"><div class=\"gutentor-single-item gutentor-single-item-1\"><div class=\"gutentor-single-item-wrap\"><div class=\"gutentor-single-item-image-box\"><div class=\"gutentor-bg-image\"><div class=\"overlay\"><\/div><\/div><\/div><div class=\"gutentor-single-item-content\"><div class=\"grid-container\"><div class=\"slider-caption text-center\"><\/div><\/div><\/div><\/div><\/div><\/div><div class=\"gutentor-slider-item\"><div class=\"gutentor-single-item gutentor-single-item-2\"><div class=\"gutentor-single-item-wrap\"><div class=\"gutentor-single-item-image-box\"><div class=\"gutentor-bg-image\"><div class=\"overlay\"><\/div><\/div><\/div><div class=\"gutentor-single-item-content\"><div class=\"grid-container\"><div class=\"slider-caption text-center\"><\/div><\/div><\/div><\/div><\/div><\/div><div class=\"gutentor-slider-item\"><div class=\"gutentor-single-item gutentor-single-item-3\"><div class=\"gutentor-single-item-wrap\"><div class=\"gutentor-single-item-image-box\"><div class=\"gutentor-bg-image\"><div class=\"overlay\"><\/div><\/div><\/div><div class=\"gutentor-single-item-content\"><div class=\"grid-container\"><div class=\"slider-caption text-center\"><\/div><\/div><\/div><\/div><\/div><\/div><\/div><\/div><\/section>\n\n\n\n<div class=\"wp-block-group\"><div class=\"wp-block-group__inner-container is-layout-flow wp-block-group-is-layout-flow\"><\/div><\/div>","protected":false},"excerpt":{"rendered":"","protected":false},"author":1,"featured_media":0,"parent":0,"menu_order":0,"comment_status":"closed","ping_status":"closed","template":"","meta":{"footnotes":""},"class_list":["post-376","page","type-page","status-publish","hentry"],"aioseo_notices":[],"yoast_head":"<!-- This site is optimized with the Yoast SEO plugin v22.5 - https:\/\/yoast.com\/wordpress\/plugins\/seo\/ -->\n<title>Nomade Atelier - Arde Gallery<\/title>\n<meta name=\"description\" content=\"Es un estudio exclusivo de arte, dise\u00f1o y producci\u00f3n, encabezado por la artista visual mexicana Diana Quintero Vallejo y el arquitecto Ismael Bachri, es un gran laboratorio de aprendizaje y experimentaci\u00f3n de materiales y conceptos.\" \/>\n<meta name=\"robots\" content=\"index, follow, max-snippet:-1, max-image-preview:large, max-video-preview:-1\" \/>\n<link rel=\"canonical\" href=\"https:\/\/ardegallery.com\/es\/nomade-atelier\/\" \/>\n<meta property=\"og:locale\" content=\"es_MX\" \/>\n<meta property=\"og:type\" content=\"article\" \/>\n<meta property=\"og:title\" content=\"Nomade Atelier - Arde Gallery\" \/>\n<meta property=\"og:description\" content=\"Es un estudio exclusivo de arte, dise\u00f1o y producci\u00f3n, encabezado por la artista visual mexicana Diana Quintero Vallejo y el arquitecto Ismael Bachri, es un gran laboratorio de aprendizaje y experimentaci\u00f3n de materiales y conceptos.\" \/>\n<meta property=\"og:url\" content=\"https:\/\/ardegallery.com\/es\/nomade-atelier\/\" \/>\n<meta property=\"og:site_name\" content=\"Arde Gallery\" \/>\n<meta property=\"article:modified_time\" content=\"2024-04-25T00:36:26+00:00\" \/>\n<meta name=\"twitter:card\" content=\"summary_large_image\" \/>\n<meta name=\"twitter:label1\" content=\"Tiempo de lectura\" \/>\n\t<meta name=\"twitter:data1\" content=\"2 minutos\" \/>\n<script type=\"application\/ld+json\" class=\"yoast-schema-graph\">{\"@context\":\"https:\/\/schema.org\",\"@graph\":[{\"@type\":\"WebPage\",\"@id\":\"https:\/\/ardegallery.com\/nomade-atelier\/\",\"url\":\"https:\/\/ardegallery.com\/nomade-atelier\/\",\"name\":\"Nomade Atelier - Arde Gallery\",\"isPartOf\":{\"@id\":\"https:\/\/ardegallery.com\/#website\"},\"datePublished\":\"2022-08-09T14:33:27+00:00\",\"dateModified\":\"2024-04-25T00:36:26+00:00\",\"description\":\"Es un estudio exclusivo de arte, dise\u00f1o y producci\u00f3n, encabezado por la artista visual mexicana Diana Quintero Vallejo y el arquitecto Ismael Bachri, es un gran laboratorio de aprendizaje y experimentaci\u00f3n de materiales y conceptos.\",\"breadcrumb\":{\"@id\":\"https:\/\/ardegallery.com\/nomade-atelier\/#breadcrumb\"},\"inLanguage\":\"es\",\"potentialAction\":[{\"@type\":\"ReadAction\",\"target\":[\"https:\/\/ardegallery.com\/nomade-atelier\/\"]}]},{\"@type\":\"BreadcrumbList\",\"@id\":\"https:\/\/ardegallery.com\/nomade-atelier\/#breadcrumb\",\"itemListElement\":[{\"@type\":\"ListItem\",\"position\":1,\"name\":\"Portada\",\"item\":\"https:\/\/ardegallery.com\/\"},{\"@type\":\"ListItem\",\"position\":2,\"name\":\"Nomade Atelier\"}]},{\"@type\":\"WebSite\",\"@id\":\"https:\/\/ardegallery.com\/#website\",\"url\":\"https:\/\/ardegallery.com\/\",\"name\":\"Arde Gallery\",\"description\":\"\",\"publisher\":{\"@id\":\"https:\/\/ardegallery.com\/#organization\"},\"potentialAction\":[{\"@type\":\"SearchAction\",\"target\":{\"@type\":\"EntryPoint\",\"urlTemplate\":\"https:\/\/ardegallery.com\/?s={search_term_string}\"},\"query-input\":\"required name=search_term_string\"}],\"inLanguage\":\"es\"},{\"@type\":\"Organization\",\"@id\":\"https:\/\/ardegallery.com\/#organization\",\"name\":\"Arde Gallery\",\"url\":\"https:\/\/ardegallery.com\/\",\"logo\":{\"@type\":\"ImageObject\",\"inLanguage\":\"es\",\"@id\":\"https:\/\/ardegallery.com\/#\/schema\/logo\/image\/\",\"url\":\"https:\/\/ardegallery.com\/wp-content\/uploads\/2022\/08\/cropped-logoheader-1.png\",\"contentUrl\":\"https:\/\/ardegallery.com\/wp-content\/uploads\/2022\/08\/cropped-logoheader-1.png\",\"width\":1280,\"height\":720,\"caption\":\"Arde Gallery\"},\"image\":{\"@id\":\"https:\/\/ardegallery.com\/#\/schema\/logo\/image\/\"},\"sameAs\":[\"https:\/\/www.instagram.com\/arde_gallery\/\"]}]}<\/script>\n<!-- \/ Yoast SEO plugin. -->","yoast_head_json":{"title":"Nomade Atelier - Arde Gallery","description":"Es un estudio exclusivo de arte, dise\u00f1o y producci\u00f3n, encabezado por la artista visual mexicana Diana Quintero Vallejo y el arquitecto Ismael Bachri, es un gran laboratorio de aprendizaje y experimentaci\u00f3n de materiales y conceptos.","robots":{"index":"index","follow":"follow","max-snippet":"max-snippet:-1","max-image-preview":"max-image-preview:large","max-video-preview":"max-video-preview:-1"},"canonical":"https:\/\/ardegallery.com\/es\/nomade-atelier\/","og_locale":"es_MX","og_type":"article","og_title":"Nomade Atelier - Arde Gallery","og_description":"Es un estudio exclusivo de arte, dise\u00f1o y producci\u00f3n, encabezado por la artista visual mexicana Diana Quintero Vallejo y el arquitecto Ismael Bachri, es un gran laboratorio de aprendizaje y experimentaci\u00f3n de materiales y conceptos.","og_url":"https:\/\/ardegallery.com\/es\/nomade-atelier\/","og_site_name":"Arde Gallery","article_modified_time":"2024-04-25T00:36:26+00:00","twitter_card":"summary_large_image","twitter_misc":{"Tiempo de lectura":"2 minutos"},"schema":{"@context":"https:\/\/schema.org","@graph":[{"@type":"WebPage","@id":"https:\/\/ardegallery.com\/nomade-atelier\/","url":"https:\/\/ardegallery.com\/nomade-atelier\/","name":"Nomade Atelier - Arde Gallery","isPartOf":{"@id":"https:\/\/ardegallery.com\/#website"},"datePublished":"2022-08-09T14:33:27+00:00","dateModified":"2024-04-25T00:36:26+00:00","description":"Es un estudio exclusivo de arte, dise\u00f1o y producci\u00f3n, encabezado por la artista visual mexicana Diana Quintero Vallejo y el arquitecto Ismael Bachri, es un gran laboratorio de aprendizaje y experimentaci\u00f3n de materiales y conceptos.","breadcrumb":{"@id":"https:\/\/ardegallery.com\/nomade-atelier\/#breadcrumb"},"inLanguage":"es","potentialAction":[{"@type":"ReadAction","target":["https:\/\/ardegallery.com\/nomade-atelier\/"]}]},{"@type":"BreadcrumbList","@id":"https:\/\/ardegallery.com\/nomade-atelier\/#breadcrumb","itemListElement":[{"@type":"ListItem","position":1,"name":"Portada","item":"https:\/\/ardegallery.com\/"},{"@type":"ListItem","position":2,"name":"Nomade Atelier"}]},{"@type":"WebSite","@id":"https:\/\/ardegallery.com\/#website","url":"https:\/\/ardegallery.com\/","name":"Arde Gallery","description":"","publisher":{"@id":"https:\/\/ardegallery.com\/#organization"},"potentialAction":[{"@type":"SearchAction","target":{"@type":"EntryPoint","urlTemplate":"https:\/\/ardegallery.com\/?s={search_term_string}"},"query-input":"required name=search_term_string"}],"inLanguage":"es"},{"@type":"Organization","@id":"https:\/\/ardegallery.com\/#organization","name":"Arde Gallery","url":"https:\/\/ardegallery.com\/","logo":{"@type":"ImageObject","inLanguage":"es","@id":"https:\/\/ardegallery.com\/#\/schema\/logo\/image\/","url":"https:\/\/ardegallery.com\/wp-content\/uploads\/2022\/08\/cropped-logoheader-1.png","contentUrl":"https:\/\/ardegallery.com\/wp-content\/uploads\/2022\/08\/cropped-logoheader-1.png","width":1280,"height":720,"caption":"Arde Gallery"},"image":{"@id":"https:\/\/ardegallery.com\/#\/schema\/logo\/image\/"},"sameAs":["https:\/\/www.instagram.com\/arde_gallery\/"]}]}},"_links":{"self":[{"href":"https:\/\/ardegallery.com\/es\/wp-json\/wp\/v2\/pages\/376","targetHints":{"allow":["GET"]}}],"collection":[{"href":"https:\/\/ardegallery.com\/es\/wp-json\/wp\/v2\/pages"}],"about":[{"href":"https:\/\/ardegallery.com\/es\/wp-json\/wp\/v2\/types\/page"}],"author":[{"embeddable":true,"href":"https:\/\/ardegallery.com\/es\/wp-json\/wp\/v2\/users\/1"}],"replies":[{"embeddable":true,"href":"https:\/\/ardegallery.com\/es\/wp-json\/wp\/v2\/comments?post=376"}],"version-history":[{"count":8,"href":"https:\/\/ardegallery.com\/es\/wp-json\/wp\/v2\/pages\/376\/revisions"}],"predecessor-version":[{"id":1611,"href":"https:\/\/ardegallery.com\/es\/wp-json\/wp\/v2\/pages\/376\/revisions\/1611"}],"wp:attachment":[{"href":"https:\/\/ardegallery.com\/es\/wp-json\/wp\/v2\/media?parent=376"}],"curies":[{"name":"wp","href":"https:\/\/api.w.org\/{rel}","templated":true}]}}