{"id":375,"date":"2022-08-09T14:33:22","date_gmt":"2022-08-09T14:33:22","guid":{"rendered":"https:\/\/ardegallery.com\/?page_id=375"},"modified":"2024-05-30T19:23:41","modified_gmt":"2024-05-30T19:23:41","slug":"la-metropolitana","status":"publish","type":"page","link":"https:\/\/ardegallery.com\/es\/la-metropolitana\/","title":{"rendered":"La Metropolitana"},"content":{"rendered":"<p><\/p>\n\n\n\n<section id=\"section-df59e6fc-90ac-438b-818d-9fffba9acfa7\" class=\"wp-block-gutentor-image-slider gutentor-section gutentor-image-slider imageSlider-template1\"><div class=\"gutentor-grid-item-wrap\"><div class=\"gutentor-slider-wrapper\" data-dots=\"true\" data-arrows=\"true\" data-infinite=\"false\" data-nextarrow=\"fas fa-angle-right\" data-prevarrow=\"fas fa-angle-left\" data-autoplay=\"true\" data-autoplayspeed=\"7000\" data-fade=\"false\" data-speed=\"900\"><div class=\"gutentor-slider-item\"><div class=\"gutentor-single-item gutentor-single-item-0\"><div class=\"gutentor-single-item-wrap\"><div class=\"gutentor-single-item-image-box\"><div class=\"gutentor-bg-image\"><div class=\"overlay\"><\/div><\/div><\/div><div class=\"gutentor-single-item-content\"><div class=\"grid-container\"><div class=\"slider-caption text-center\"><h3 class=\"gutentor-single-item-title\">La Metropolitana<\/h3><p class=\"gutentor-single-item-desc\"><\/p><\/div><\/div><\/div><\/div><\/div><\/div><\/div><\/div><\/section>\n\n\n\n<section id=\"section-43e3e361-e70e-43ee-b81f-d8a049d1c0a0\" class=\"wp-block-gutentor-advanced-columns gutentor-section gutentor-advanced-columns\"><div class=\"grid-container\"><div class=\"grid-row\">\n<section id=\"section-7ea5bf66-035b-44ee-a6d7-a1d9f64b53ce\" class=\"wp-block-gutentor-single-column gutentor-single-column  grid-lg-4 grid-md-12 grid-12\">\n<section id=\"section-110b2815-2307-4d71-ba21-ffe5c5dcfb87\" class=\"wp-block-gutentor-content-box gutentor-section gutentor-content-box-wrapper content-template1\"><div class=\"grid-container\"><div class=\"gutentor-block-header\"><div class=\"gutentor-section-title text-left\"><h2 class=\"gutentor-title\"><\/h2><\/div><\/div><div class=\"grid-row gutentor-grid-item-wrap\"><div class=\"gutentor-grid-column grid-lg-12 grid-md-12 grid-12\"><div class=\"gutentor-single-item gutentor-single-item-0\"><div class=\"gutentor-single-item-wrap\"><div class=\"gutentor-single-item-content\"><h3 class=\"gutentor-single-item-title\">La Metropolitana<\/h3><\/div><\/div><\/div><\/div><\/div><\/div><\/section>\n\n\n\n<p><\/p>\n<\/section>\n\n\n\n<section id=\"section-fb52dd70-20d2-43a6-bad7-b18ddd7e78d4\" class=\"wp-block-gutentor-single-column gutentor-single-column  grid-lg-8 grid-md-12 grid-12\">\n<section id=\"section-b121f493-c7d2-4b6f-9f1e-a2da85f20f6f\" class=\"wp-block-gutentor-content-box gutentor-section gutentor-content-box-wrapper content-template1\"><div class=\"grid-container\"><div class=\"grid-row gutentor-grid-item-wrap\"><div class=\"gutentor-grid-column grid-lg-12 grid-md-12 grid-12\"><div class=\"gutentor-single-item gutentor-single-item-0\"><div class=\"gutentor-single-item-wrap\"><div class=\"gutentor-single-item-content\"><p class=\"gutentor-single-item-desc\">La Metropolitana es una organizaci\u00f3n enfocada en la generaci\u00f3n de soluciones por medio de la creatividad y el dise\u00f1o. Fundada en el a\u00f1o de 2008 en la Ciudad de M\u00e9xico, a lo largo de los a\u00f1os ha enfocado su b\u00fasqueda en el desarrollo de habilidades creativas y productivas que le han permitido abordar proyectos de distintas escalas, desde obras p\u00fablicas como museos y plazas, restaurantes y escenograf\u00edas teatrales as\u00ed como accesorios, gr\u00e1fica y mobiliario siendo esta rama de su pr\u00e1ctica, uno de sus intereses principales.<br><br>Con un equipo conformado por 60 profesionales se ha consolidado como una fuente generadora de progreso, cultura constructiva y econom\u00eda a trav\u00e9s de la fabricaci\u00f3n y el dise\u00f1o de mobiliario del alta calidad por medio de procesos que vinculan t\u00e9cnicas artesanales y mano de obra altamente calificada con tecnolog\u00eda de vanguardia.<br><br>Dentro de su exploraci\u00f3n creativa, el aprovechamiento y comprensi\u00f3n de la madera como materia prima principal, as\u00ed como las t\u00e9cnicas inherentes para la transformaci\u00f3n eficiente de la misma, son el hilo conductor que distinguen a su trabajo.<br><\/p><\/div><\/div><\/div><\/div><\/div><\/div><\/section>\n<\/section>\n<\/div><\/div><\/section>\n\n\n\n<section id=\"section-4dd5fbae-d98e-4a85-a96f-a07c97723961\" class=\"wp-block-gutentor-image-slider gutentor-section gutentor-image-slider imageSlider-template1\"><div class=\"gutentor-grid-item-wrap\"><div class=\"gutentor-slider-wrapper\" data-dots=\"true\" data-arrows=\"true\" data-infinite=\"true\" data-nextarrow=\"fas fa-angle-right\" data-prevarrow=\"fas fa-angle-left\" data-autoplay=\"true\" data-autoplayspeed=\"4999\" data-fade=\"false\" data-speed=\"500\"><div class=\"gutentor-slider-item\"><div class=\"gutentor-single-item gutentor-single-item-0\"><div class=\"gutentor-single-item-wrap\"><div class=\"gutentor-single-item-image-box\"><div class=\"gutentor-bg-image\"><div class=\"overlay\"><\/div><\/div><\/div><div class=\"gutentor-single-item-content\"><div class=\"grid-container\"><div class=\"slider-caption text-center\"><h3 class=\"gutentor-single-item-title\"><\/h3><p class=\"gutentor-single-item-desc\"><\/p><\/div><\/div><\/div><\/div><\/div><\/div><div class=\"gutentor-slider-item\"><div class=\"gutentor-single-item gutentor-single-item-1\"><div class=\"gutentor-single-item-wrap\"><div class=\"gutentor-single-item-image-box\"><div class=\"gutentor-bg-image\"><div class=\"overlay\"><\/div><\/div><\/div><div class=\"gutentor-single-item-content\"><div class=\"grid-container\"><div class=\"slider-caption text-center\"><h3 class=\"gutentor-single-item-title\"><\/h3><p class=\"gutentor-single-item-desc\"><\/p><\/div><\/div><\/div><\/div><\/div><\/div><div class=\"gutentor-slider-item\"><div class=\"gutentor-single-item gutentor-single-item-2\"><div class=\"gutentor-single-item-wrap\"><div class=\"gutentor-single-item-image-box\"><div class=\"gutentor-bg-image\"><div class=\"overlay\"><\/div><\/div><\/div><div class=\"gutentor-single-item-content\"><div class=\"grid-container\"><div class=\"slider-caption text-center\"><h3 class=\"gutentor-single-item-title\"><\/h3><p class=\"gutentor-single-item-desc\"><\/p><\/div><\/div><\/div><\/div><\/div><\/div><\/div><\/div><\/section>","protected":false},"excerpt":{"rendered":"","protected":false},"author":1,"featured_media":0,"parent":0,"menu_order":0,"comment_status":"closed","ping_status":"closed","template":"","meta":{"footnotes":""},"class_list":["post-375","page","type-page","status-publish","hentry"],"aioseo_notices":[],"yoast_head":"<!-- This site is optimized with the Yoast SEO plugin v22.5 - https:\/\/yoast.com\/wordpress\/plugins\/seo\/ -->\n<title>La Metropolitana - Arde Gallery<\/title>\n<meta name=\"description\" content=\"La metropolitana es una organizaci\u00f3n enfocada en generar soluciones a trav\u00e9s de la creatividad y dise\u00f1o. fundada en la Ciudad de M\u00e9xico en 2008. Cuentan con un equipo de 60 profesionales que colaboran para crrear mobiliario de gran calidad .\" \/>\n<meta name=\"robots\" content=\"index, follow, max-snippet:-1, max-image-preview:large, max-video-preview:-1\" \/>\n<link rel=\"canonical\" href=\"https:\/\/ardegallery.com\/es\/la-metropolitana\/\" \/>\n<meta property=\"og:locale\" content=\"es_MX\" \/>\n<meta property=\"og:type\" content=\"article\" \/>\n<meta property=\"og:title\" content=\"La Metropolitana - Arde Gallery\" \/>\n<meta property=\"og:description\" content=\"La metropolitana es una organizaci\u00f3n enfocada en generar soluciones a trav\u00e9s de la creatividad y dise\u00f1o. fundada en la Ciudad de M\u00e9xico en 2008. Cuentan con un equipo de 60 profesionales que colaboran para crrear mobiliario de gran calidad .\" \/>\n<meta property=\"og:url\" content=\"https:\/\/ardegallery.com\/es\/la-metropolitana\/\" \/>\n<meta property=\"og:site_name\" content=\"Arde Gallery\" \/>\n<meta property=\"article:modified_time\" content=\"2024-05-30T19:23:41+00:00\" \/>\n<meta name=\"twitter:card\" content=\"summary_large_image\" \/>\n<meta name=\"twitter:label1\" content=\"Tiempo de lectura\" \/>\n\t<meta name=\"twitter:data1\" content=\"1 minuto\" \/>\n<script type=\"application\/ld+json\" class=\"yoast-schema-graph\">{\"@context\":\"https:\/\/schema.org\",\"@graph\":[{\"@type\":\"WebPage\",\"@id\":\"https:\/\/ardegallery.com\/la-metropolitana\/\",\"url\":\"https:\/\/ardegallery.com\/la-metropolitana\/\",\"name\":\"La Metropolitana - Arde Gallery\",\"isPartOf\":{\"@id\":\"https:\/\/ardegallery.com\/#website\"},\"datePublished\":\"2022-08-09T14:33:22+00:00\",\"dateModified\":\"2024-05-30T19:23:41+00:00\",\"description\":\"La metropolitana es una organizaci\u00f3n enfocada en generar soluciones a trav\u00e9s de la creatividad y dise\u00f1o. fundada en la Ciudad de M\u00e9xico en 2008. Cuentan con un equipo de 60 profesionales que colaboran para crrear mobiliario de gran calidad .\",\"breadcrumb\":{\"@id\":\"https:\/\/ardegallery.com\/la-metropolitana\/#breadcrumb\"},\"inLanguage\":\"es\",\"potentialAction\":[{\"@type\":\"ReadAction\",\"target\":[\"https:\/\/ardegallery.com\/la-metropolitana\/\"]}]},{\"@type\":\"BreadcrumbList\",\"@id\":\"https:\/\/ardegallery.com\/la-metropolitana\/#breadcrumb\",\"itemListElement\":[{\"@type\":\"ListItem\",\"position\":1,\"name\":\"Portada\",\"item\":\"https:\/\/ardegallery.com\/\"},{\"@type\":\"ListItem\",\"position\":2,\"name\":\"La Metropolitana\"}]},{\"@type\":\"WebSite\",\"@id\":\"https:\/\/ardegallery.com\/#website\",\"url\":\"https:\/\/ardegallery.com\/\",\"name\":\"Arde Gallery\",\"description\":\"\",\"publisher\":{\"@id\":\"https:\/\/ardegallery.com\/#organization\"},\"potentialAction\":[{\"@type\":\"SearchAction\",\"target\":{\"@type\":\"EntryPoint\",\"urlTemplate\":\"https:\/\/ardegallery.com\/?s={search_term_string}\"},\"query-input\":\"required name=search_term_string\"}],\"inLanguage\":\"es\"},{\"@type\":\"Organization\",\"@id\":\"https:\/\/ardegallery.com\/#organization\",\"name\":\"Arde Gallery\",\"url\":\"https:\/\/ardegallery.com\/\",\"logo\":{\"@type\":\"ImageObject\",\"inLanguage\":\"es\",\"@id\":\"https:\/\/ardegallery.com\/#\/schema\/logo\/image\/\",\"url\":\"https:\/\/ardegallery.com\/wp-content\/uploads\/2022\/08\/cropped-logoheader-1.png\",\"contentUrl\":\"https:\/\/ardegallery.com\/wp-content\/uploads\/2022\/08\/cropped-logoheader-1.png\",\"width\":1280,\"height\":720,\"caption\":\"Arde Gallery\"},\"image\":{\"@id\":\"https:\/\/ardegallery.com\/#\/schema\/logo\/image\/\"},\"sameAs\":[\"https:\/\/www.instagram.com\/arde_gallery\/\"]}]}<\/script>\n<!-- \/ Yoast SEO plugin. -->","yoast_head_json":{"title":"La Metropolitana - Arde Gallery","description":"La metropolitana es una organizaci\u00f3n enfocada en generar soluciones a trav\u00e9s de la creatividad y dise\u00f1o. fundada en la Ciudad de M\u00e9xico en 2008. Cuentan con un equipo de 60 profesionales que colaboran para crrear mobiliario de gran calidad .","robots":{"index":"index","follow":"follow","max-snippet":"max-snippet:-1","max-image-preview":"max-image-preview:large","max-video-preview":"max-video-preview:-1"},"canonical":"https:\/\/ardegallery.com\/es\/la-metropolitana\/","og_locale":"es_MX","og_type":"article","og_title":"La Metropolitana - Arde Gallery","og_description":"La metropolitana es una organizaci\u00f3n enfocada en generar soluciones a trav\u00e9s de la creatividad y dise\u00f1o. fundada en la Ciudad de M\u00e9xico en 2008. Cuentan con un equipo de 60 profesionales que colaboran para crrear mobiliario de gran calidad .","og_url":"https:\/\/ardegallery.com\/es\/la-metropolitana\/","og_site_name":"Arde Gallery","article_modified_time":"2024-05-30T19:23:41+00:00","twitter_card":"summary_large_image","twitter_misc":{"Tiempo de lectura":"1 minuto"},"schema":{"@context":"https:\/\/schema.org","@graph":[{"@type":"WebPage","@id":"https:\/\/ardegallery.com\/la-metropolitana\/","url":"https:\/\/ardegallery.com\/la-metropolitana\/","name":"La Metropolitana - Arde Gallery","isPartOf":{"@id":"https:\/\/ardegallery.com\/#website"},"datePublished":"2022-08-09T14:33:22+00:00","dateModified":"2024-05-30T19:23:41+00:00","description":"La metropolitana es una organizaci\u00f3n enfocada en generar soluciones a trav\u00e9s de la creatividad y dise\u00f1o. fundada en la Ciudad de M\u00e9xico en 2008. Cuentan con un equipo de 60 profesionales que colaboran para crrear mobiliario de gran calidad .","breadcrumb":{"@id":"https:\/\/ardegallery.com\/la-metropolitana\/#breadcrumb"},"inLanguage":"es","potentialAction":[{"@type":"ReadAction","target":["https:\/\/ardegallery.com\/la-metropolitana\/"]}]},{"@type":"BreadcrumbList","@id":"https:\/\/ardegallery.com\/la-metropolitana\/#breadcrumb","itemListElement":[{"@type":"ListItem","position":1,"name":"Portada","item":"https:\/\/ardegallery.com\/"},{"@type":"ListItem","position":2,"name":"La Metropolitana"}]},{"@type":"WebSite","@id":"https:\/\/ardegallery.com\/#website","url":"https:\/\/ardegallery.com\/","name":"Arde Gallery","description":"","publisher":{"@id":"https:\/\/ardegallery.com\/#organization"},"potentialAction":[{"@type":"SearchAction","target":{"@type":"EntryPoint","urlTemplate":"https:\/\/ardegallery.com\/?s={search_term_string}"},"query-input":"required name=search_term_string"}],"inLanguage":"es"},{"@type":"Organization","@id":"https:\/\/ardegallery.com\/#organization","name":"Arde Gallery","url":"https:\/\/ardegallery.com\/","logo":{"@type":"ImageObject","inLanguage":"es","@id":"https:\/\/ardegallery.com\/#\/schema\/logo\/image\/","url":"https:\/\/ardegallery.com\/wp-content\/uploads\/2022\/08\/cropped-logoheader-1.png","contentUrl":"https:\/\/ardegallery.com\/wp-content\/uploads\/2022\/08\/cropped-logoheader-1.png","width":1280,"height":720,"caption":"Arde Gallery"},"image":{"@id":"https:\/\/ardegallery.com\/#\/schema\/logo\/image\/"},"sameAs":["https:\/\/www.instagram.com\/arde_gallery\/"]}]}},"_links":{"self":[{"href":"https:\/\/ardegallery.com\/es\/wp-json\/wp\/v2\/pages\/375","targetHints":{"allow":["GET"]}}],"collection":[{"href":"https:\/\/ardegallery.com\/es\/wp-json\/wp\/v2\/pages"}],"about":[{"href":"https:\/\/ardegallery.com\/es\/wp-json\/wp\/v2\/types\/page"}],"author":[{"embeddable":true,"href":"https:\/\/ardegallery.com\/es\/wp-json\/wp\/v2\/users\/1"}],"replies":[{"embeddable":true,"href":"https:\/\/ardegallery.com\/es\/wp-json\/wp\/v2\/comments?post=375"}],"version-history":[{"count":8,"href":"https:\/\/ardegallery.com\/es\/wp-json\/wp\/v2\/pages\/375\/revisions"}],"predecessor-version":[{"id":1778,"href":"https:\/\/ardegallery.com\/es\/wp-json\/wp\/v2\/pages\/375\/revisions\/1778"}],"wp:attachment":[{"href":"https:\/\/ardegallery.com\/es\/wp-json\/wp\/v2\/media?parent=375"}],"curies":[{"name":"wp","href":"https:\/\/api.w.org\/{rel}","templated":true}]}}