{"id":371,"date":"2022-08-09T13:51:29","date_gmt":"2022-08-09T13:51:29","guid":{"rendered":"https:\/\/ardegallery.com\/?page_id=371"},"modified":"2025-07-03T22:32:25","modified_gmt":"2025-07-03T22:32:25","slug":"hector-falcon","status":"publish","type":"page","link":"https:\/\/ardegallery.com\/es\/hector-falcon\/","title":{"rendered":"Hector Falc\u00f3n"},"content":{"rendered":"<section id=\"section-3de25c6e-b36a-4234-a7be-6bfe1210881e\" class=\"wp-block-gutentor-image-slider gutentor-section gutentor-image-slider imageSlider-template1\"><div class=\"gutentor-grid-item-wrap\"><div class=\"gutentor-slider-wrapper\" data-dots=\"true\" data-arrows=\"true\" data-infinite=\"false\" data-nextarrow=\"fas fa-angle-right\" data-prevarrow=\"fas fa-angle-left\" data-autoplay=\"true\" data-autoplayspeed=\"7000\" data-fade=\"false\" data-speed=\"900\"><div class=\"gutentor-slider-item\"><div class=\"gutentor-single-item gutentor-single-item-0\"><div class=\"gutentor-single-item-wrap\"><div class=\"gutentor-single-item-image-box\"><div class=\"gutentor-bg-image\"><div class=\"overlay\"><\/div><\/div><\/div><div class=\"gutentor-single-item-content\"><div class=\"grid-container\"><div class=\"slider-caption text-center\"><h3 class=\"gutentor-single-item-title\">H\u00e9ctor Falc\u00f3n<\/h3><p class=\"gutentor-single-item-desc\"><\/p><\/div><\/div><\/div><\/div><\/div><\/div><\/div><\/div><\/section>\n\n\n\n<section id=\"section-35596e9f-1a55-481c-a232-90eb703a7da2\" class=\"wp-block-gutentor-advanced-columns gutentor-section gutentor-advanced-columns\"><div class=\"grid-container\"><div class=\"grid-row\">\n<section id=\"section-9ef24b78-4a4a-4445-a4ee-159a2e05dbf4\" class=\"wp-block-gutentor-single-column gutentor-single-column  grid-lg-4 grid-md-12 grid-12\">\n<section id=\"section-356d92e3-8740-437f-9e7b-d7f6c1a57eea\" class=\"wp-block-gutentor-content-box gutentor-section gutentor-content-box-wrapper content-template1\"><div class=\"grid-container\"><div class=\"gutentor-block-header\"><div class=\"gutentor-section-title text-left\"><h2 class=\"gutentor-title\">Ciudad de m\u00e9xico, 1973<\/h2><\/div><\/div><div class=\"grid-row gutentor-grid-item-wrap\"><div class=\"gutentor-grid-column grid-lg-12 grid-md-12 grid-12\"><div class=\"gutentor-single-item gutentor-single-item-0\"><div class=\"gutentor-single-item-wrap\"><div class=\"gutentor-single-item-content\"><h3 class=\"gutentor-single-item-title\">H\u00e9ctor Falc\u00f3n<\/h3><\/div><\/div><\/div><\/div><\/div><\/div><\/section>\n\n\n\n<p><\/p>\n<\/section>\n\n\n\n<section id=\"section-ef0a37db-3b50-4d09-888b-3da66f40c4ce\" class=\"wp-block-gutentor-single-column gutentor-single-column  grid-lg-8 grid-md-12 grid-12\">\n<section id=\"section-c731c48c-5504-4f7e-b6d0-4440efc0b2ad\" class=\"wp-block-gutentor-content-box gutentor-section gutentor-content-box-wrapper content-template1\"><div class=\"grid-container\"><div class=\"grid-row gutentor-grid-item-wrap\"><div class=\"gutentor-grid-column grid-lg-12 grid-md-12 grid-12\"><div class=\"gutentor-single-item gutentor-single-item-0\"><div class=\"gutentor-single-item-wrap\"><div class=\"gutentor-single-item-content\"><p class=\"gutentor-single-item-desc\">Su trabajo art\u00edstico se desarrolla en distintos medios y soportes desde pintura, escultura, fotograf\u00eda, video e instalaci\u00f3n.<br><br>Egresado en Artes Visuales en la Escuela Nacional de Pintura, Escultura y Grabado \u201cLa Esmeralda\u201d (ENPEG) del Instituto Nacional de Bellas Artes (INBA). Estudi\u00f3 en la Universidad de Arte y Dise\u00f1o de Kioto en Jap\u00f3n y ha realizado m\u00e1s de veinte exposiciones individuales y cien colectivas. Su obra ha sido presentada en M\u00e9xico en espacios como el Museo de Arte Moderno, el Museo de Arte Carrillo Gil, Museo de la Ciudad de M\u00e9xico, Museo Tamayo, Laboratorio de Arte Alameda; en el Museo Guggenheim en Nueva York, el Palais de Tokyo en Par\u00eds, el Sapporo Modern Art Museum en Hokkaido; en bienales y en ferias de arte como Frieze, The Armory Show, Art Basel, Art Chicago, Kunstart, Arco y Volta y Zona Maco. Fue promotor del arte mexicano a trav\u00e9s de la conceptualizaci\u00f3n y direcci\u00f3n del MexArt Fest, festival que presenta en Jap\u00f3n las propuestas art\u00edsticas m\u00e1s relevantes del arte contempor\u00e1neo y fundador de Central Art Proyects.<\/p><\/div><\/div><\/div><\/div><\/div><\/div><\/section>\n<\/section>\n<\/div><\/div><\/section>\n\n\n\n<section id=\"section-b0359c29-5000-4841-b71d-bb08967a16da\" class=\"wp-block-gutentor-image-slider gutentor-section gutentor-image-slider imageSlider-template1\"><div class=\"gutentor-grid-item-wrap\"><div class=\"gutentor-slider-wrapper\" data-dots=\"true\" data-arrows=\"true\" data-infinite=\"true\" data-nextarrow=\"fas fa-angle-right\" data-prevarrow=\"fas fa-angle-left\" data-autoplay=\"true\" data-autoplayspeed=\"4999\" data-fade=\"false\" data-speed=\"500\"><div class=\"gutentor-slider-item\"><div class=\"gutentor-single-item gutentor-single-item-0\"><div class=\"gutentor-single-item-wrap\"><div class=\"gutentor-single-item-image-box\"><div class=\"gutentor-image-thumb\"><img decoding=\"async\" class=\"normal-image\" src=\"https:\/\/ardegallery.com\/wp-content\/uploads\/2024\/05\/Falcon-3.png\" alt=\"\" height=\"1214\" width=\"1210\"\/><div class=\"overlay\"><\/div><\/div><\/div><div class=\"gutentor-single-item-content\"><div class=\"grid-container\"><div class=\"slider-caption text-center\"><h3 class=\"gutentor-single-item-title\"><\/h3><p class=\"gutentor-single-item-desc\"><\/p><\/div><\/div><\/div><\/div><\/div><\/div><div class=\"gutentor-slider-item\"><div class=\"gutentor-single-item gutentor-single-item-1\"><div class=\"gutentor-single-item-wrap\"><div class=\"gutentor-single-item-image-box\"><div class=\"gutentor-image-thumb\"><img decoding=\"async\" class=\"normal-image\" src=\"https:\/\/ardegallery.com\/wp-content\/uploads\/2024\/05\/Falcon-2.png\" alt=\"\" height=\"1276\" width=\"1264\"\/><div class=\"overlay\"><\/div><\/div><\/div><div class=\"gutentor-single-item-content\"><div class=\"grid-container\"><div class=\"slider-caption text-center\"><h3 class=\"gutentor-single-item-title\"><\/h3><p class=\"gutentor-single-item-desc\"><\/p><\/div><\/div><\/div><\/div><\/div><\/div><div class=\"gutentor-slider-item\"><div class=\"gutentor-single-item gutentor-single-item-2\"><div class=\"gutentor-single-item-wrap\"><div class=\"gutentor-single-item-image-box\"><div class=\"gutentor-image-thumb\"><img decoding=\"async\" class=\"normal-image\" src=\"https:\/\/ardegallery.com\/wp-content\/uploads\/2024\/05\/Falcon-7.png\" alt=\"\" height=\"1128\" width=\"1056\"\/><div class=\"overlay\"><\/div><\/div><\/div><div class=\"gutentor-single-item-content\"><div class=\"grid-container\"><div class=\"slider-caption text-center\"><h3 class=\"gutentor-single-item-title\"><\/h3><p class=\"gutentor-single-item-desc\"><\/p><\/div><\/div><\/div><\/div><\/div><\/div><div class=\"gutentor-slider-item\"><div class=\"gutentor-single-item gutentor-single-item-3\"><div class=\"gutentor-single-item-wrap\"><div class=\"gutentor-single-item-image-box\"><div class=\"gutentor-image-thumb\"><img decoding=\"async\" class=\"normal-image\" src=\"https:\/\/ardegallery.com\/wp-content\/uploads\/2024\/05\/Falcon-5.png\" alt=\"\" height=\"636\" width=\"646\"\/><div class=\"overlay\"><\/div><\/div><\/div><div class=\"gutentor-single-item-content\"><div class=\"grid-container\"><div class=\"slider-caption text-center\"><h3 class=\"gutentor-single-item-title\"><\/h3><p class=\"gutentor-single-item-desc\"><\/p><\/div><\/div><\/div><\/div><\/div><\/div><div class=\"gutentor-slider-item\"><div class=\"gutentor-single-item gutentor-single-item-4\"><div class=\"gutentor-single-item-wrap\"><div class=\"gutentor-single-item-image-box\"><div class=\"gutentor-image-thumb\"><img decoding=\"async\" class=\"normal-image\" src=\"https:\/\/ardegallery.com\/wp-content\/uploads\/2024\/05\/Falcon-8.png\" alt=\"\" height=\"788\" width=\"1076\"\/><div class=\"overlay\"><\/div><\/div><\/div><div class=\"gutentor-single-item-content\"><div class=\"grid-container\"><div class=\"slider-caption text-center\"><h3 class=\"gutentor-single-item-title\"><\/h3><p class=\"gutentor-single-item-desc\"><\/p><\/div><\/div><\/div><\/div><\/div><\/div><div class=\"gutentor-slider-item\"><div class=\"gutentor-single-item gutentor-single-item-5\"><div class=\"gutentor-single-item-wrap\"><div class=\"gutentor-single-item-image-box\"><div class=\"gutentor-image-thumb\"><img decoding=\"async\" class=\"normal-image\" src=\"https:\/\/ardegallery.com\/wp-content\/uploads\/2024\/05\/Falcon-10.png\" alt=\"\" height=\"852\" width=\"1006\"\/><div class=\"overlay\"><\/div><\/div><\/div><div class=\"gutentor-single-item-content\"><div class=\"grid-container\"><div class=\"slider-caption text-center\"><h3 class=\"gutentor-single-item-title\"><\/h3><p class=\"gutentor-single-item-desc\"><\/p><\/div><\/div><\/div><\/div><\/div><\/div><div class=\"gutentor-slider-item\"><div class=\"gutentor-single-item gutentor-single-item-6\"><div class=\"gutentor-single-item-wrap\"><div class=\"gutentor-single-item-image-box\"><div class=\"gutentor-image-thumb\"><img decoding=\"async\" class=\"normal-image\" src=\"https:\/\/ardegallery.com\/wp-content\/uploads\/2024\/05\/Falcon-11.png\" alt=\"\" height=\"1486\" width=\"986\"\/><div class=\"overlay\"><\/div><\/div><\/div><div class=\"gutentor-single-item-content\"><div class=\"grid-container\"><div class=\"slider-caption text-center\"><h3 class=\"gutentor-single-item-title\"><\/h3><p class=\"gutentor-single-item-desc\"><\/p><\/div><\/div><\/div><\/div><\/div><\/div><div class=\"gutentor-slider-item\"><div class=\"gutentor-single-item gutentor-single-item-7\"><div class=\"gutentor-single-item-wrap\"><div class=\"gutentor-single-item-image-box\"><div class=\"gutentor-image-thumb\"><img decoding=\"async\" class=\"normal-image\" src=\"https:\/\/ardegallery.com\/wp-content\/uploads\/2025\/07\/3b23a365-897a-4231-87ef-d58b464416cf.jpeg\" alt=\"\" height=\"1273\" width=\"1280\"\/><div class=\"overlay\"><\/div><\/div><\/div><div class=\"gutentor-single-item-content\"><div class=\"grid-container\"><div class=\"slider-caption text-center\"><h3 class=\"gutentor-single-item-title\"><\/h3><p class=\"gutentor-single-item-desc\"><\/p><\/div><\/div><\/div><\/div><\/div><\/div><div class=\"gutentor-slider-item\"><div class=\"gutentor-single-item gutentor-single-item-8\"><div class=\"gutentor-single-item-wrap\"><div class=\"gutentor-single-item-image-box\"><div class=\"gutentor-image-thumb\"><img decoding=\"async\" class=\"normal-image\" src=\"https:\/\/ardegallery.com\/wp-content\/uploads\/2024\/05\/Falcon-9.png\" alt=\"\" height=\"880\" width=\"1074\"\/><div class=\"overlay\"><\/div><\/div><\/div><div class=\"gutentor-single-item-content\"><div class=\"grid-container\"><div class=\"slider-caption text-center\"><h3 class=\"gutentor-single-item-title\"><\/h3><p class=\"gutentor-single-item-desc\"><\/p><\/div><\/div><\/div><\/div><\/div><\/div><\/div><\/div><\/section>\n\n\n\n<div class=\"wp-block-group is-nowrap is-layout-flex wp-container-core-group-is-layout-ad2f72ca wp-block-group-is-layout-flex\"><\/div>","protected":false},"excerpt":{"rendered":"","protected":false},"author":1,"featured_media":0,"parent":0,"menu_order":0,"comment_status":"closed","ping_status":"closed","template":"","meta":{"footnotes":""},"class_list":["post-371","page","type-page","status-publish","hentry"],"aioseo_notices":[],"yoast_head":"<!-- This site is optimized with the Yoast SEO plugin v22.5 - https:\/\/yoast.com\/wordpress\/plugins\/seo\/ -->\n<title>Hector Falc\u00f3n - Arde Gallery<\/title>\n<meta name=\"robots\" content=\"index, follow, max-snippet:-1, max-image-preview:large, max-video-preview:-1\" \/>\n<link rel=\"canonical\" href=\"https:\/\/ardegallery.com\/es\/hector-falcon\/\" \/>\n<meta property=\"og:locale\" content=\"es_MX\" \/>\n<meta property=\"og:type\" content=\"article\" \/>\n<meta property=\"og:title\" content=\"Hector Falc\u00f3n - Arde Gallery\" \/>\n<meta property=\"og:url\" content=\"https:\/\/ardegallery.com\/es\/hector-falcon\/\" \/>\n<meta property=\"og:site_name\" content=\"Arde Gallery\" \/>\n<meta property=\"article:modified_time\" content=\"2025-07-03T22:32:25+00:00\" \/>\n<meta property=\"og:image\" content=\"https:\/\/ardegallery.com\/wp-content\/uploads\/2024\/05\/Falcon-3.png\" \/>\n<meta name=\"twitter:card\" content=\"summary_large_image\" \/>\n<meta name=\"twitter:label1\" content=\"Tiempo de lectura\" \/>\n\t<meta name=\"twitter:data1\" content=\"3 minutos\" \/>\n<script type=\"application\/ld+json\" class=\"yoast-schema-graph\">{\"@context\":\"https:\/\/schema.org\",\"@graph\":[{\"@type\":\"WebPage\",\"@id\":\"https:\/\/ardegallery.com\/hector-falcon\/\",\"url\":\"https:\/\/ardegallery.com\/hector-falcon\/\",\"name\":\"Hector Falc\u00f3n - Arde Gallery\",\"isPartOf\":{\"@id\":\"https:\/\/ardegallery.com\/#website\"},\"primaryImageOfPage\":{\"@id\":\"https:\/\/ardegallery.com\/hector-falcon\/#primaryimage\"},\"image\":{\"@id\":\"https:\/\/ardegallery.com\/hector-falcon\/#primaryimage\"},\"thumbnailUrl\":\"https:\/\/ardegallery.com\/wp-content\/uploads\/2024\/05\/Falcon-3.png\",\"datePublished\":\"2022-08-09T13:51:29+00:00\",\"dateModified\":\"2025-07-03T22:32:25+00:00\",\"breadcrumb\":{\"@id\":\"https:\/\/ardegallery.com\/hector-falcon\/#breadcrumb\"},\"inLanguage\":\"es\",\"potentialAction\":[{\"@type\":\"ReadAction\",\"target\":[\"https:\/\/ardegallery.com\/hector-falcon\/\"]}]},{\"@type\":\"ImageObject\",\"inLanguage\":\"es\",\"@id\":\"https:\/\/ardegallery.com\/hector-falcon\/#primaryimage\",\"url\":\"https:\/\/ardegallery.com\/wp-content\/uploads\/2024\/05\/Falcon-3.png\",\"contentUrl\":\"https:\/\/ardegallery.com\/wp-content\/uploads\/2024\/05\/Falcon-3.png\"},{\"@type\":\"BreadcrumbList\",\"@id\":\"https:\/\/ardegallery.com\/hector-falcon\/#breadcrumb\",\"itemListElement\":[{\"@type\":\"ListItem\",\"position\":1,\"name\":\"Portada\",\"item\":\"https:\/\/ardegallery.com\/\"},{\"@type\":\"ListItem\",\"position\":2,\"name\":\"Hector Falc\u00f3n\"}]},{\"@type\":\"WebSite\",\"@id\":\"https:\/\/ardegallery.com\/#website\",\"url\":\"https:\/\/ardegallery.com\/\",\"name\":\"Arde Gallery\",\"description\":\"\",\"publisher\":{\"@id\":\"https:\/\/ardegallery.com\/#organization\"},\"potentialAction\":[{\"@type\":\"SearchAction\",\"target\":{\"@type\":\"EntryPoint\",\"urlTemplate\":\"https:\/\/ardegallery.com\/?s={search_term_string}\"},\"query-input\":\"required name=search_term_string\"}],\"inLanguage\":\"es\"},{\"@type\":\"Organization\",\"@id\":\"https:\/\/ardegallery.com\/#organization\",\"name\":\"Arde Gallery\",\"url\":\"https:\/\/ardegallery.com\/\",\"logo\":{\"@type\":\"ImageObject\",\"inLanguage\":\"es\",\"@id\":\"https:\/\/ardegallery.com\/#\/schema\/logo\/image\/\",\"url\":\"https:\/\/ardegallery.com\/wp-content\/uploads\/2022\/08\/cropped-logoheader-1.png\",\"contentUrl\":\"https:\/\/ardegallery.com\/wp-content\/uploads\/2022\/08\/cropped-logoheader-1.png\",\"width\":1280,\"height\":720,\"caption\":\"Arde Gallery\"},\"image\":{\"@id\":\"https:\/\/ardegallery.com\/#\/schema\/logo\/image\/\"},\"sameAs\":[\"https:\/\/www.instagram.com\/arde_gallery\/\"]}]}<\/script>\n<!-- \/ Yoast SEO plugin. -->","yoast_head_json":{"title":"Hector Falc\u00f3n - Arde Gallery","robots":{"index":"index","follow":"follow","max-snippet":"max-snippet:-1","max-image-preview":"max-image-preview:large","max-video-preview":"max-video-preview:-1"},"canonical":"https:\/\/ardegallery.com\/es\/hector-falcon\/","og_locale":"es_MX","og_type":"article","og_title":"Hector Falc\u00f3n - Arde Gallery","og_url":"https:\/\/ardegallery.com\/es\/hector-falcon\/","og_site_name":"Arde Gallery","article_modified_time":"2025-07-03T22:32:25+00:00","og_image":[{"url":"https:\/\/ardegallery.com\/wp-content\/uploads\/2024\/05\/Falcon-3.png"}],"twitter_card":"summary_large_image","twitter_misc":{"Tiempo de lectura":"3 minutos"},"schema":{"@context":"https:\/\/schema.org","@graph":[{"@type":"WebPage","@id":"https:\/\/ardegallery.com\/hector-falcon\/","url":"https:\/\/ardegallery.com\/hector-falcon\/","name":"Hector Falc\u00f3n - Arde Gallery","isPartOf":{"@id":"https:\/\/ardegallery.com\/#website"},"primaryImageOfPage":{"@id":"https:\/\/ardegallery.com\/hector-falcon\/#primaryimage"},"image":{"@id":"https:\/\/ardegallery.com\/hector-falcon\/#primaryimage"},"thumbnailUrl":"https:\/\/ardegallery.com\/wp-content\/uploads\/2024\/05\/Falcon-3.png","datePublished":"2022-08-09T13:51:29+00:00","dateModified":"2025-07-03T22:32:25+00:00","breadcrumb":{"@id":"https:\/\/ardegallery.com\/hector-falcon\/#breadcrumb"},"inLanguage":"es","potentialAction":[{"@type":"ReadAction","target":["https:\/\/ardegallery.com\/hector-falcon\/"]}]},{"@type":"ImageObject","inLanguage":"es","@id":"https:\/\/ardegallery.com\/hector-falcon\/#primaryimage","url":"https:\/\/ardegallery.com\/wp-content\/uploads\/2024\/05\/Falcon-3.png","contentUrl":"https:\/\/ardegallery.com\/wp-content\/uploads\/2024\/05\/Falcon-3.png"},{"@type":"BreadcrumbList","@id":"https:\/\/ardegallery.com\/hector-falcon\/#breadcrumb","itemListElement":[{"@type":"ListItem","position":1,"name":"Portada","item":"https:\/\/ardegallery.com\/"},{"@type":"ListItem","position":2,"name":"Hector Falc\u00f3n"}]},{"@type":"WebSite","@id":"https:\/\/ardegallery.com\/#website","url":"https:\/\/ardegallery.com\/","name":"Arde Gallery","description":"","publisher":{"@id":"https:\/\/ardegallery.com\/#organization"},"potentialAction":[{"@type":"SearchAction","target":{"@type":"EntryPoint","urlTemplate":"https:\/\/ardegallery.com\/?s={search_term_string}"},"query-input":"required name=search_term_string"}],"inLanguage":"es"},{"@type":"Organization","@id":"https:\/\/ardegallery.com\/#organization","name":"Arde Gallery","url":"https:\/\/ardegallery.com\/","logo":{"@type":"ImageObject","inLanguage":"es","@id":"https:\/\/ardegallery.com\/#\/schema\/logo\/image\/","url":"https:\/\/ardegallery.com\/wp-content\/uploads\/2022\/08\/cropped-logoheader-1.png","contentUrl":"https:\/\/ardegallery.com\/wp-content\/uploads\/2022\/08\/cropped-logoheader-1.png","width":1280,"height":720,"caption":"Arde Gallery"},"image":{"@id":"https:\/\/ardegallery.com\/#\/schema\/logo\/image\/"},"sameAs":["https:\/\/www.instagram.com\/arde_gallery\/"]}]}},"_links":{"self":[{"href":"https:\/\/ardegallery.com\/es\/wp-json\/wp\/v2\/pages\/371","targetHints":{"allow":["GET"]}}],"collection":[{"href":"https:\/\/ardegallery.com\/es\/wp-json\/wp\/v2\/pages"}],"about":[{"href":"https:\/\/ardegallery.com\/es\/wp-json\/wp\/v2\/types\/page"}],"author":[{"embeddable":true,"href":"https:\/\/ardegallery.com\/es\/wp-json\/wp\/v2\/users\/1"}],"replies":[{"embeddable":true,"href":"https:\/\/ardegallery.com\/es\/wp-json\/wp\/v2\/comments?post=371"}],"version-history":[{"count":22,"href":"https:\/\/ardegallery.com\/es\/wp-json\/wp\/v2\/pages\/371\/revisions"}],"predecessor-version":[{"id":1935,"href":"https:\/\/ardegallery.com\/es\/wp-json\/wp\/v2\/pages\/371\/revisions\/1935"}],"wp:attachment":[{"href":"https:\/\/ardegallery.com\/es\/wp-json\/wp\/v2\/media?parent=371"}],"curies":[{"name":"wp","href":"https:\/\/api.w.org\/{rel}","templated":true}]}}