{"id":369,"date":"2022-08-09T13:51:21","date_gmt":"2022-08-09T13:51:21","guid":{"rendered":"https:\/\/ardegallery.com\/?page_id=369"},"modified":"2024-05-30T19:34:33","modified_gmt":"2024-05-30T19:34:33","slug":"francisco-esnayra","status":"publish","type":"page","link":"https:\/\/ardegallery.com\/es\/francisco-esnayra\/","title":{"rendered":"Francisco Esnayra"},"content":{"rendered":"<p><\/p>\n\n\n\n<section id=\"section-51f011b8-92ef-4a98-a18e-be5e3ceeaf85\" class=\"wp-block-gutentor-image-slider gutentor-section gutentor-image-slider imageSlider-template1\"><div class=\"gutentor-grid-item-wrap\"><div class=\"gutentor-slider-wrapper\" data-dots=\"true\" data-arrows=\"true\" data-infinite=\"false\" data-nextarrow=\"fas fa-angle-right\" data-prevarrow=\"fas fa-angle-left\" data-autoplay=\"true\" data-autoplayspeed=\"7000\" data-fade=\"false\" data-speed=\"900\"><div class=\"gutentor-slider-item\"><div class=\"gutentor-single-item gutentor-single-item-0\"><div class=\"gutentor-single-item-wrap\"><div class=\"gutentor-single-item-image-box\"><div class=\"gutentor-bg-image\"><div class=\"overlay\"><\/div><\/div><\/div><div class=\"gutentor-single-item-content\"><div class=\"grid-container\"><div class=\"slider-caption text-center\"><h3 class=\"gutentor-single-item-title\">Francisco Esnayra<\/h3><p class=\"gutentor-single-item-desc\"><\/p><\/div><\/div><\/div><\/div><\/div><\/div><\/div><\/div><\/section>\n\n\n\n<section id=\"section-f9acb568-e3f0-49af-957c-551c2bf6a84d\" class=\"wp-block-gutentor-advanced-columns gutentor-section gutentor-advanced-columns\"><div class=\"grid-container\"><div class=\"grid-row\">\n<section id=\"section-4ec4d8fb-f5a9-4c90-a96c-024dcba83c3b\" class=\"wp-block-gutentor-single-column gutentor-single-column  grid-lg-4 grid-md-12 grid-12\">\n<section id=\"section-fb3c9124-55c0-4632-8ef2-79355c5d17a1\" class=\"wp-block-gutentor-content-box gutentor-section gutentor-content-box-wrapper content-template1\"><div class=\"grid-container\"><div class=\"gutentor-block-header\"><div class=\"gutentor-section-title text-left\"><h2 class=\"gutentor-title\">Chihuahua, m\u00e9xico, 1985<\/h2><\/div><\/div><div class=\"grid-row gutentor-grid-item-wrap\"><div class=\"gutentor-grid-column grid-lg-12 grid-md-12 grid-12\"><div class=\"gutentor-single-item gutentor-single-item-0\"><div class=\"gutentor-single-item-wrap\"><div class=\"gutentor-single-item-content\"><h3 class=\"gutentor-single-item-title\">Francisco Esnayra<\/h3><\/div><\/div><\/div><\/div><\/div><\/div><\/section>\n\n\n\n<p><\/p>\n<\/section>\n\n\n\n<section id=\"section-2f785cb5-09e2-46df-8ca3-bfcb97dd6aa0\" class=\"wp-block-gutentor-single-column gutentor-single-column  grid-lg-8 grid-md-12 grid-12\">\n<section id=\"section-1a3c86d4-30e3-4f2a-940d-e74a51381862\" class=\"wp-block-gutentor-content-box gutentor-section gutentor-content-box-wrapper content-template1\"><div class=\"grid-container\"><div class=\"grid-row gutentor-grid-item-wrap\"><div class=\"gutentor-grid-column grid-lg-12 grid-md-12 grid-12\"><div class=\"gutentor-single-item gutentor-single-item-0\"><div class=\"gutentor-single-item-wrap\"><div class=\"gutentor-single-item-content\"><p class=\"gutentor-single-item-desc\">Sensibilizado por el car\u00e1cter emotivo y revelador de la cara, ahonda en torno a su personalidad probando diferentes facetas psicol\u00f3gicas y ps\u00edquicas. Explora con las sensaciones, se toma la libertad de jugar con estados alterados de la consciencia en aras de reflexionar sobre la condici\u00f3n humana a trav\u00e9s de la expresi\u00f3n.<br><br>Estudi\u00f3 licenciatura en Artes Pl\u00e1sticas en la Universidad Aut\u00f3noma de Chihuahua (2005-2010), Artes Visuales en la Escuela Nacional de Artes Pl\u00e1sticas (ENAP) de la Universidad Aut\u00f3noma de M\u00e9xico (UNAM) en 2009. Adem\u00e1s, asisti\u00f3 al Rome Sculpture Workshop de la Washington University Rome Center de Roma, Italia.<br><\/p><\/div><\/div><\/div><\/div><\/div><\/div><\/section>\n<\/section>\n<\/div><\/div><\/section>\n\n\n\n<section id=\"section-2ba81fbe-ab7b-453e-b76b-1c79c0d2dac6\" class=\"wp-block-gutentor-image-slider gutentor-section gutentor-image-slider imageSlider-template1\"><div class=\"gutentor-grid-item-wrap\"><div class=\"gutentor-slider-wrapper\" data-dots=\"true\" data-arrows=\"true\" data-infinite=\"true\" data-nextarrow=\"fas fa-angle-right\" data-prevarrow=\"fas fa-angle-left\" data-autoplay=\"true\" data-autoplayspeed=\"4999\" data-fade=\"false\" data-speed=\"500\"><div class=\"gutentor-slider-item\"><div class=\"gutentor-single-item gutentor-single-item-0\"><div class=\"gutentor-single-item-wrap\"><div class=\"gutentor-single-item-image-box\"><div class=\"gutentor-bg-image\"><div class=\"overlay\"><\/div><\/div><\/div><div class=\"gutentor-single-item-content\"><div class=\"grid-container\"><div class=\"slider-caption text-center\"><\/div><\/div><\/div><\/div><\/div><\/div><div class=\"gutentor-slider-item\"><div class=\"gutentor-single-item gutentor-single-item-1\"><div class=\"gutentor-single-item-wrap\"><div class=\"gutentor-single-item-image-box\"><div class=\"gutentor-bg-image\"><div class=\"overlay\"><\/div><\/div><\/div><div class=\"gutentor-single-item-content\"><div class=\"grid-container\"><div class=\"slider-caption text-center\"><\/div><\/div><\/div><\/div><\/div><\/div><div class=\"gutentor-slider-item\"><div class=\"gutentor-single-item gutentor-single-item-2\"><div class=\"gutentor-single-item-wrap\"><div class=\"gutentor-single-item-image-box\"><div class=\"gutentor-bg-image\"><div class=\"overlay\"><\/div><\/div><\/div><div class=\"gutentor-single-item-content\"><div class=\"grid-container\"><div class=\"slider-caption text-center\"><\/div><\/div><\/div><\/div><\/div><\/div><div class=\"gutentor-slider-item\"><div class=\"gutentor-single-item gutentor-single-item-3\"><div class=\"gutentor-single-item-wrap\"><div class=\"gutentor-single-item-image-box\"><div class=\"gutentor-bg-image\"><div class=\"overlay\"><\/div><\/div><\/div><div class=\"gutentor-single-item-content\"><div class=\"grid-container\"><div class=\"slider-caption text-center\"><\/div><\/div><\/div><\/div><\/div><\/div><div class=\"gutentor-slider-item\"><div class=\"gutentor-single-item gutentor-single-item-4\"><div class=\"gutentor-single-item-wrap\"><div class=\"gutentor-single-item-image-box\"><div class=\"gutentor-bg-image\"><div class=\"overlay\"><\/div><\/div><\/div><div class=\"gutentor-single-item-content\"><div class=\"grid-container\"><div class=\"slider-caption text-center\"><\/div><\/div><\/div><\/div><\/div><\/div><div class=\"gutentor-slider-item\"><div class=\"gutentor-single-item gutentor-single-item-5\"><div class=\"gutentor-single-item-wrap\"><div class=\"gutentor-single-item-image-box\"><div class=\"gutentor-bg-image\"><div class=\"overlay\"><\/div><\/div><\/div><div class=\"gutentor-single-item-content\"><div class=\"grid-container\"><div class=\"slider-caption text-center\"><\/div><\/div><\/div><\/div><\/div><\/div><div class=\"gutentor-slider-item\"><div class=\"gutentor-single-item gutentor-single-item-6\"><div class=\"gutentor-single-item-wrap\"><div class=\"gutentor-single-item-image-box\"><div class=\"gutentor-bg-image\"><div class=\"overlay\"><\/div><\/div><\/div><div class=\"gutentor-single-item-content\"><div class=\"grid-container\"><div class=\"slider-caption text-center\"><\/div><\/div><\/div><\/div><\/div><\/div><div class=\"gutentor-slider-item\"><div class=\"gutentor-single-item gutentor-single-item-7\"><div class=\"gutentor-single-item-wrap\"><div class=\"gutentor-single-item-image-box\"><div class=\"gutentor-bg-image\"><div class=\"overlay\"><\/div><\/div><\/div><div class=\"gutentor-single-item-content\"><div class=\"grid-container\"><div class=\"slider-caption text-center\"><\/div><\/div><\/div><\/div><\/div><\/div><div class=\"gutentor-slider-item\"><div class=\"gutentor-single-item gutentor-single-item-8\"><div class=\"gutentor-single-item-wrap\"><div class=\"gutentor-single-item-image-box\"><div class=\"gutentor-bg-image\"><div class=\"overlay\"><\/div><\/div><\/div><div class=\"gutentor-single-item-content\"><div class=\"grid-container\"><div class=\"slider-caption text-center\"><\/div><\/div><\/div><\/div><\/div><\/div><\/div><\/div><\/section>\n\n\n\n<div class=\"wp-block-group\"><div class=\"wp-block-group__inner-container is-layout-flow wp-block-group-is-layout-flow\"><\/div><\/div>","protected":false},"excerpt":{"rendered":"","protected":false},"author":1,"featured_media":0,"parent":0,"menu_order":0,"comment_status":"closed","ping_status":"closed","template":"","meta":{"footnotes":""},"class_list":["post-369","page","type-page","status-publish","hentry"],"aioseo_notices":[],"yoast_head":"<!-- This site is optimized with the Yoast SEO plugin v22.5 - https:\/\/yoast.com\/wordpress\/plugins\/seo\/ -->\n<title>Francisco Esnayra- The artist of the colored head sculptures<\/title>\n<meta name=\"description\" content=\"Esnayra is the artist of the colored head sculptures that are one of the most captivating pieces in the mexican contemporary art market.\" \/>\n<meta name=\"robots\" content=\"index, follow, max-snippet:-1, max-image-preview:large, max-video-preview:-1\" \/>\n<link rel=\"canonical\" href=\"https:\/\/ardegallery.com\/es\/francisco-esnayra\/\" \/>\n<meta property=\"og:locale\" content=\"es_MX\" \/>\n<meta property=\"og:type\" content=\"article\" \/>\n<meta property=\"og:title\" content=\"Francisco Esnayra- The artist of the colored head sculptures\" \/>\n<meta property=\"og:description\" content=\"Esnayra is the artist of the colored head sculptures that are one of the most captivating pieces in the mexican contemporary art market.\" \/>\n<meta property=\"og:url\" content=\"https:\/\/ardegallery.com\/es\/francisco-esnayra\/\" \/>\n<meta property=\"og:site_name\" content=\"Arde Gallery\" \/>\n<meta property=\"article:modified_time\" content=\"2024-05-30T19:34:33+00:00\" \/>\n<meta name=\"twitter:card\" content=\"summary_large_image\" \/>\n<meta name=\"twitter:label1\" content=\"Tiempo de lectura\" \/>\n\t<meta name=\"twitter:data1\" content=\"1 minuto\" \/>\n<script type=\"application\/ld+json\" class=\"yoast-schema-graph\">{\"@context\":\"https:\/\/schema.org\",\"@graph\":[{\"@type\":\"WebPage\",\"@id\":\"https:\/\/ardegallery.com\/francisco-esnayra\/\",\"url\":\"https:\/\/ardegallery.com\/francisco-esnayra\/\",\"name\":\"Francisco Esnayra- The artist of the colored head sculptures\",\"isPartOf\":{\"@id\":\"https:\/\/ardegallery.com\/#website\"},\"datePublished\":\"2022-08-09T13:51:21+00:00\",\"dateModified\":\"2024-05-30T19:34:33+00:00\",\"description\":\"Esnayra is the artist of the colored head sculptures that are one of the most captivating pieces in the mexican contemporary art market.\",\"breadcrumb\":{\"@id\":\"https:\/\/ardegallery.com\/francisco-esnayra\/#breadcrumb\"},\"inLanguage\":\"es\",\"potentialAction\":[{\"@type\":\"ReadAction\",\"target\":[\"https:\/\/ardegallery.com\/francisco-esnayra\/\"]}]},{\"@type\":\"BreadcrumbList\",\"@id\":\"https:\/\/ardegallery.com\/francisco-esnayra\/#breadcrumb\",\"itemListElement\":[{\"@type\":\"ListItem\",\"position\":1,\"name\":\"Portada\",\"item\":\"https:\/\/ardegallery.com\/\"},{\"@type\":\"ListItem\",\"position\":2,\"name\":\"Francisco Esnayra\"}]},{\"@type\":\"WebSite\",\"@id\":\"https:\/\/ardegallery.com\/#website\",\"url\":\"https:\/\/ardegallery.com\/\",\"name\":\"Arde Gallery\",\"description\":\"\",\"publisher\":{\"@id\":\"https:\/\/ardegallery.com\/#organization\"},\"potentialAction\":[{\"@type\":\"SearchAction\",\"target\":{\"@type\":\"EntryPoint\",\"urlTemplate\":\"https:\/\/ardegallery.com\/?s={search_term_string}\"},\"query-input\":\"required name=search_term_string\"}],\"inLanguage\":\"es\"},{\"@type\":\"Organization\",\"@id\":\"https:\/\/ardegallery.com\/#organization\",\"name\":\"Arde Gallery\",\"url\":\"https:\/\/ardegallery.com\/\",\"logo\":{\"@type\":\"ImageObject\",\"inLanguage\":\"es\",\"@id\":\"https:\/\/ardegallery.com\/#\/schema\/logo\/image\/\",\"url\":\"https:\/\/ardegallery.com\/wp-content\/uploads\/2022\/08\/cropped-logoheader-1.png\",\"contentUrl\":\"https:\/\/ardegallery.com\/wp-content\/uploads\/2022\/08\/cropped-logoheader-1.png\",\"width\":1280,\"height\":720,\"caption\":\"Arde Gallery\"},\"image\":{\"@id\":\"https:\/\/ardegallery.com\/#\/schema\/logo\/image\/\"},\"sameAs\":[\"https:\/\/www.instagram.com\/arde_gallery\/\"]}]}<\/script>\n<!-- \/ Yoast SEO plugin. -->","yoast_head_json":{"title":"Francisco Esnayra- The artist of the colored head sculptures","description":"Esnayra is the artist of the colored head sculptures that are one of the most captivating pieces in the mexican contemporary art market.","robots":{"index":"index","follow":"follow","max-snippet":"max-snippet:-1","max-image-preview":"max-image-preview:large","max-video-preview":"max-video-preview:-1"},"canonical":"https:\/\/ardegallery.com\/es\/francisco-esnayra\/","og_locale":"es_MX","og_type":"article","og_title":"Francisco Esnayra- The artist of the colored head sculptures","og_description":"Esnayra is the artist of the colored head sculptures that are one of the most captivating pieces in the mexican contemporary art market.","og_url":"https:\/\/ardegallery.com\/es\/francisco-esnayra\/","og_site_name":"Arde Gallery","article_modified_time":"2024-05-30T19:34:33+00:00","twitter_card":"summary_large_image","twitter_misc":{"Tiempo de lectura":"1 minuto"},"schema":{"@context":"https:\/\/schema.org","@graph":[{"@type":"WebPage","@id":"https:\/\/ardegallery.com\/francisco-esnayra\/","url":"https:\/\/ardegallery.com\/francisco-esnayra\/","name":"Francisco Esnayra- The artist of the colored head sculptures","isPartOf":{"@id":"https:\/\/ardegallery.com\/#website"},"datePublished":"2022-08-09T13:51:21+00:00","dateModified":"2024-05-30T19:34:33+00:00","description":"Esnayra is the artist of the colored head sculptures that are one of the most captivating pieces in the mexican contemporary art market.","breadcrumb":{"@id":"https:\/\/ardegallery.com\/francisco-esnayra\/#breadcrumb"},"inLanguage":"es","potentialAction":[{"@type":"ReadAction","target":["https:\/\/ardegallery.com\/francisco-esnayra\/"]}]},{"@type":"BreadcrumbList","@id":"https:\/\/ardegallery.com\/francisco-esnayra\/#breadcrumb","itemListElement":[{"@type":"ListItem","position":1,"name":"Portada","item":"https:\/\/ardegallery.com\/"},{"@type":"ListItem","position":2,"name":"Francisco Esnayra"}]},{"@type":"WebSite","@id":"https:\/\/ardegallery.com\/#website","url":"https:\/\/ardegallery.com\/","name":"Arde Gallery","description":"","publisher":{"@id":"https:\/\/ardegallery.com\/#organization"},"potentialAction":[{"@type":"SearchAction","target":{"@type":"EntryPoint","urlTemplate":"https:\/\/ardegallery.com\/?s={search_term_string}"},"query-input":"required name=search_term_string"}],"inLanguage":"es"},{"@type":"Organization","@id":"https:\/\/ardegallery.com\/#organization","name":"Arde Gallery","url":"https:\/\/ardegallery.com\/","logo":{"@type":"ImageObject","inLanguage":"es","@id":"https:\/\/ardegallery.com\/#\/schema\/logo\/image\/","url":"https:\/\/ardegallery.com\/wp-content\/uploads\/2022\/08\/cropped-logoheader-1.png","contentUrl":"https:\/\/ardegallery.com\/wp-content\/uploads\/2022\/08\/cropped-logoheader-1.png","width":1280,"height":720,"caption":"Arde Gallery"},"image":{"@id":"https:\/\/ardegallery.com\/#\/schema\/logo\/image\/"},"sameAs":["https:\/\/www.instagram.com\/arde_gallery\/"]}]}},"_links":{"self":[{"href":"https:\/\/ardegallery.com\/es\/wp-json\/wp\/v2\/pages\/369","targetHints":{"allow":["GET"]}}],"collection":[{"href":"https:\/\/ardegallery.com\/es\/wp-json\/wp\/v2\/pages"}],"about":[{"href":"https:\/\/ardegallery.com\/es\/wp-json\/wp\/v2\/types\/page"}],"author":[{"embeddable":true,"href":"https:\/\/ardegallery.com\/es\/wp-json\/wp\/v2\/users\/1"}],"replies":[{"embeddable":true,"href":"https:\/\/ardegallery.com\/es\/wp-json\/wp\/v2\/comments?post=369"}],"version-history":[{"count":15,"href":"https:\/\/ardegallery.com\/es\/wp-json\/wp\/v2\/pages\/369\/revisions"}],"predecessor-version":[{"id":1800,"href":"https:\/\/ardegallery.com\/es\/wp-json\/wp\/v2\/pages\/369\/revisions\/1800"}],"wp:attachment":[{"href":"https:\/\/ardegallery.com\/es\/wp-json\/wp\/v2\/media?parent=369"}],"curies":[{"name":"wp","href":"https:\/\/api.w.org\/{rel}","templated":true}]}}