{"id":366,"date":"2022-08-09T13:50:25","date_gmt":"2022-08-09T13:50:25","guid":{"rendered":"https:\/\/ardegallery.com\/?page_id=366"},"modified":"2024-02-29T18:30:11","modified_gmt":"2024-02-29T18:30:11","slug":"endy-hupperich","status":"publish","type":"page","link":"https:\/\/ardegallery.com\/es\/endy-hupperich\/","title":{"rendered":"Endy Hupperich"},"content":{"rendered":"<p><\/p>\n\n\n\n<section id=\"section-90cee662-0bed-49d0-8a20-759a600f7818\" class=\"wp-block-gutentor-image-slider gutentor-section gutentor-image-slider imageSlider-template1\"><div class=\"gutentor-grid-item-wrap\"><div class=\"gutentor-slider-wrapper\" data-dots=\"true\" data-arrows=\"true\" data-infinite=\"false\" data-nextarrow=\"fas fa-angle-right\" data-prevarrow=\"fas fa-angle-left\" data-autoplay=\"true\" data-autoplayspeed=\"7000\" data-fade=\"false\" data-speed=\"900\"><div class=\"gutentor-slider-item\"><div class=\"gutentor-single-item gutentor-single-item-0\"><div class=\"gutentor-single-item-wrap\"><div class=\"gutentor-single-item-image-box\"><div class=\"gutentor-bg-image\"><div class=\"overlay\"><\/div><\/div><\/div><div class=\"gutentor-single-item-content\"><div class=\"grid-container\"><div class=\"slider-caption text-center\"><h3 class=\"gutentor-single-item-title\">Endy Hupperich<\/h3><p class=\"gutentor-single-item-desc\"><\/p><\/div><\/div><\/div><\/div><\/div><\/div><\/div><\/div><\/section>\n\n\n\n<section id=\"section-6e499bbb-a76b-4abc-ba33-ad54a3d432c1\" class=\"wp-block-gutentor-advanced-columns gutentor-section gutentor-advanced-columns\"><div class=\"grid-container\"><div class=\"grid-row\">\n<section id=\"section-c3b4e0e2-6c8b-45e5-8946-f4b8dc39fd0a\" class=\"wp-block-gutentor-single-column gutentor-single-column  grid-lg-4 grid-md-12 grid-12\">\n<section id=\"section-dca46bb7-1150-4945-9cf4-93251a418786\" class=\"wp-block-gutentor-content-box gutentor-section gutentor-content-box-wrapper content-template1\"><div class=\"grid-container\"><div class=\"gutentor-block-header\"><div class=\"gutentor-section-title text-left\"><h2 class=\"gutentor-title\">(Kaufbeuren, Alemania, 1967)<\/h2><\/div><\/div><div class=\"grid-row gutentor-grid-item-wrap\"><div class=\"gutentor-grid-column grid-lg-12 grid-md-12 grid-12\"><div class=\"gutentor-single-item gutentor-single-item-0\"><div class=\"gutentor-single-item-wrap\"><div class=\"gutentor-single-item-content\"><h3 class=\"gutentor-single-item-title\">Endy Hupperich<\/h3><\/div><\/div><\/div><\/div><\/div><\/div><\/section>\n\n\n\n<p><\/p>\n<\/section>\n\n\n\n<section id=\"section-ed3a1781-79c2-43a1-a11f-9772a5047141\" class=\"wp-block-gutentor-single-column gutentor-single-column  grid-lg-8 grid-md-12 grid-12\">\n<section id=\"section-92069dc3-b867-458c-bd14-299d638294e8\" class=\"wp-block-gutentor-content-box gutentor-section gutentor-content-box-wrapper content-template1\"><div class=\"grid-container\"><div class=\"grid-row gutentor-grid-item-wrap\"><div class=\"gutentor-grid-column grid-lg-12 grid-md-12 grid-12\"><div class=\"gutentor-single-item gutentor-single-item-0\"><div class=\"gutentor-single-item-wrap\"><div class=\"gutentor-single-item-content\"><p class=\"gutentor-single-item-desc\">La abstracci\u00f3n y la cultura popular convergen como tema en el enfoque art\u00edstico que caracteriza la obra de Hupperich. Nacido en el sur de Alemania y graduado de la Academia de Artes Pl\u00e1sticas de M\u00fanich, Endy Hupperich recibi\u00f3 en el a\u00f1o 2000 una beca por el Servicio Alem\u00e1n de Intercambio Acad\u00e9mico. Durante sus primeros a\u00f1os en M\u00e9xico fund\u00f3 un estudio en Oaxaca, imparti\u00f3 clases de pintura y dibujo en la Escuela Nacional de Pintura, Escultura y Grabado \u201cLa Esmeralda\u201d (ENPEG) del Instituto Nacional de Bellas Artes (INBA)\u201d.<br><br>Ha realizado diferentes exposiciones en museos como el Museo de Arte Contempor\u00e1neo de Oaxaca (MACO); trabaj\u00f3 en la organizaci\u00f3n de una exposici\u00f3n colectiva en el Museo Carillo Gil y ha sido profesor de la Universidad de Ciencias Aplicadas de Augsburgo, impartiendo clases de dibujo y pintura. Adem\u00e1s, ha sido asistente de c\u00e1tedra de pintura en la Academia de Artes Pl\u00e1sticas de M\u00fanich.<br><br>\u2500\u2500\u2727\u2500\u2500<\/p><\/div><\/div><\/div><\/div><\/div><\/div><\/section>\n<\/section>\n<\/div><\/div><\/section>\n\n\n\n<section id=\"section-0947a953-ea9d-43f7-ac05-699bb517d7ae\" class=\"wp-block-gutentor-image-slider gutentor-section gutentor-image-slider imageSlider-template1\"><div class=\"gutentor-grid-item-wrap\"><div class=\"gutentor-slider-wrapper\" data-dots=\"true\" data-arrows=\"true\" data-infinite=\"true\" data-nextarrow=\"fas fa-angle-right\" data-prevarrow=\"fas fa-angle-left\" data-autoplay=\"true\" data-autoplayspeed=\"4999\" data-fade=\"false\" data-speed=\"500\"><div class=\"gutentor-slider-item\"><div class=\"gutentor-single-item gutentor-single-item-0\"><div class=\"gutentor-single-item-wrap\"><div class=\"gutentor-single-item-image-box\"><div class=\"gutentor-bg-image\"><div class=\"overlay\"><\/div><\/div><\/div><div class=\"gutentor-single-item-content\"><div class=\"grid-container\"><div class=\"slider-caption text-center\"><\/div><\/div><\/div><\/div><\/div><\/div><div class=\"gutentor-slider-item\"><div class=\"gutentor-single-item gutentor-single-item-1\"><div class=\"gutentor-single-item-wrap\"><div class=\"gutentor-single-item-image-box\"><div class=\"gutentor-bg-image\"><div class=\"overlay\"><\/div><\/div><\/div><div class=\"gutentor-single-item-content\"><div class=\"grid-container\"><div class=\"slider-caption text-center\"><\/div><\/div><\/div><\/div><\/div><\/div><div class=\"gutentor-slider-item\"><div class=\"gutentor-single-item gutentor-single-item-2\"><div class=\"gutentor-single-item-wrap\"><div class=\"gutentor-single-item-image-box\"><div class=\"gutentor-bg-image\"><div class=\"overlay\"><\/div><\/div><\/div><div class=\"gutentor-single-item-content\"><div class=\"grid-container\"><div class=\"slider-caption text-center\"><\/div><\/div><\/div><\/div><\/div><\/div><div class=\"gutentor-slider-item\"><div class=\"gutentor-single-item gutentor-single-item-3\"><div class=\"gutentor-single-item-wrap\"><div class=\"gutentor-single-item-image-box\"><div class=\"gutentor-bg-image\"><div class=\"overlay\"><\/div><\/div><\/div><div class=\"gutentor-single-item-content\"><div class=\"grid-container\"><div class=\"slider-caption text-center\"><\/div><\/div><\/div><\/div><\/div><\/div><div class=\"gutentor-slider-item\"><div class=\"gutentor-single-item gutentor-single-item-4\"><div class=\"gutentor-single-item-wrap\"><div class=\"gutentor-single-item-image-box\"><div class=\"gutentor-bg-image\"><div class=\"overlay\"><\/div><\/div><\/div><div class=\"gutentor-single-item-content\"><div class=\"grid-container\"><div class=\"slider-caption text-center\"><\/div><\/div><\/div><\/div><\/div><\/div><div class=\"gutentor-slider-item\"><div class=\"gutentor-single-item gutentor-single-item-5\"><div class=\"gutentor-single-item-wrap\"><div class=\"gutentor-single-item-image-box\"><div class=\"gutentor-bg-image\"><div class=\"overlay\"><\/div><\/div><\/div><div class=\"gutentor-single-item-content\"><div class=\"grid-container\"><div class=\"slider-caption text-center\"><\/div><\/div><\/div><\/div><\/div><\/div><div class=\"gutentor-slider-item\"><div class=\"gutentor-single-item gutentor-single-item-6\"><div class=\"gutentor-single-item-wrap\"><div class=\"gutentor-single-item-image-box\"><div class=\"gutentor-bg-image\"><div class=\"overlay\"><\/div><\/div><\/div><div class=\"gutentor-single-item-content\"><div class=\"grid-container\"><div class=\"slider-caption text-center\"><\/div><\/div><\/div><\/div><\/div><\/div><div class=\"gutentor-slider-item\"><div class=\"gutentor-single-item gutentor-single-item-7\"><div class=\"gutentor-single-item-wrap\"><div class=\"gutentor-single-item-image-box\"><div class=\"gutentor-bg-image\"><div class=\"overlay\"><\/div><\/div><\/div><div class=\"gutentor-single-item-content\"><div class=\"grid-container\"><div class=\"slider-caption text-center\"><\/div><\/div><\/div><\/div><\/div><\/div><\/div><\/div><\/section>\n\n\n\n<div class=\"wp-block-group\"><div class=\"wp-block-group__inner-container is-layout-flow wp-block-group-is-layout-flow\"><\/div><\/div>","protected":false},"excerpt":{"rendered":"","protected":false},"author":1,"featured_media":0,"parent":0,"menu_order":0,"comment_status":"closed","ping_status":"closed","template":"","meta":{"footnotes":""},"class_list":["post-366","page","type-page","status-publish","hentry"],"aioseo_notices":[],"yoast_head":"<!-- This site is optimized with the Yoast SEO plugin v22.5 - https:\/\/yoast.com\/wordpress\/plugins\/seo\/ -->\n<title>Endy Huperrich - Abstraction and popular icons on canvas<\/title>\n<meta name=\"description\" content=\"Abstraction and popular culture on canvas converge as a theme in the artistic approach that characterizes Hupperich\u2019s work.\" \/>\n<meta name=\"robots\" content=\"index, follow, max-snippet:-1, max-image-preview:large, max-video-preview:-1\" \/>\n<link rel=\"canonical\" href=\"https:\/\/ardegallery.com\/es\/endy-hupperich\/\" \/>\n<meta property=\"og:locale\" content=\"es_MX\" \/>\n<meta property=\"og:type\" content=\"article\" \/>\n<meta property=\"og:title\" content=\"Endy Huperrich - Abstraction and popular icons on canvas\" \/>\n<meta property=\"og:description\" content=\"Abstraction and popular culture on canvas converge as a theme in the artistic approach that characterizes Hupperich\u2019s work.\" \/>\n<meta property=\"og:url\" content=\"https:\/\/ardegallery.com\/es\/endy-hupperich\/\" \/>\n<meta property=\"og:site_name\" content=\"Arde Gallery\" \/>\n<meta property=\"article:modified_time\" content=\"2024-02-29T18:30:11+00:00\" \/>\n<meta name=\"twitter:card\" content=\"summary_large_image\" \/>\n<meta name=\"twitter:label1\" content=\"Tiempo de lectura\" \/>\n\t<meta name=\"twitter:data1\" content=\"1 minuto\" \/>\n<script type=\"application\/ld+json\" class=\"yoast-schema-graph\">{\"@context\":\"https:\/\/schema.org\",\"@graph\":[{\"@type\":\"WebPage\",\"@id\":\"https:\/\/ardegallery.com\/endy-hupperich\/\",\"url\":\"https:\/\/ardegallery.com\/endy-hupperich\/\",\"name\":\"Endy Huperrich - Abstraction and popular icons on canvas\",\"isPartOf\":{\"@id\":\"https:\/\/ardegallery.com\/#website\"},\"datePublished\":\"2022-08-09T13:50:25+00:00\",\"dateModified\":\"2024-02-29T18:30:11+00:00\",\"description\":\"Abstraction and popular culture on canvas converge as a theme in the artistic approach that characterizes Hupperich\u2019s work.\",\"breadcrumb\":{\"@id\":\"https:\/\/ardegallery.com\/endy-hupperich\/#breadcrumb\"},\"inLanguage\":\"es\",\"potentialAction\":[{\"@type\":\"ReadAction\",\"target\":[\"https:\/\/ardegallery.com\/endy-hupperich\/\"]}]},{\"@type\":\"BreadcrumbList\",\"@id\":\"https:\/\/ardegallery.com\/endy-hupperich\/#breadcrumb\",\"itemListElement\":[{\"@type\":\"ListItem\",\"position\":1,\"name\":\"Portada\",\"item\":\"https:\/\/ardegallery.com\/\"},{\"@type\":\"ListItem\",\"position\":2,\"name\":\"Endy Hupperich\"}]},{\"@type\":\"WebSite\",\"@id\":\"https:\/\/ardegallery.com\/#website\",\"url\":\"https:\/\/ardegallery.com\/\",\"name\":\"Arde Gallery\",\"description\":\"\",\"publisher\":{\"@id\":\"https:\/\/ardegallery.com\/#organization\"},\"potentialAction\":[{\"@type\":\"SearchAction\",\"target\":{\"@type\":\"EntryPoint\",\"urlTemplate\":\"https:\/\/ardegallery.com\/?s={search_term_string}\"},\"query-input\":\"required name=search_term_string\"}],\"inLanguage\":\"es\"},{\"@type\":\"Organization\",\"@id\":\"https:\/\/ardegallery.com\/#organization\",\"name\":\"Arde Gallery\",\"url\":\"https:\/\/ardegallery.com\/\",\"logo\":{\"@type\":\"ImageObject\",\"inLanguage\":\"es\",\"@id\":\"https:\/\/ardegallery.com\/#\/schema\/logo\/image\/\",\"url\":\"https:\/\/ardegallery.com\/wp-content\/uploads\/2022\/08\/cropped-logoheader-1.png\",\"contentUrl\":\"https:\/\/ardegallery.com\/wp-content\/uploads\/2022\/08\/cropped-logoheader-1.png\",\"width\":1280,\"height\":720,\"caption\":\"Arde Gallery\"},\"image\":{\"@id\":\"https:\/\/ardegallery.com\/#\/schema\/logo\/image\/\"},\"sameAs\":[\"https:\/\/www.instagram.com\/arde_gallery\/\"]}]}<\/script>\n<!-- \/ Yoast SEO plugin. -->","yoast_head_json":{"title":"Endy Huperrich - Abstraction and popular icons on canvas","description":"Abstraction and popular culture on canvas converge as a theme in the artistic approach that characterizes Hupperich\u2019s work.","robots":{"index":"index","follow":"follow","max-snippet":"max-snippet:-1","max-image-preview":"max-image-preview:large","max-video-preview":"max-video-preview:-1"},"canonical":"https:\/\/ardegallery.com\/es\/endy-hupperich\/","og_locale":"es_MX","og_type":"article","og_title":"Endy Huperrich - Abstraction and popular icons on canvas","og_description":"Abstraction and popular culture on canvas converge as a theme in the artistic approach that characterizes Hupperich\u2019s work.","og_url":"https:\/\/ardegallery.com\/es\/endy-hupperich\/","og_site_name":"Arde Gallery","article_modified_time":"2024-02-29T18:30:11+00:00","twitter_card":"summary_large_image","twitter_misc":{"Tiempo de lectura":"1 minuto"},"schema":{"@context":"https:\/\/schema.org","@graph":[{"@type":"WebPage","@id":"https:\/\/ardegallery.com\/endy-hupperich\/","url":"https:\/\/ardegallery.com\/endy-hupperich\/","name":"Endy Huperrich - Abstraction and popular icons on canvas","isPartOf":{"@id":"https:\/\/ardegallery.com\/#website"},"datePublished":"2022-08-09T13:50:25+00:00","dateModified":"2024-02-29T18:30:11+00:00","description":"Abstraction and popular culture on canvas converge as a theme in the artistic approach that characterizes Hupperich\u2019s work.","breadcrumb":{"@id":"https:\/\/ardegallery.com\/endy-hupperich\/#breadcrumb"},"inLanguage":"es","potentialAction":[{"@type":"ReadAction","target":["https:\/\/ardegallery.com\/endy-hupperich\/"]}]},{"@type":"BreadcrumbList","@id":"https:\/\/ardegallery.com\/endy-hupperich\/#breadcrumb","itemListElement":[{"@type":"ListItem","position":1,"name":"Portada","item":"https:\/\/ardegallery.com\/"},{"@type":"ListItem","position":2,"name":"Endy Hupperich"}]},{"@type":"WebSite","@id":"https:\/\/ardegallery.com\/#website","url":"https:\/\/ardegallery.com\/","name":"Arde Gallery","description":"","publisher":{"@id":"https:\/\/ardegallery.com\/#organization"},"potentialAction":[{"@type":"SearchAction","target":{"@type":"EntryPoint","urlTemplate":"https:\/\/ardegallery.com\/?s={search_term_string}"},"query-input":"required name=search_term_string"}],"inLanguage":"es"},{"@type":"Organization","@id":"https:\/\/ardegallery.com\/#organization","name":"Arde Gallery","url":"https:\/\/ardegallery.com\/","logo":{"@type":"ImageObject","inLanguage":"es","@id":"https:\/\/ardegallery.com\/#\/schema\/logo\/image\/","url":"https:\/\/ardegallery.com\/wp-content\/uploads\/2022\/08\/cropped-logoheader-1.png","contentUrl":"https:\/\/ardegallery.com\/wp-content\/uploads\/2022\/08\/cropped-logoheader-1.png","width":1280,"height":720,"caption":"Arde Gallery"},"image":{"@id":"https:\/\/ardegallery.com\/#\/schema\/logo\/image\/"},"sameAs":["https:\/\/www.instagram.com\/arde_gallery\/"]}]}},"_links":{"self":[{"href":"https:\/\/ardegallery.com\/es\/wp-json\/wp\/v2\/pages\/366","targetHints":{"allow":["GET"]}}],"collection":[{"href":"https:\/\/ardegallery.com\/es\/wp-json\/wp\/v2\/pages"}],"about":[{"href":"https:\/\/ardegallery.com\/es\/wp-json\/wp\/v2\/types\/page"}],"author":[{"embeddable":true,"href":"https:\/\/ardegallery.com\/es\/wp-json\/wp\/v2\/users\/1"}],"replies":[{"embeddable":true,"href":"https:\/\/ardegallery.com\/es\/wp-json\/wp\/v2\/comments?post=366"}],"version-history":[{"count":15,"href":"https:\/\/ardegallery.com\/es\/wp-json\/wp\/v2\/pages\/366\/revisions"}],"predecessor-version":[{"id":1979,"href":"https:\/\/ardegallery.com\/es\/wp-json\/wp\/v2\/pages\/366\/revisions\/1979"}],"wp:attachment":[{"href":"https:\/\/ardegallery.com\/es\/wp-json\/wp\/v2\/media?parent=366"}],"curies":[{"name":"wp","href":"https:\/\/api.w.org\/{rel}","templated":true}]}}