{"id":364,"date":"2022-08-09T13:50:12","date_gmt":"2022-08-09T13:50:12","guid":{"rendered":"https:\/\/ardegallery.com\/?page_id=364"},"modified":"2024-05-13T21:37:05","modified_gmt":"2024-05-13T21:37:05","slug":"bradley-narduzzi-artist","status":"publish","type":"page","link":"https:\/\/ardegallery.com\/es\/bradley-narduzzi-artist\/","title":{"rendered":"Bradley Narduzzi"},"content":{"rendered":"<p><\/p>\n\n\n\n<section id=\"section-d950a50f-945f-4275-bd87-a21705157713\" class=\"wp-block-gutentor-image-slider gutentor-section gutentor-image-slider imageSlider-template1\"><div class=\"gutentor-grid-item-wrap\"><div class=\"gutentor-slider-wrapper\" data-dots=\"true\" data-arrows=\"true\" data-infinite=\"false\" data-nextarrow=\"fas fa-angle-right\" data-prevarrow=\"fas fa-angle-left\" data-autoplay=\"true\" data-autoplayspeed=\"7000\" data-fade=\"false\" data-speed=\"900\"><div class=\"gutentor-slider-item\"><div class=\"gutentor-single-item gutentor-single-item-0\"><div class=\"gutentor-single-item-wrap\"><div class=\"gutentor-single-item-image-box\"><div class=\"gutentor-bg-image\"><div class=\"overlay\"><\/div><\/div><\/div><div class=\"gutentor-single-item-content\"><div class=\"grid-container\"><div class=\"slider-caption text-center\"><h3 class=\"gutentor-single-item-title\">Bradley Narduzzi<\/h3><p class=\"gutentor-single-item-desc\"><\/p><\/div><\/div><\/div><\/div><\/div><\/div><\/div><\/div><\/section>\n\n\n\n<section id=\"section-fbecbd67-118a-426f-a74d-7105548cf394\" class=\"wp-block-gutentor-advanced-columns gutentor-section gutentor-advanced-columns\"><div class=\"grid-container\"><div class=\"grid-row\">\n<section id=\"section-f6431279-e88d-4357-88f8-d729d8a5fa4f\" class=\"wp-block-gutentor-single-column gutentor-single-column  grid-lg-4 grid-md-12 grid-12\">\n<section id=\"section-31cb0bb3-bc82-4f67-bb74-8fce481b50b6\" class=\"wp-block-gutentor-content-box gutentor-section gutentor-content-box-wrapper content-template1\"><div class=\"grid-container\"><div class=\"gutentor-block-header\"><div class=\"gutentor-section-title text-left\"><h2 class=\"gutentor-title\">New Heaven, Estados Unidos, 1967<\/h2><\/div><\/div><div class=\"grid-row gutentor-grid-item-wrap\"><div class=\"gutentor-grid-column grid-lg-12 grid-md-12 grid-12\"><div class=\"gutentor-single-item gutentor-single-item-0\"><div class=\"gutentor-single-item-wrap\"><div class=\"gutentor-single-item-content\"><h3 class=\"gutentor-single-item-title\">Bradley Narduzzi<\/h3><\/div><\/div><\/div><\/div><\/div><\/div><\/section>\n\n\n\n<p><\/p>\n<\/section>\n\n\n\n<section id=\"section-bf81272e-49e4-4264-88e0-e31ef0ca2e36\" class=\"wp-block-gutentor-single-column gutentor-single-column  grid-lg-8 grid-md-12 grid-12\">\n<section id=\"section-047ec6aa-2109-4540-a87a-912d336a4558\" class=\"wp-block-gutentor-content-box gutentor-section gutentor-content-box-wrapper content-template1\"><div class=\"grid-container\"><div class=\"grid-row gutentor-grid-item-wrap\"><div class=\"gutentor-grid-column grid-lg-12 grid-md-12 grid-12\"><div class=\"gutentor-single-item gutentor-single-item-0\"><div class=\"gutentor-single-item-wrap\"><div class=\"gutentor-single-item-content\"><p class=\"gutentor-single-item-desc\">Bradley es un dise\u00f1ador, pintor y arquitecto que se gradu\u00f3 de la Universidad de Columbia en Nueva York. Recibi\u00f3 la Beca de la Fundaci\u00f3n Salomon R. Guggenheim para el programa en Venecia, Italia. En 1998 y 1999 fue profesor en la Escuela de Dise\u00f1o Parsons (Departamento de Dise\u00f1o de Muebles). En 2001 recibi\u00f3 el Premio Artista del Consejo de las Artes de Nueva York y en 2003 fue reconocido con el \"Premio Joven Artista\" de la Art Students League de la ciudad de Nueva York. Desde 2003, Narduzzi ha vivido y trabajado entre la Ciudad de M\u00e9xico y Nueva York. Es reconocido por su trabajo tanto en escultura como en pintura y el juego geom\u00e9trico dado por el uso del color.<\/p><\/div><\/div><\/div><\/div><\/div><\/div><\/section>\n<\/section>\n<\/div><\/div><\/section>\n\n\n\n<section id=\"section-84227918-eca0-41c3-ad7c-7e6ef25cd67e\" class=\"wp-block-gutentor-image-slider gutentor-section gutentor-image-slider imageSlider-template1\"><div class=\"gutentor-block-header\"><div class=\"gutentor-section-title enable-title-design seperator-bottom text-center\"><h2 class=\"gutentor-title\"><\/h2><\/div><\/div><div class=\"gutentor-grid-item-wrap\"><div class=\"gutentor-slider-wrapper\" data-dots=\"true\" data-arrows=\"true\" data-infinite=\"false\" data-nextarrow=\"fas fa-angle-right\" data-prevarrow=\"fas fa-angle-left\" data-autoplay=\"true\" data-autoplayspeed=\"500\" data-fade=\"false\" data-speed=\"300\"><div class=\"gutentor-slider-item\"><div class=\"gutentor-single-item gutentor-single-item-0\"><div class=\"gutentor-single-item-wrap\"><div class=\"gutentor-single-item-image-box\"><div class=\"gutentor-image-thumb\"><img decoding=\"async\" class=\"normal-image\" src=\"https:\/\/ardegallery.com\/wp-content\/uploads\/2022\/08\/Totem-Nu-8-View-3-scaled-e1661297355701.jpg\" alt=\"\" height=\"1849\" width=\"1856\"\/><\/div><\/div><\/div><\/div><\/div><div class=\"gutentor-slider-item\"><div class=\"gutentor-single-item gutentor-single-item-1\"><div class=\"gutentor-single-item-wrap\"><div class=\"gutentor-single-item-image-box\"><div class=\"gutentor-image-thumb\"><img decoding=\"async\" class=\"normal-image\" src=\"https:\/\/ardegallery.com\/wp-content\/uploads\/2022\/08\/image-30-1.png\" alt=\"\" height=\"3307\" width=\"2480\"\/><\/div><\/div><\/div><\/div><\/div><div class=\"gutentor-slider-item\"><div class=\"gutentor-single-item gutentor-single-item-2\"><div class=\"gutentor-single-item-wrap\"><div class=\"gutentor-single-item-image-box\"><div class=\"gutentor-image-thumb\"><img decoding=\"async\" class=\"normal-image\" src=\"https:\/\/ardegallery.com\/wp-content\/uploads\/2022\/08\/image-32-1.png\" alt=\"\" height=\"3307\" width=\"2480\"\/><\/div><\/div><\/div><\/div><\/div><div class=\"gutentor-slider-item\"><div class=\"gutentor-single-item gutentor-single-item-3\"><div class=\"gutentor-single-item-wrap\"><div class=\"gutentor-single-item-image-box\"><div class=\"gutentor-image-thumb\"><img decoding=\"async\" class=\"normal-image\" src=\"https:\/\/ardegallery.com\/wp-content\/uploads\/2022\/08\/image-34-1.png\" alt=\"\" height=\"3307\" width=\"2480\"\/><\/div><\/div><\/div><\/div><\/div><\/div><\/div><\/section>","protected":false},"excerpt":{"rendered":"","protected":false},"author":1,"featured_media":0,"parent":0,"menu_order":0,"comment_status":"closed","ping_status":"closed","template":"","meta":{"footnotes":""},"class_list":["post-364","page","type-page","status-publish","hentry"],"aioseo_notices":[],"yoast_head":"<!-- This site is optimized with the Yoast SEO plugin v22.5 - https:\/\/yoast.com\/wordpress\/plugins\/seo\/ -->\n<title>Bradley Narduzzi - The artist of the colorful totems<\/title>\n<meta name=\"description\" content=\"Bradley Narduzzi - The artist of geometry, color, billboards that remembers a bit of pop art, graffiti and abstraction art.\" \/>\n<meta name=\"robots\" content=\"index, follow, max-snippet:-1, max-image-preview:large, max-video-preview:-1\" \/>\n<link rel=\"canonical\" href=\"https:\/\/ardegallery.com\/es\/bradley-narduzzi-artist\/\" \/>\n<meta property=\"og:locale\" content=\"es_MX\" \/>\n<meta property=\"og:type\" content=\"article\" \/>\n<meta property=\"og:title\" content=\"Bradley Narduzzi - The artist of the colorful totems\" \/>\n<meta property=\"og:description\" content=\"Bradley Narduzzi - The artist of geometry, color, billboards that remembers a bit of pop art, graffiti and abstraction art.\" \/>\n<meta property=\"og:url\" content=\"https:\/\/ardegallery.com\/es\/bradley-narduzzi-artist\/\" \/>\n<meta property=\"og:site_name\" content=\"Arde Gallery\" \/>\n<meta property=\"article:modified_time\" content=\"2024-05-13T21:37:05+00:00\" \/>\n<meta property=\"og:image\" content=\"https:\/\/ardegallery.com\/wp-content\/uploads\/2022\/08\/Totem-Nu-8-View-3-scaled-e1661297355701.jpg\" \/>\n<meta name=\"twitter:card\" content=\"summary_large_image\" \/>\n<meta name=\"twitter:label1\" content=\"Tiempo de lectura\" \/>\n\t<meta name=\"twitter:data1\" content=\"2 minutos\" \/>\n<script type=\"application\/ld+json\" class=\"yoast-schema-graph\">{\"@context\":\"https:\/\/schema.org\",\"@graph\":[{\"@type\":\"WebPage\",\"@id\":\"https:\/\/ardegallery.com\/bradley-narduzzi-artist\/\",\"url\":\"https:\/\/ardegallery.com\/bradley-narduzzi-artist\/\",\"name\":\"Bradley Narduzzi - The artist of the colorful totems\",\"isPartOf\":{\"@id\":\"https:\/\/ardegallery.com\/#website\"},\"primaryImageOfPage\":{\"@id\":\"https:\/\/ardegallery.com\/bradley-narduzzi-artist\/#primaryimage\"},\"image\":{\"@id\":\"https:\/\/ardegallery.com\/bradley-narduzzi-artist\/#primaryimage\"},\"thumbnailUrl\":\"https:\/\/ardegallery.com\/wp-content\/uploads\/2022\/08\/Totem-Nu-8-View-3-scaled-e1661297355701.jpg\",\"datePublished\":\"2022-08-09T13:50:12+00:00\",\"dateModified\":\"2024-05-13T21:37:05+00:00\",\"description\":\"Bradley Narduzzi - The artist of geometry, color, billboards that remembers a bit of pop art, graffiti and abstraction art.\",\"breadcrumb\":{\"@id\":\"https:\/\/ardegallery.com\/bradley-narduzzi-artist\/#breadcrumb\"},\"inLanguage\":\"es\",\"potentialAction\":[{\"@type\":\"ReadAction\",\"target\":[\"https:\/\/ardegallery.com\/bradley-narduzzi-artist\/\"]}]},{\"@type\":\"ImageObject\",\"inLanguage\":\"es\",\"@id\":\"https:\/\/ardegallery.com\/bradley-narduzzi-artist\/#primaryimage\",\"url\":\"https:\/\/ardegallery.com\/wp-content\/uploads\/2022\/08\/Totem-Nu-8-View-3-scaled-e1661297355701.jpg\",\"contentUrl\":\"https:\/\/ardegallery.com\/wp-content\/uploads\/2022\/08\/Totem-Nu-8-View-3-scaled-e1661297355701.jpg\"},{\"@type\":\"BreadcrumbList\",\"@id\":\"https:\/\/ardegallery.com\/bradley-narduzzi-artist\/#breadcrumb\",\"itemListElement\":[{\"@type\":\"ListItem\",\"position\":1,\"name\":\"Portada\",\"item\":\"https:\/\/ardegallery.com\/\"},{\"@type\":\"ListItem\",\"position\":2,\"name\":\"Bradley Narduzzi\"}]},{\"@type\":\"WebSite\",\"@id\":\"https:\/\/ardegallery.com\/#website\",\"url\":\"https:\/\/ardegallery.com\/\",\"name\":\"Arde Gallery\",\"description\":\"\",\"publisher\":{\"@id\":\"https:\/\/ardegallery.com\/#organization\"},\"potentialAction\":[{\"@type\":\"SearchAction\",\"target\":{\"@type\":\"EntryPoint\",\"urlTemplate\":\"https:\/\/ardegallery.com\/?s={search_term_string}\"},\"query-input\":\"required name=search_term_string\"}],\"inLanguage\":\"es\"},{\"@type\":\"Organization\",\"@id\":\"https:\/\/ardegallery.com\/#organization\",\"name\":\"Arde Gallery\",\"url\":\"https:\/\/ardegallery.com\/\",\"logo\":{\"@type\":\"ImageObject\",\"inLanguage\":\"es\",\"@id\":\"https:\/\/ardegallery.com\/#\/schema\/logo\/image\/\",\"url\":\"https:\/\/ardegallery.com\/wp-content\/uploads\/2022\/08\/cropped-logoheader-1.png\",\"contentUrl\":\"https:\/\/ardegallery.com\/wp-content\/uploads\/2022\/08\/cropped-logoheader-1.png\",\"width\":1280,\"height\":720,\"caption\":\"Arde Gallery\"},\"image\":{\"@id\":\"https:\/\/ardegallery.com\/#\/schema\/logo\/image\/\"},\"sameAs\":[\"https:\/\/www.instagram.com\/arde_gallery\/\"]}]}<\/script>\n<!-- \/ Yoast SEO plugin. -->","yoast_head_json":{"title":"Bradley Narduzzi - The artist of the colorful totems","description":"Bradley Narduzzi - The artist of geometry, color, billboards that remembers a bit of pop art, graffiti and abstraction art.","robots":{"index":"index","follow":"follow","max-snippet":"max-snippet:-1","max-image-preview":"max-image-preview:large","max-video-preview":"max-video-preview:-1"},"canonical":"https:\/\/ardegallery.com\/es\/bradley-narduzzi-artist\/","og_locale":"es_MX","og_type":"article","og_title":"Bradley Narduzzi - The artist of the colorful totems","og_description":"Bradley Narduzzi - The artist of geometry, color, billboards that remembers a bit of pop art, graffiti and abstraction art.","og_url":"https:\/\/ardegallery.com\/es\/bradley-narduzzi-artist\/","og_site_name":"Arde Gallery","article_modified_time":"2024-05-13T21:37:05+00:00","og_image":[{"url":"https:\/\/ardegallery.com\/wp-content\/uploads\/2022\/08\/Totem-Nu-8-View-3-scaled-e1661297355701.jpg"}],"twitter_card":"summary_large_image","twitter_misc":{"Tiempo de lectura":"2 minutos"},"schema":{"@context":"https:\/\/schema.org","@graph":[{"@type":"WebPage","@id":"https:\/\/ardegallery.com\/bradley-narduzzi-artist\/","url":"https:\/\/ardegallery.com\/bradley-narduzzi-artist\/","name":"Bradley Narduzzi - The artist of the colorful totems","isPartOf":{"@id":"https:\/\/ardegallery.com\/#website"},"primaryImageOfPage":{"@id":"https:\/\/ardegallery.com\/bradley-narduzzi-artist\/#primaryimage"},"image":{"@id":"https:\/\/ardegallery.com\/bradley-narduzzi-artist\/#primaryimage"},"thumbnailUrl":"https:\/\/ardegallery.com\/wp-content\/uploads\/2022\/08\/Totem-Nu-8-View-3-scaled-e1661297355701.jpg","datePublished":"2022-08-09T13:50:12+00:00","dateModified":"2024-05-13T21:37:05+00:00","description":"Bradley Narduzzi - The artist of geometry, color, billboards that remembers a bit of pop art, graffiti and abstraction art.","breadcrumb":{"@id":"https:\/\/ardegallery.com\/bradley-narduzzi-artist\/#breadcrumb"},"inLanguage":"es","potentialAction":[{"@type":"ReadAction","target":["https:\/\/ardegallery.com\/bradley-narduzzi-artist\/"]}]},{"@type":"ImageObject","inLanguage":"es","@id":"https:\/\/ardegallery.com\/bradley-narduzzi-artist\/#primaryimage","url":"https:\/\/ardegallery.com\/wp-content\/uploads\/2022\/08\/Totem-Nu-8-View-3-scaled-e1661297355701.jpg","contentUrl":"https:\/\/ardegallery.com\/wp-content\/uploads\/2022\/08\/Totem-Nu-8-View-3-scaled-e1661297355701.jpg"},{"@type":"BreadcrumbList","@id":"https:\/\/ardegallery.com\/bradley-narduzzi-artist\/#breadcrumb","itemListElement":[{"@type":"ListItem","position":1,"name":"Portada","item":"https:\/\/ardegallery.com\/"},{"@type":"ListItem","position":2,"name":"Bradley Narduzzi"}]},{"@type":"WebSite","@id":"https:\/\/ardegallery.com\/#website","url":"https:\/\/ardegallery.com\/","name":"Arde Gallery","description":"","publisher":{"@id":"https:\/\/ardegallery.com\/#organization"},"potentialAction":[{"@type":"SearchAction","target":{"@type":"EntryPoint","urlTemplate":"https:\/\/ardegallery.com\/?s={search_term_string}"},"query-input":"required name=search_term_string"}],"inLanguage":"es"},{"@type":"Organization","@id":"https:\/\/ardegallery.com\/#organization","name":"Arde Gallery","url":"https:\/\/ardegallery.com\/","logo":{"@type":"ImageObject","inLanguage":"es","@id":"https:\/\/ardegallery.com\/#\/schema\/logo\/image\/","url":"https:\/\/ardegallery.com\/wp-content\/uploads\/2022\/08\/cropped-logoheader-1.png","contentUrl":"https:\/\/ardegallery.com\/wp-content\/uploads\/2022\/08\/cropped-logoheader-1.png","width":1280,"height":720,"caption":"Arde Gallery"},"image":{"@id":"https:\/\/ardegallery.com\/#\/schema\/logo\/image\/"},"sameAs":["https:\/\/www.instagram.com\/arde_gallery\/"]}]}},"_links":{"self":[{"href":"https:\/\/ardegallery.com\/es\/wp-json\/wp\/v2\/pages\/364","targetHints":{"allow":["GET"]}}],"collection":[{"href":"https:\/\/ardegallery.com\/es\/wp-json\/wp\/v2\/pages"}],"about":[{"href":"https:\/\/ardegallery.com\/es\/wp-json\/wp\/v2\/types\/page"}],"author":[{"embeddable":true,"href":"https:\/\/ardegallery.com\/es\/wp-json\/wp\/v2\/users\/1"}],"replies":[{"embeddable":true,"href":"https:\/\/ardegallery.com\/es\/wp-json\/wp\/v2\/comments?post=364"}],"version-history":[{"count":18,"href":"https:\/\/ardegallery.com\/es\/wp-json\/wp\/v2\/pages\/364\/revisions"}],"predecessor-version":[{"id":1783,"href":"https:\/\/ardegallery.com\/es\/wp-json\/wp\/v2\/pages\/364\/revisions\/1783"}],"wp:attachment":[{"href":"https:\/\/ardegallery.com\/es\/wp-json\/wp\/v2\/media?parent=364"}],"curies":[{"name":"wp","href":"https:\/\/api.w.org\/{rel}","templated":true}]}}