{"id":1464,"date":"2024-04-17T22:14:58","date_gmt":"2024-04-17T22:14:58","guid":{"rendered":"https:\/\/ardegallery.com\/?page_id=1464"},"modified":"2025-07-04T00:45:14","modified_gmt":"2025-07-04T00:45:14","slug":"omar-torres","status":"publish","type":"page","link":"https:\/\/ardegallery.com\/es\/omar-torres\/","title":{"rendered":"Omar Torres"},"content":{"rendered":"<p><a href=\"https:\/\/ardegallery.com\/es\/omar-torres\/?trp-edit-translation=true\">Traduce la p\u00e1gina<\/a><\/p>\n\n\n\n<section id=\"section-feea9b89-588f-47c5-9269-630a9ab735f1\" class=\"wp-block-gutentor-image-slider gutentor-section gutentor-image-slider imageSlider-template1\"><div class=\"gutentor-grid-item-wrap\"><div class=\"gutentor-slider-wrapper\" data-dots=\"true\" data-arrows=\"true\" data-infinite=\"false\" data-nextarrow=\"fas fa-angle-right\" data-prevarrow=\"fas fa-angle-left\" data-autoplay=\"true\" data-autoplayspeed=\"7000\" data-fade=\"false\" data-speed=\"900\"><div class=\"gutentor-slider-item\"><div class=\"gutentor-single-item gutentor-single-item-0\"><div class=\"gutentor-single-item-wrap\"><div class=\"gutentor-single-item-image-box\"><div class=\"gutentor-bg-image\"><div class=\"overlay\"><\/div><\/div><\/div><div class=\"gutentor-single-item-content\"><div class=\"grid-container\"><div class=\"slider-caption text-center\"><h3 class=\"gutentor-single-item-title\">Omar Torres<\/h3><p class=\"gutentor-single-item-desc\"><\/p><\/div><\/div><\/div><\/div><\/div><\/div><\/div><\/div><\/section>\n\n\n\n<section id=\"section-5b7f3518-ee67-403d-9402-a0862940d9a9\" class=\"wp-block-gutentor-advanced-columns gutentor-section gutentor-advanced-columns\"><div class=\"grid-container\"><div class=\"grid-row\">\n<section id=\"section-81c56c52-651f-418e-8fdc-53cbc94ece85\" class=\"wp-block-gutentor-single-column gutentor-single-column  grid-lg-4 grid-md-12 grid-12\">\n<section id=\"section-6d3b9f8a-2b5e-4c62-8f09-b32ed0d0708c\" class=\"wp-block-gutentor-content-box gutentor-section gutentor-content-box-wrapper content-template1\"><div class=\"grid-container\"><div class=\"gutentor-block-header\"><div class=\"gutentor-section-title text-left\"><h2 class=\"gutentor-title\">Ciudad de M\u00e9xico (1977)<\/h2><\/div><\/div><div class=\"grid-row gutentor-grid-item-wrap\"><div class=\"gutentor-grid-column grid-lg-12 grid-md-12 grid-12\"><div class=\"gutentor-single-item gutentor-single-item-0\"><div class=\"gutentor-single-item-wrap\"><div class=\"gutentor-single-item-content\"><h3 class=\"gutentor-single-item-title\">Omar Torres<\/h3><\/div><\/div><\/div><\/div><\/div><\/div><\/section>\n\n\n\n<p><\/p>\n<\/section>\n\n\n\n<section id=\"section-6e1caf5a-74bd-4b64-a30a-a20571b65a16\" class=\"wp-block-gutentor-single-column gutentor-single-column  grid-lg-8 grid-md-12 grid-12\">\n<section id=\"section-341a0224-eea7-4ba3-8f10-30a6917bb5e2\" class=\"wp-block-gutentor-content-box gutentor-section gutentor-content-box-wrapper content-template1\"><div class=\"grid-container\"><div class=\"grid-row gutentor-grid-item-wrap\"><div class=\"gutentor-grid-column grid-lg-12 grid-md-12 grid-12\"><div class=\"gutentor-single-item gutentor-single-item-0\"><div class=\"gutentor-single-item-wrap\"><div class=\"gutentor-single-item-content\"><p class=\"gutentor-single-item-desc\">Omar Torres inici\u00f3 su carrera art\u00edstica en 1995 y fue premiado en el Encuentro Nacional\nde Arte Joven de M\u00e9xico en dos ocasiones XV (1996) y XVIII (1998). Su primera\nexposici\u00f3n individual se llev\u00f3 a cabo en 2004 con Printz Gallery en Kyoto, seguida de\nm\u00e1s de 11 muestras individuales con Ricardo Reyes Contemporary Art, a saber, \u201cLa Torre\ny Sus 4 Puntos Cardinales\u201d (2016) ,\u201cEnsayos del Colapso\u201d (2019) y m\u00e1s recientemente\nEvolution Ryokan Gallery CDMX 2022.<br><br>Con m\u00e1s de 50 exposiciones colectivas que van desde Galer\u00eda Nina Menocal (2011), Museo Jumex (2017), Museo Nacional de San Carlos (2018), Museo de Arte Sinaloa (2018), Museo de la Canciller\u00eda (2017), Oficinas del Banco Mundial ( 2012) entre otras, a ferias de arte nacionales e internacionales como Maco Foto (2015-2021), Hot Art inn Basel Suiza (2009), Context Miami (2012), Expo Chicago (2016). GIGE Beijing (2008) y KungStar Bolzano, Italia (2007).<br><br>Adem\u00e1s de su trabajo personal como artista visual, fue el fundador de dos espacios\nculturales en la Ciudad de M\u00e9xico llamados Central Art Projects (2011-2013) y Sismo Arte\nContempor\u00e1neo (2016-2017). El trabajo de Torres tambi\u00e9n ha sido reconocido por la\nOrganizaci\u00f3n de las Naciones Unidas (2004), el Programa de Arte del Banco Mundial con\n\u201cAbout Change\u201d (2012) y m\u00e1s recientemente primer premio en el Prix de la Photographie\nParis 2021, Premio de la Triennale de Kemeyama 2022 en Jap\u00f3n.<br><br>Omar Torres construye escenarios con objetos para presentar situaciones de resistencia y tolerancia en la vida para luego fotografiarlos. Los elementos dependen uno del otro para coexistir en un espacio; la tensi\u00f3n se concentra en detalles que remite al instante previo a caer. La constante transparencia en los objetos guarda relaci\u00f3n con la idea del cuerpo como elemento transparente que nada puede ocultar o disimular; el dolor pesa, la tensi\u00f3n cansa y el equilibrio agota. Torres construye y representa con pocos elementos el estado \u00f3ptimo que se encuentra en un delicado equilibrio, bello por su impermanencia.<\/p><\/div><\/div><\/div><\/div><\/div><\/div><\/section>\n\n\n\n<p><\/p>\n<\/section>\n<\/div><\/div><\/section>\n\n\n\n<section id=\"section-901b48b5-ad3d-43a7-8a5d-d500f17d97ef\" class=\"wp-block-gutentor-image-slider gutentor-section gutentor-image-slider imageSlider-template1\"><div class=\"gutentor-grid-item-wrap\"><div class=\"gutentor-slider-wrapper\" data-dots=\"true\" data-arrows=\"true\" data-infinite=\"true\" data-nextarrow=\"fas fa-angle-right\" data-prevarrow=\"fas fa-angle-left\" data-autoplay=\"true\" data-autoplayspeed=\"4999\" data-fade=\"false\" data-speed=\"500\"><div class=\"gutentor-slider-item\"><div class=\"gutentor-single-item gutentor-single-item-0\"><div class=\"gutentor-single-item-wrap\"><div class=\"gutentor-single-item-image-box\"><div class=\"gutentor-bg-image\"><div class=\"overlay\"><\/div><\/div><\/div><div class=\"gutentor-single-item-content\"><div class=\"grid-container\"><div class=\"slider-caption text-center\"><h3 class=\"gutentor-single-item-title\"><\/h3><p class=\"gutentor-single-item-desc\"><\/p><\/div><\/div><\/div><\/div><\/div><\/div><div class=\"gutentor-slider-item\"><div class=\"gutentor-single-item gutentor-single-item-1\"><div class=\"gutentor-single-item-wrap\"><div class=\"gutentor-single-item-image-box\"><div class=\"gutentor-bg-image\"><div class=\"overlay\"><\/div><\/div><\/div><div class=\"gutentor-single-item-content\"><div class=\"grid-container\"><div class=\"slider-caption text-center\"><h3 class=\"gutentor-single-item-title\"><\/h3><p class=\"gutentor-single-item-desc\"><\/p><\/div><\/div><\/div><\/div><\/div><\/div><div class=\"gutentor-slider-item\"><div class=\"gutentor-single-item gutentor-single-item-2\"><div class=\"gutentor-single-item-wrap\"><div class=\"gutentor-single-item-image-box\"><div class=\"gutentor-bg-image\"><div class=\"overlay\"><\/div><\/div><\/div><div class=\"gutentor-single-item-content\"><div class=\"grid-container\"><div class=\"slider-caption text-center\"><h3 class=\"gutentor-single-item-title\"><\/h3><p class=\"gutentor-single-item-desc\"><\/p><\/div><\/div><\/div><\/div><\/div><\/div><div class=\"gutentor-slider-item\"><div class=\"gutentor-single-item gutentor-single-item-3\"><div class=\"gutentor-single-item-wrap\"><div class=\"gutentor-single-item-image-box\"><div class=\"gutentor-bg-image\"><div class=\"overlay\"><\/div><\/div><\/div><div class=\"gutentor-single-item-content\"><div class=\"grid-container\"><div class=\"slider-caption text-center\"><h3 class=\"gutentor-single-item-title\"><\/h3><p class=\"gutentor-single-item-desc\"><\/p><\/div><\/div><\/div><\/div><\/div><\/div><div class=\"gutentor-slider-item\"><div class=\"gutentor-single-item gutentor-single-item-4\"><div class=\"gutentor-single-item-wrap\"><div class=\"gutentor-single-item-image-box\"><div class=\"gutentor-bg-image\"><div class=\"overlay\"><\/div><\/div><\/div><div class=\"gutentor-single-item-content\"><div class=\"grid-container\"><div class=\"slider-caption text-center\"><h3 class=\"gutentor-single-item-title\"><\/h3><p class=\"gutentor-single-item-desc\"><\/p><\/div><\/div><\/div><\/div><\/div><\/div><div class=\"gutentor-slider-item\"><div class=\"gutentor-single-item gutentor-single-item-5\"><div class=\"gutentor-single-item-wrap\"><div class=\"gutentor-single-item-image-box\"><div class=\"gutentor-bg-image\"><div class=\"overlay\"><\/div><\/div><\/div><div class=\"gutentor-single-item-content\"><div class=\"grid-container\"><div class=\"slider-caption text-center\"><h3 class=\"gutentor-single-item-title\"><\/h3><p class=\"gutentor-single-item-desc\"><\/p><\/div><\/div><\/div><\/div><\/div><\/div><div class=\"gutentor-slider-item\"><div class=\"gutentor-single-item gutentor-single-item-6\"><div class=\"gutentor-single-item-wrap\"><div class=\"gutentor-single-item-image-box\"><div class=\"gutentor-bg-image\"><div class=\"overlay\"><\/div><\/div><\/div><div class=\"gutentor-single-item-content\"><div class=\"grid-container\"><div class=\"slider-caption text-center\"><h3 class=\"gutentor-single-item-title\"><\/h3><p class=\"gutentor-single-item-desc\"><\/p><\/div><\/div><\/div><\/div><\/div><\/div><div class=\"gutentor-slider-item\"><div class=\"gutentor-single-item gutentor-single-item-7\"><div class=\"gutentor-single-item-wrap\"><div class=\"gutentor-single-item-image-box\"><div class=\"gutentor-bg-image\"><div class=\"overlay\"><\/div><\/div><\/div><div class=\"gutentor-single-item-content\"><div class=\"grid-container\"><div class=\"slider-caption text-center\"><h3 class=\"gutentor-single-item-title\"><\/h3><p class=\"gutentor-single-item-desc\"><\/p><\/div><\/div><\/div><\/div><\/div><\/div><div class=\"gutentor-slider-item\"><div class=\"gutentor-single-item gutentor-single-item-8\"><div class=\"gutentor-single-item-wrap\"><div class=\"gutentor-single-item-image-box\"><div class=\"gutentor-bg-image\"><div class=\"overlay\"><\/div><\/div><\/div><div class=\"gutentor-single-item-content\"><div class=\"grid-container\"><div class=\"slider-caption text-center\"><h3 class=\"gutentor-single-item-title\"><\/h3><p class=\"gutentor-single-item-desc\"><\/p><\/div><\/div><\/div><\/div><\/div><\/div><div class=\"gutentor-slider-item\"><div class=\"gutentor-single-item gutentor-single-item-9\"><div class=\"gutentor-single-item-wrap\"><div class=\"gutentor-single-item-image-box\"><div class=\"gutentor-bg-image\"><div class=\"overlay\"><\/div><\/div><\/div><div class=\"gutentor-single-item-content\"><div class=\"grid-container\"><div class=\"slider-caption text-center\"><h3 class=\"gutentor-single-item-title\"><\/h3><p class=\"gutentor-single-item-desc\"><\/p><\/div><\/div><\/div><\/div><\/div><\/div><div class=\"gutentor-slider-item\"><div class=\"gutentor-single-item gutentor-single-item-10\"><div class=\"gutentor-single-item-wrap\"><div class=\"gutentor-single-item-image-box\"><div class=\"gutentor-bg-image\"><div class=\"overlay\"><\/div><\/div><\/div><div class=\"gutentor-single-item-content\"><div class=\"grid-container\"><div class=\"slider-caption text-center\"><h3 class=\"gutentor-single-item-title\"><\/h3><p class=\"gutentor-single-item-desc\"><\/p><\/div><\/div><\/div><\/div><\/div><\/div><div class=\"gutentor-slider-item\"><div class=\"gutentor-single-item gutentor-single-item-11\"><div class=\"gutentor-single-item-wrap\"><div class=\"gutentor-single-item-image-box\"><div class=\"gutentor-bg-image\"><div class=\"overlay\"><\/div><\/div><\/div><div class=\"gutentor-single-item-content\"><div class=\"grid-container\"><div class=\"slider-caption text-center\"><h3 class=\"gutentor-single-item-title\">T\u00edtulo<\/h3><p class=\"gutentor-single-item-desc\">Descripci\u00f3n corta<\/p><\/div><\/div><\/div><\/div><\/div><\/div><\/div><\/div><\/section>\n\n\n\n<div class=\"wp-block-group\"><div class=\"wp-block-group__inner-container is-layout-flow wp-block-group-is-layout-flow\"><\/div><\/div>","protected":false},"excerpt":{"rendered":"<p>Traduce la p\u00e1gina<\/p>","protected":false},"author":1,"featured_media":0,"parent":0,"menu_order":0,"comment_status":"closed","ping_status":"closed","template":"","meta":{"footnotes":""},"class_list":["post-1464","page","type-page","status-publish","hentry"],"aioseo_notices":[],"yoast_head":"<!-- This site is optimized with the Yoast SEO plugin v22.5 - https:\/\/yoast.com\/wordpress\/plugins\/seo\/ -->\n<title>Omar Torres:<\/title>\n<meta name=\"description\" content=\"Omar Torres began his artistic career in 1995. He was awarded at the National Meeting of Young Art of Mexico on two occasions, XV (1996) and XVIII (1998)\" \/>\n<meta name=\"robots\" content=\"index, follow, max-snippet:-1, max-image-preview:large, max-video-preview:-1\" \/>\n<link rel=\"canonical\" href=\"https:\/\/ardegallery.com\/es\/omar-torres\/\" \/>\n<meta property=\"og:locale\" content=\"es_MX\" \/>\n<meta property=\"og:type\" content=\"article\" \/>\n<meta property=\"og:title\" content=\"Omar Torres:\" \/>\n<meta property=\"og:description\" content=\"Omar Torres began his artistic career in 1995. He was awarded at the National Meeting of Young Art of Mexico on two occasions, XV (1996) and XVIII (1998)\" \/>\n<meta property=\"og:url\" content=\"https:\/\/ardegallery.com\/es\/omar-torres\/\" \/>\n<meta property=\"og:site_name\" content=\"Arde Gallery\" \/>\n<meta property=\"article:modified_time\" content=\"2025-07-04T00:45:14+00:00\" \/>\n<meta name=\"twitter:card\" content=\"summary_large_image\" \/>\n<meta name=\"twitter:label1\" content=\"Tiempo de lectura\" \/>\n\t<meta name=\"twitter:data1\" content=\"2 minutos\" \/>\n<script type=\"application\/ld+json\" class=\"yoast-schema-graph\">{\"@context\":\"https:\/\/schema.org\",\"@graph\":[{\"@type\":\"WebPage\",\"@id\":\"https:\/\/ardegallery.com\/omar-torres\/\",\"url\":\"https:\/\/ardegallery.com\/omar-torres\/\",\"name\":\"Omar Torres:\",\"isPartOf\":{\"@id\":\"https:\/\/ardegallery.com\/#website\"},\"datePublished\":\"2024-04-17T22:14:58+00:00\",\"dateModified\":\"2025-07-04T00:45:14+00:00\",\"description\":\"Omar Torres began his artistic career in 1995. He was awarded at the National Meeting of Young Art of Mexico on two occasions, XV (1996) and XVIII (1998)\",\"breadcrumb\":{\"@id\":\"https:\/\/ardegallery.com\/omar-torres\/#breadcrumb\"},\"inLanguage\":\"es\",\"potentialAction\":[{\"@type\":\"ReadAction\",\"target\":[\"https:\/\/ardegallery.com\/omar-torres\/\"]}]},{\"@type\":\"BreadcrumbList\",\"@id\":\"https:\/\/ardegallery.com\/omar-torres\/#breadcrumb\",\"itemListElement\":[{\"@type\":\"ListItem\",\"position\":1,\"name\":\"Portada\",\"item\":\"https:\/\/ardegallery.com\/\"},{\"@type\":\"ListItem\",\"position\":2,\"name\":\"Omar Torres\"}]},{\"@type\":\"WebSite\",\"@id\":\"https:\/\/ardegallery.com\/#website\",\"url\":\"https:\/\/ardegallery.com\/\",\"name\":\"Arde Gallery\",\"description\":\"\",\"publisher\":{\"@id\":\"https:\/\/ardegallery.com\/#organization\"},\"potentialAction\":[{\"@type\":\"SearchAction\",\"target\":{\"@type\":\"EntryPoint\",\"urlTemplate\":\"https:\/\/ardegallery.com\/?s={search_term_string}\"},\"query-input\":\"required name=search_term_string\"}],\"inLanguage\":\"es\"},{\"@type\":\"Organization\",\"@id\":\"https:\/\/ardegallery.com\/#organization\",\"name\":\"Arde Gallery\",\"url\":\"https:\/\/ardegallery.com\/\",\"logo\":{\"@type\":\"ImageObject\",\"inLanguage\":\"es\",\"@id\":\"https:\/\/ardegallery.com\/#\/schema\/logo\/image\/\",\"url\":\"https:\/\/ardegallery.com\/wp-content\/uploads\/2022\/08\/cropped-logoheader-1.png\",\"contentUrl\":\"https:\/\/ardegallery.com\/wp-content\/uploads\/2022\/08\/cropped-logoheader-1.png\",\"width\":1280,\"height\":720,\"caption\":\"Arde Gallery\"},\"image\":{\"@id\":\"https:\/\/ardegallery.com\/#\/schema\/logo\/image\/\"},\"sameAs\":[\"https:\/\/www.instagram.com\/arde_gallery\/\"]}]}<\/script>\n<!-- \/ Yoast SEO plugin. -->","yoast_head_json":{"title":"Omar Torres:","description":"Omar Torres began his artistic career in 1995. He was awarded at the National Meeting of Young Art of Mexico on two occasions, XV (1996) and XVIII (1998)","robots":{"index":"index","follow":"follow","max-snippet":"max-snippet:-1","max-image-preview":"max-image-preview:large","max-video-preview":"max-video-preview:-1"},"canonical":"https:\/\/ardegallery.com\/es\/omar-torres\/","og_locale":"es_MX","og_type":"article","og_title":"Omar Torres:","og_description":"Omar Torres began his artistic career in 1995. He was awarded at the National Meeting of Young Art of Mexico on two occasions, XV (1996) and XVIII (1998)","og_url":"https:\/\/ardegallery.com\/es\/omar-torres\/","og_site_name":"Arde Gallery","article_modified_time":"2025-07-04T00:45:14+00:00","twitter_card":"summary_large_image","twitter_misc":{"Tiempo de lectura":"2 minutos"},"schema":{"@context":"https:\/\/schema.org","@graph":[{"@type":"WebPage","@id":"https:\/\/ardegallery.com\/omar-torres\/","url":"https:\/\/ardegallery.com\/omar-torres\/","name":"Omar Torres:","isPartOf":{"@id":"https:\/\/ardegallery.com\/#website"},"datePublished":"2024-04-17T22:14:58+00:00","dateModified":"2025-07-04T00:45:14+00:00","description":"Omar Torres began his artistic career in 1995. He was awarded at the National Meeting of Young Art of Mexico on two occasions, XV (1996) and XVIII (1998)","breadcrumb":{"@id":"https:\/\/ardegallery.com\/omar-torres\/#breadcrumb"},"inLanguage":"es","potentialAction":[{"@type":"ReadAction","target":["https:\/\/ardegallery.com\/omar-torres\/"]}]},{"@type":"BreadcrumbList","@id":"https:\/\/ardegallery.com\/omar-torres\/#breadcrumb","itemListElement":[{"@type":"ListItem","position":1,"name":"Portada","item":"https:\/\/ardegallery.com\/"},{"@type":"ListItem","position":2,"name":"Omar Torres"}]},{"@type":"WebSite","@id":"https:\/\/ardegallery.com\/#website","url":"https:\/\/ardegallery.com\/","name":"Arde Gallery","description":"","publisher":{"@id":"https:\/\/ardegallery.com\/#organization"},"potentialAction":[{"@type":"SearchAction","target":{"@type":"EntryPoint","urlTemplate":"https:\/\/ardegallery.com\/?s={search_term_string}"},"query-input":"required name=search_term_string"}],"inLanguage":"es"},{"@type":"Organization","@id":"https:\/\/ardegallery.com\/#organization","name":"Arde Gallery","url":"https:\/\/ardegallery.com\/","logo":{"@type":"ImageObject","inLanguage":"es","@id":"https:\/\/ardegallery.com\/#\/schema\/logo\/image\/","url":"https:\/\/ardegallery.com\/wp-content\/uploads\/2022\/08\/cropped-logoheader-1.png","contentUrl":"https:\/\/ardegallery.com\/wp-content\/uploads\/2022\/08\/cropped-logoheader-1.png","width":1280,"height":720,"caption":"Arde Gallery"},"image":{"@id":"https:\/\/ardegallery.com\/#\/schema\/logo\/image\/"},"sameAs":["https:\/\/www.instagram.com\/arde_gallery\/"]}]}},"_links":{"self":[{"href":"https:\/\/ardegallery.com\/es\/wp-json\/wp\/v2\/pages\/1464","targetHints":{"allow":["GET"]}}],"collection":[{"href":"https:\/\/ardegallery.com\/es\/wp-json\/wp\/v2\/pages"}],"about":[{"href":"https:\/\/ardegallery.com\/es\/wp-json\/wp\/v2\/types\/page"}],"author":[{"embeddable":true,"href":"https:\/\/ardegallery.com\/es\/wp-json\/wp\/v2\/users\/1"}],"replies":[{"embeddable":true,"href":"https:\/\/ardegallery.com\/es\/wp-json\/wp\/v2\/comments?post=1464"}],"version-history":[{"count":9,"href":"https:\/\/ardegallery.com\/es\/wp-json\/wp\/v2\/pages\/1464\/revisions"}],"predecessor-version":[{"id":1939,"href":"https:\/\/ardegallery.com\/es\/wp-json\/wp\/v2\/pages\/1464\/revisions\/1939"}],"wp:attachment":[{"href":"https:\/\/ardegallery.com\/es\/wp-json\/wp\/v2\/media?parent=1464"}],"curies":[{"name":"wp","href":"https:\/\/api.w.org\/{rel}","templated":true}]}}