{"id":1400,"date":"2024-02-29T19:34:47","date_gmt":"2024-02-29T19:34:47","guid":{"rendered":"https:\/\/ardegallery.com\/?page_id=1400"},"modified":"2024-05-18T18:05:05","modified_gmt":"2024-05-18T18:05:05","slug":"carlos-aguirre","status":"publish","type":"page","link":"https:\/\/ardegallery.com\/es\/carlos-aguirre\/","title":{"rendered":"Carlos Aguirre"},"content":{"rendered":"<p><\/p>\n\n\n\n<section id=\"section-c38ca8de-5c84-43f0-a8ef-904513abf5c8\" class=\"wp-block-gutentor-image-slider gutentor-section gutentor-image-slider imageSlider-template1\"><div class=\"gutentor-grid-item-wrap\"><div class=\"gutentor-slider-wrapper\" data-dots=\"true\" data-arrows=\"true\" data-infinite=\"false\" data-nextarrow=\"fas fa-angle-right\" data-prevarrow=\"fas fa-angle-left\" data-autoplay=\"true\" data-autoplayspeed=\"7000\" data-fade=\"false\" data-speed=\"900\"><div class=\"gutentor-slider-item\"><div class=\"gutentor-single-item gutentor-single-item-0\"><div class=\"gutentor-single-item-wrap\"><div class=\"gutentor-single-item-image-box\"><div class=\"gutentor-bg-image\"><div class=\"overlay\"><\/div><\/div><\/div><div class=\"gutentor-single-item-content\"><div class=\"grid-container\"><div class=\"slider-caption text-center\"><h3 class=\"gutentor-single-item-title\">Carlos Aguirre<\/h3><p class=\"gutentor-single-item-desc\"><\/p><\/div><\/div><\/div><\/div><\/div><\/div><\/div><\/div><\/section>\n\n\n\n<section id=\"section-fba613e8-7b5c-4ca5-bdb5-c8a0073a6277\" class=\"wp-block-gutentor-advanced-columns gutentor-section gutentor-advanced-columns\"><div class=\"grid-container\"><div class=\"grid-row\">\n<section id=\"section-8004fef2-43ce-4891-9acc-2ae9ba7ed055\" class=\"wp-block-gutentor-single-column gutentor-single-column  grid-lg-4 grid-md-12 grid-12\">\n<section id=\"section-f25b18d3-249a-4b98-ac7d-0907659b66f5\" class=\"wp-block-gutentor-content-box gutentor-section gutentor-content-box-wrapper content-template1\"><div class=\"grid-container\"><div class=\"gutentor-block-header\"><div class=\"gutentor-section-title text-left\"><h2 class=\"gutentor-title\">Acapulco, 1948<\/h2><\/div><\/div><div class=\"grid-row gutentor-grid-item-wrap\"><div class=\"gutentor-grid-column grid-lg-12 grid-md-12 grid-12\"><div class=\"gutentor-single-item gutentor-single-item-0\"><div class=\"gutentor-single-item-wrap\"><div class=\"gutentor-single-item-content\"><h3 class=\"gutentor-single-item-title\">Carlos<br>Aguirre<\/h3><\/div><\/div><\/div><\/div><\/div><\/div><\/section>\n\n\n\n<p><\/p>\n<\/section>\n\n\n\n<section id=\"section-a271f473-d640-42b8-8ad3-face3570d79a\" class=\"wp-block-gutentor-single-column gutentor-single-column  grid-lg-8 grid-md-12 grid-12\">\n<section id=\"section-55d23476-3480-46ec-a83b-fc2f1d3e3824\" class=\"wp-block-gutentor-content-box gutentor-section gutentor-content-box-wrapper content-template1\"><div class=\"grid-container\"><div class=\"grid-row gutentor-grid-item-wrap\"><div class=\"gutentor-grid-column grid-lg-12 grid-md-12 grid-12\"><div class=\"gutentor-single-item gutentor-single-item-0\"><div class=\"gutentor-single-item-wrap\"><div class=\"gutentor-single-item-content\"><p class=\"gutentor-single-item-desc\">Estos trabajos recientes de Carlos Aguirre despliegan, desde la<br>elegancia formal y el refinamiento t\u00e9cnico acostumbrados en la obra de este artista, un<br>s\u00f3lido cat\u00e1logo de sus intereses por el dise\u00f1o, los nuevos materiales constructivos, la<br>arquitectura y las exploraciones m\u00e1s experimentales de t\u00e9cnicas gr\u00e1ficas, de impresi\u00f3n y<br>de inclusi\u00f3n de soportes y procedimientos distantes a las artes gr\u00e1ficas convencionales.<br>Artista formado en el dise\u00f1o (o dise\u00f1ador devenido en artista visual), la trayectoria de<br>Aguirre a lo largo de cuatro d\u00e9cadas puede ser vista a trav\u00e9s de esta relaci\u00f3n entre el<br>dise\u00f1o gr\u00e1fico y tridimensional y las artes visuales: un rasgo particular de su trabajo que lo<br>distingue en el escenario art\u00edstico contempor\u00e1neo en M\u00e9xico.<br><br>Las obras ac\u00e1 reunidas son una muestra palpable de esto \u00faltimo. A medio camino entre el<br>ensamblaje y el collage, Carlos Aguirre genera en estos objetos gr\u00e1ficos di\u00e1logos visuales y<br>correspondencias formales donde potencia el valor de tramas, l\u00edneas y vol\u00famenes, as\u00ed<br>como del espacio en tanto una idea, presente tanto en la escritura caligr\u00e1fica como en una<br>hoja de maguey o una aparentemente trivial fotograf\u00eda. Las piezas igualmente evocan los<br>nuevos planos arquitect\u00f3nicos, totalmente experimentales en su cercan\u00eda con el arte, y en<br>los cuales se apuesta por entender que la arquitectura y sus revestimientos deben<br>fundirse con las formas de la naturaleza y no sobreponerse a \u00e9sta \u00faltima, como ocurr\u00eda en<br>el pasado. En este sentido, estas elegantes obras recogen, como un mapa, las pistas de<br>una nueva realidad, una nueva cultura visual urbana, de nuevos paisajes, de sus \u00faltimas<br>texturas y materiales del futuro.<br><br>A la par de esta l\u00ednea de trabajo, Carlos Aguirre se ha volcado a lo largo de su carrera a<br>producir un tipo de obra que atiende de manera m\u00e1s directa y aguda la actualidad pol\u00edtica,<br>en obras que reflejan la cruda realidad social. El tema de los desaparecidos es uno de<br>estos duros t\u00f3picos de nuestros d\u00edas y es a su vez argumento central de la obra que el<br>artista, conjuntamente con el dise\u00f1ador Roberto Padilla, concibi\u00f3 espec\u00edficamente para<br>esta muestra: una delicada animaci\u00f3n que, en l\u00ednea con la naturaleza de esta exposici\u00f3n,<br>centra su potencia discursiva en lo que una textura revela; pero esta vez, desde otra, dif\u00edcil<br>y dolorosa realidad que tensa cada uno de nuestros d\u00edas.<br><br>\u2500\u2500\u2727\u2500\u2500<br><\/p><\/div><\/div><\/div><\/div><\/div><\/div><\/section>\n\n\n\n<p><\/p>\n<\/section>\n<\/div><\/div><\/section>\n\n\n\n<section id=\"section-03337788-170e-4e97-afdf-1c31ed4273c2\" class=\"wp-block-gutentor-image-slider gutentor-section gutentor-image-slider imageSlider-template1\"><div class=\"gutentor-grid-item-wrap\"><div class=\"gutentor-slider-wrapper\" data-dots=\"true\" data-arrows=\"true\" data-infinite=\"true\" data-nextarrow=\"fas fa-angle-right\" data-prevarrow=\"fas fa-angle-left\" data-autoplay=\"true\" data-autoplayspeed=\"4999\" data-fade=\"false\" data-speed=\"500\"><div class=\"gutentor-slider-item\"><div class=\"gutentor-single-item gutentor-single-item-0\"><div class=\"gutentor-single-item-wrap\"><div class=\"gutentor-single-item-image-box\"><div class=\"gutentor-bg-image\"><div class=\"overlay\"><\/div><\/div><\/div><div class=\"gutentor-single-item-content\"><div class=\"grid-container\"><div class=\"slider-caption text-center\"><h3 class=\"gutentor-single-item-title\"><\/h3><p class=\"gutentor-single-item-desc\"><\/p><\/div><\/div><\/div><\/div><\/div><\/div><div class=\"gutentor-slider-item\"><div class=\"gutentor-single-item gutentor-single-item-1\"><div class=\"gutentor-single-item-wrap\"><div class=\"gutentor-single-item-image-box\"><div class=\"gutentor-bg-image\"><div class=\"overlay\"><\/div><\/div><\/div><div class=\"gutentor-single-item-content\"><div class=\"grid-container\"><div class=\"slider-caption text-center\"><h3 class=\"gutentor-single-item-title\"><\/h3><p class=\"gutentor-single-item-desc\"><\/p><\/div><\/div><\/div><\/div><\/div><\/div><div class=\"gutentor-slider-item\"><div class=\"gutentor-single-item gutentor-single-item-2\"><div class=\"gutentor-single-item-wrap\"><div class=\"gutentor-single-item-image-box\"><div class=\"gutentor-bg-image\"><div class=\"overlay\"><\/div><\/div><\/div><div class=\"gutentor-single-item-content\"><div class=\"grid-container\"><div class=\"slider-caption text-center\"><h3 class=\"gutentor-single-item-title\"><\/h3><p class=\"gutentor-single-item-desc\"><\/p><\/div><\/div><\/div><\/div><\/div><\/div><div class=\"gutentor-slider-item\"><div class=\"gutentor-single-item gutentor-single-item-3\"><div class=\"gutentor-single-item-wrap\"><div class=\"gutentor-single-item-image-box\"><div class=\"gutentor-bg-image\"><div class=\"overlay\"><\/div><\/div><\/div><div class=\"gutentor-single-item-content\"><div class=\"grid-container\"><div class=\"slider-caption text-center\"><h3 class=\"gutentor-single-item-title\"><\/h3><p class=\"gutentor-single-item-desc\"><\/p><\/div><\/div><\/div><\/div><\/div><\/div><\/div><\/div><\/section>\n\n\n\n<div class=\"wp-block-group\"><div class=\"wp-block-group__inner-container is-layout-flow wp-block-group-is-layout-flow\"><\/div><\/div>","protected":false},"excerpt":{"rendered":"","protected":false},"author":1,"featured_media":0,"parent":0,"menu_order":0,"comment_status":"closed","ping_status":"closed","template":"","meta":{"footnotes":""},"class_list":["post-1400","page","type-page","status-publish","hentry"],"aioseo_notices":[],"yoast_head":"<!-- This site is optimized with the Yoast SEO plugin v22.5 - https:\/\/yoast.com\/wordpress\/plugins\/seo\/ -->\n<title>Alejandro Pintado: the artist of the raw canvas<\/title>\n<meta name=\"description\" content=\"Carlos Aguirre encontr\u00f3 su vocaci\u00f3n como artista en Europa, el transfondo de su obra es social ya que hace denunicas contra la misoginia, la pederastia, el poder. En su m\u00e1s reciente obra juega con fotograf\u00edas y distintos materiales para crear una narrativa visual que rompe esquemas.\" \/>\n<meta name=\"robots\" content=\"index, follow, max-snippet:-1, max-image-preview:large, max-video-preview:-1\" \/>\n<link rel=\"canonical\" href=\"https:\/\/ardegallery.com\/es\/carlos-aguirre\/\" \/>\n<meta property=\"og:locale\" content=\"es_MX\" \/>\n<meta property=\"og:type\" content=\"article\" \/>\n<meta property=\"og:title\" content=\"Alejandro Pintado: the artist of the raw canvas\" \/>\n<meta property=\"og:description\" content=\"Carlos Aguirre encontr\u00f3 su vocaci\u00f3n como artista en Europa, el transfondo de su obra es social ya que hace denunicas contra la misoginia, la pederastia, el poder. En su m\u00e1s reciente obra juega con fotograf\u00edas y distintos materiales para crear una narrativa visual que rompe esquemas.\" \/>\n<meta property=\"og:url\" content=\"https:\/\/ardegallery.com\/es\/carlos-aguirre\/\" \/>\n<meta property=\"og:site_name\" content=\"Arde Gallery\" \/>\n<meta property=\"article:modified_time\" content=\"2024-05-18T18:05:05+00:00\" \/>\n<meta name=\"twitter:card\" content=\"summary_large_image\" \/>\n<meta name=\"twitter:label1\" content=\"Tiempo de lectura\" \/>\n\t<meta name=\"twitter:data1\" content=\"2 minutos\" \/>\n<script type=\"application\/ld+json\" class=\"yoast-schema-graph\">{\"@context\":\"https:\/\/schema.org\",\"@graph\":[{\"@type\":\"WebPage\",\"@id\":\"https:\/\/ardegallery.com\/carlos-aguirre\/\",\"url\":\"https:\/\/ardegallery.com\/carlos-aguirre\/\",\"name\":\"Alejandro Pintado: the artist of the raw canvas\",\"isPartOf\":{\"@id\":\"https:\/\/ardegallery.com\/#website\"},\"datePublished\":\"2024-02-29T19:34:47+00:00\",\"dateModified\":\"2024-05-18T18:05:05+00:00\",\"description\":\"Carlos Aguirre encontr\u00f3 su vocaci\u00f3n como artista en Europa, el transfondo de su obra es social ya que hace denunicas contra la misoginia, la pederastia, el poder. En su m\u00e1s reciente obra juega con fotograf\u00edas y distintos materiales para crear una narrativa visual que rompe esquemas.\",\"breadcrumb\":{\"@id\":\"https:\/\/ardegallery.com\/carlos-aguirre\/#breadcrumb\"},\"inLanguage\":\"es\",\"potentialAction\":[{\"@type\":\"ReadAction\",\"target\":[\"https:\/\/ardegallery.com\/carlos-aguirre\/\"]}]},{\"@type\":\"BreadcrumbList\",\"@id\":\"https:\/\/ardegallery.com\/carlos-aguirre\/#breadcrumb\",\"itemListElement\":[{\"@type\":\"ListItem\",\"position\":1,\"name\":\"Portada\",\"item\":\"https:\/\/ardegallery.com\/\"},{\"@type\":\"ListItem\",\"position\":2,\"name\":\"Carlos Aguirre\"}]},{\"@type\":\"WebSite\",\"@id\":\"https:\/\/ardegallery.com\/#website\",\"url\":\"https:\/\/ardegallery.com\/\",\"name\":\"Arde Gallery\",\"description\":\"\",\"publisher\":{\"@id\":\"https:\/\/ardegallery.com\/#organization\"},\"potentialAction\":[{\"@type\":\"SearchAction\",\"target\":{\"@type\":\"EntryPoint\",\"urlTemplate\":\"https:\/\/ardegallery.com\/?s={search_term_string}\"},\"query-input\":\"required name=search_term_string\"}],\"inLanguage\":\"es\"},{\"@type\":\"Organization\",\"@id\":\"https:\/\/ardegallery.com\/#organization\",\"name\":\"Arde Gallery\",\"url\":\"https:\/\/ardegallery.com\/\",\"logo\":{\"@type\":\"ImageObject\",\"inLanguage\":\"es\",\"@id\":\"https:\/\/ardegallery.com\/#\/schema\/logo\/image\/\",\"url\":\"https:\/\/ardegallery.com\/wp-content\/uploads\/2022\/08\/cropped-logoheader-1.png\",\"contentUrl\":\"https:\/\/ardegallery.com\/wp-content\/uploads\/2022\/08\/cropped-logoheader-1.png\",\"width\":1280,\"height\":720,\"caption\":\"Arde Gallery\"},\"image\":{\"@id\":\"https:\/\/ardegallery.com\/#\/schema\/logo\/image\/\"},\"sameAs\":[\"https:\/\/www.instagram.com\/arde_gallery\/\"]}]}<\/script>\n<!-- \/ Yoast SEO plugin. -->","yoast_head_json":{"title":"Alejandro Pintado: the artist of the raw canvas","description":"Carlos Aguirre encontr\u00f3 su vocaci\u00f3n como artista en Europa, el transfondo de su obra es social ya que hace denunicas contra la misoginia, la pederastia, el poder. En su m\u00e1s reciente obra juega con fotograf\u00edas y distintos materiales para crear una narrativa visual que rompe esquemas.","robots":{"index":"index","follow":"follow","max-snippet":"max-snippet:-1","max-image-preview":"max-image-preview:large","max-video-preview":"max-video-preview:-1"},"canonical":"https:\/\/ardegallery.com\/es\/carlos-aguirre\/","og_locale":"es_MX","og_type":"article","og_title":"Alejandro Pintado: the artist of the raw canvas","og_description":"Carlos Aguirre encontr\u00f3 su vocaci\u00f3n como artista en Europa, el transfondo de su obra es social ya que hace denunicas contra la misoginia, la pederastia, el poder. En su m\u00e1s reciente obra juega con fotograf\u00edas y distintos materiales para crear una narrativa visual que rompe esquemas.","og_url":"https:\/\/ardegallery.com\/es\/carlos-aguirre\/","og_site_name":"Arde Gallery","article_modified_time":"2024-05-18T18:05:05+00:00","twitter_card":"summary_large_image","twitter_misc":{"Tiempo de lectura":"2 minutos"},"schema":{"@context":"https:\/\/schema.org","@graph":[{"@type":"WebPage","@id":"https:\/\/ardegallery.com\/carlos-aguirre\/","url":"https:\/\/ardegallery.com\/carlos-aguirre\/","name":"Alejandro Pintado: the artist of the raw canvas","isPartOf":{"@id":"https:\/\/ardegallery.com\/#website"},"datePublished":"2024-02-29T19:34:47+00:00","dateModified":"2024-05-18T18:05:05+00:00","description":"Carlos Aguirre encontr\u00f3 su vocaci\u00f3n como artista en Europa, el transfondo de su obra es social ya que hace denunicas contra la misoginia, la pederastia, el poder. En su m\u00e1s reciente obra juega con fotograf\u00edas y distintos materiales para crear una narrativa visual que rompe esquemas.","breadcrumb":{"@id":"https:\/\/ardegallery.com\/carlos-aguirre\/#breadcrumb"},"inLanguage":"es","potentialAction":[{"@type":"ReadAction","target":["https:\/\/ardegallery.com\/carlos-aguirre\/"]}]},{"@type":"BreadcrumbList","@id":"https:\/\/ardegallery.com\/carlos-aguirre\/#breadcrumb","itemListElement":[{"@type":"ListItem","position":1,"name":"Portada","item":"https:\/\/ardegallery.com\/"},{"@type":"ListItem","position":2,"name":"Carlos Aguirre"}]},{"@type":"WebSite","@id":"https:\/\/ardegallery.com\/#website","url":"https:\/\/ardegallery.com\/","name":"Arde Gallery","description":"","publisher":{"@id":"https:\/\/ardegallery.com\/#organization"},"potentialAction":[{"@type":"SearchAction","target":{"@type":"EntryPoint","urlTemplate":"https:\/\/ardegallery.com\/?s={search_term_string}"},"query-input":"required name=search_term_string"}],"inLanguage":"es"},{"@type":"Organization","@id":"https:\/\/ardegallery.com\/#organization","name":"Arde Gallery","url":"https:\/\/ardegallery.com\/","logo":{"@type":"ImageObject","inLanguage":"es","@id":"https:\/\/ardegallery.com\/#\/schema\/logo\/image\/","url":"https:\/\/ardegallery.com\/wp-content\/uploads\/2022\/08\/cropped-logoheader-1.png","contentUrl":"https:\/\/ardegallery.com\/wp-content\/uploads\/2022\/08\/cropped-logoheader-1.png","width":1280,"height":720,"caption":"Arde Gallery"},"image":{"@id":"https:\/\/ardegallery.com\/#\/schema\/logo\/image\/"},"sameAs":["https:\/\/www.instagram.com\/arde_gallery\/"]}]}},"_links":{"self":[{"href":"https:\/\/ardegallery.com\/es\/wp-json\/wp\/v2\/pages\/1400","targetHints":{"allow":["GET"]}}],"collection":[{"href":"https:\/\/ardegallery.com\/es\/wp-json\/wp\/v2\/pages"}],"about":[{"href":"https:\/\/ardegallery.com\/es\/wp-json\/wp\/v2\/types\/page"}],"author":[{"embeddable":true,"href":"https:\/\/ardegallery.com\/es\/wp-json\/wp\/v2\/users\/1"}],"replies":[{"embeddable":true,"href":"https:\/\/ardegallery.com\/es\/wp-json\/wp\/v2\/comments?post=1400"}],"version-history":[{"count":11,"href":"https:\/\/ardegallery.com\/es\/wp-json\/wp\/v2\/pages\/1400\/revisions"}],"predecessor-version":[{"id":1734,"href":"https:\/\/ardegallery.com\/es\/wp-json\/wp\/v2\/pages\/1400\/revisions\/1734"}],"wp:attachment":[{"href":"https:\/\/ardegallery.com\/es\/wp-json\/wp\/v2\/media?parent=1400"}],"curies":[{"name":"wp","href":"https:\/\/api.w.org\/{rel}","templated":true}]}}