{"id":1156,"date":"2023-09-05T21:24:24","date_gmt":"2023-09-05T21:24:24","guid":{"rendered":"https:\/\/ardegallery.com\/?page_id=1156"},"modified":"2024-05-13T22:27:42","modified_gmt":"2024-05-13T22:27:42","slug":"eugenia-martinez","status":"publish","type":"page","link":"https:\/\/ardegallery.com\/es\/eugenia-martinez\/","title":{"rendered":"Eugenia Mart\u00ednez"},"content":{"rendered":"<p><\/p>\n\n\n\n<section id=\"section-bd7f0cc1-0a9a-431c-831f-f3a2164b5c67\" class=\"wp-block-gutentor-image-slider gutentor-section gutentor-image-slider imageSlider-template1\"><div class=\"gutentor-grid-item-wrap\"><div class=\"gutentor-slider-wrapper\" data-dots=\"true\" data-arrows=\"true\" data-infinite=\"false\" data-nextarrow=\"fas fa-angle-right\" data-prevarrow=\"fas fa-angle-left\" data-autoplay=\"true\" data-autoplayspeed=\"7000\" data-fade=\"false\" data-speed=\"900\"><div class=\"gutentor-slider-item\"><div class=\"gutentor-single-item gutentor-single-item-0\"><div class=\"gutentor-single-item-wrap\"><div class=\"gutentor-single-item-image-box\"><div class=\"gutentor-bg-image\"><div class=\"overlay\"><\/div><\/div><\/div><div class=\"gutentor-single-item-content\"><div class=\"grid-container\"><div class=\"slider-caption text-center\"><h3 class=\"gutentor-single-item-title\">Eugenia Mart\u00ednez<\/h3><p class=\"gutentor-single-item-desc\"><\/p><\/div><\/div><\/div><\/div><\/div><\/div><\/div><\/div><\/section>\n\n\n\n<section id=\"section-48efc483-2e84-4e24-8229-55d908f7aa43\" class=\"wp-block-gutentor-advanced-columns gutentor-section gutentor-advanced-columns\"><div class=\"grid-container\"><div class=\"grid-row\">\n<section id=\"section-1d4e3614-7eea-413f-9569-6e56fb215c99\" class=\"wp-block-gutentor-single-column gutentor-single-column  grid-lg-4 grid-md-12 grid-12\">\n<section id=\"section-124008f5-10fa-4b54-8730-a3043dcb6d21\" class=\"wp-block-gutentor-content-box gutentor-section gutentor-content-box-wrapper content-template1\"><div class=\"grid-container\"><div class=\"gutentor-block-header\"><div class=\"gutentor-section-title text-left\"><h2 class=\"gutentor-title\">Monterrey, m\u00e9xico, 1976<\/h2><\/div><\/div><div class=\"grid-row gutentor-grid-item-wrap\"><div class=\"gutentor-grid-column grid-lg-12 grid-md-12 grid-12\"><div class=\"gutentor-single-item gutentor-single-item-0\"><div class=\"gutentor-single-item-wrap\"><div class=\"gutentor-single-item-content\"><h3 class=\"gutentor-single-item-title\">Eugenia Mart\u00ednez<\/h3><\/div><\/div><\/div><\/div><\/div><\/div><\/section>\n\n\n\n<p><\/p>\n<\/section>\n\n\n\n<section id=\"section-0e5789dc-91d5-40c1-a3f7-c103a4d6b242\" class=\"wp-block-gutentor-single-column gutentor-single-column  grid-lg-8 grid-md-12 grid-12\">\n<section id=\"section-92e3c5af-260b-4b82-a937-9ede48179bcc\" class=\"wp-block-gutentor-content-box gutentor-section gutentor-content-box-wrapper content-template1\"><div class=\"grid-container\"><div class=\"grid-row gutentor-grid-item-wrap\"><div class=\"gutentor-grid-column grid-lg-12 grid-md-12 grid-12\"><div class=\"gutentor-single-item gutentor-single-item-0\"><div class=\"gutentor-single-item-wrap\"><div class=\"gutentor-single-item-content\"><p class=\"gutentor-single-item-desc\">Vive y trabaja en la Ciudad de M\u00e9xico. Eugenia Mart\u00ednez replantea la mec\u00e1nica del decir a trav\u00e9s del arte. No es coincidencia que su trabajo est\u00e9 cargado de una postura que resalta el subyugo de la mujer en M\u00e9xico y en el mundo. Su trabajo pondera problem\u00e1ticas sociales, culturales para abrir camino a que a trav\u00e9s del decir, se construya una sociedad abierta y heterog\u00e9nea en la que ya no haya necesidad de denunciar repetidamente las desigualdades sociales. La fotograf\u00eda, la escritura y el collage son elementos en su trabajo con los cuales ha logrado hacer importantes obras e instalaciones sobre las tem\u00e1ticas que le preocupan.<br><br><br>2018) Arte Mexicano Contempor\u00e1neo, Musas, Hermosillo, Sonora, M\u00e9xico Colecci\u00f3n Pago en Especie de la SHCP. 2013-2016) Museo de la SHCP, CDMX, M\u00e9xico 2016 Vanidad y Desega\u00f1o, Museo de la Cancilleria SRE, Mexico City. Project Room, Karen Huber Gallery, Mexico City. Straigth from Mexico City, Ruiz Healy Art, San Antonio, Texas, USA. 2015) The Map of the New Art, Foundazione Giorgio Cini, Venice, Italy Dicen que Dicen, El Rastro, Hermosillo, Sonora, Mexico. Surrealismo, Circulo de Tenerife, Madrid, Spain. Map of the New Art, Benetton Collection , Foundazione Giorgio Cini, Venice, Italy. 80 a\u00f1os de la GAM, Arte Mexicano Gallery , D.F., Mexico. Porfil Perdu, MC &amp; Karen Huber Gallery, N.Y., E.U.A 2014) Extrapolaci\u00f3n del Lenguaje, Karen Huber Gallery, D.F., M\u00e9xico Andares, Centro Cultural Plaza F\u00e1tima, N.L., Mexico. PIG ME, Centro Cultural Arterial, M\u00e9xico, D.F., Mexico. Subasta Origen, Museo Jumex, M\u00e9xico, D.F., Mexico. Punto y L\u00ednea, Secretar\u00eda de Econom\u00eda, M\u00e9xico, D.F., Mexico. M\u00faltiples, Esay Gallery y Escuela Superior de Artes de Yucat\u00e1n, M\u00e9rida Yucat\u00e1n, Mexico. 2013) 1+1 Museo Metropolitano de Monterrey, Monterrey, N.L., Mexico. Sobre Escritos, Museo de Mujeres Artistas, MUMA, D.F., Mexico. Retratos y Retratados,14 Visiones del Retrato Contempor\u00e1neo en M\u00e9xico, Casa de Tabasco, D.F., Mexico. Vial, Museo de Arte de Puerto Rico, San Juan de Puerto Rico. 2012) Mascaras, CONFE, Museo Jos\u00e9 Luis Cuevas, D.F., Mexico. Entre el arte y el dise\u00f1o, Gallery of Mexican Design, M\u00e9xico D.F., Mexico. Andares , Plaza F\u00e1tima, Monterrey, N.L., Mexico. 2011) Arte Publico Chilango, Teatro \u00c1ngela Peralta, D.F., Mexico. Summer Show, Caja Blanca Gallery , M\u00e9xico, D.F., Mexico. Mujeres, Museo Metropolitano de Monterrey, Monterrey, N.L., Mexico. 111 Parabuses , Museo de la Ciudad de M\u00e9xico, D.F., Mexico. 2010) Walking the Gray Area, Museo Ex Teresa, M\u00e9xico, D.F., Mexico. Summer show, Caja Blanca Gallery , D.F., Mexico. 2009) Museo de Antropolog\u00eda , Fundaci\u00f3n Televisa, D.F., Mexico. 2008) Aut\u00f3dromo, Best Buddies, Fundaci\u00f3n Telmex Fundaci\u00f3n, D.F., Mexico. 2007) Importe total, La Refaccionaria Gallery, D.F., Mexico. Hangar No 7, Una Excursi\u00f3n Mexicana, Comisaria Lioba Reddeker, Salzburg, Austria. Pepsi Light, Sedientos. 2007) Libro Rojo, Fondo de Cultura Econ\u00f3mica, D.F., Mexico. 2006) Summer Show, La Refaccionaria Gallery , D.F., Mexico. 2005) Colectiva de apertura, La Refaccionaria Gallery, D.F. 2001) V Bienal FEMSA, Categor\u00eda, Pintura, Centro de las Artes, Monterrey, N.L., Mexico. 2000) Bienal de Pintura Baena, C\u00f3rdoba, Spain 25 Aniversario SER, Museo Metropolitano de Monterrey, Monterrey, NL., Mexico. 1999) Sal\u00f3n antes 30, Museo Metropolitano de Mty, Monterrey, NL., Mexico. 1997) Autorretratos, Arte AC, Monterrey, N.L., Mexico. 1996) 50 Promesas, Auditorio San Pedro, San Pedro Garza Garc\u00eda, N.L., Mexico.<br><br>2014) El que tenga ojos que vea, Museo de Arte Contempor\u00e1neo de Tamaulipas, Matamoros, Tamaulipas, Mexico. 2013) I don \u0301t have a dream, Ramis Barquet Gallery, New York, N.Y., U.S.A. 2010) Por los siglos de los siglos, GE Gallery, Monterrey, N.L., Mexico. 2008) La sopa esta fr\u00eda, Ramis Barquet Gallery , Monterrey, N.L., Mexico. 2006) Obra reciente, La Refaccionaria Gallery, M\u00e9xico, D.F., Mexico. 2005) Obra reciente, Ramis Barquet Gallery , Monterrey, N.L., Mexico. 2005) Retrato de Familia, Florencia Riestra Gallery , CDMX, Mexico. 2001) Palacio Municipal de San Pedro Garza Garc\u00eda, N.L., Mexico. 1999) SER y ISSSTE, Monterrey, N.L., Mexico. <br><br><br>The Red Bull- Salzburg, Austria. Colecci\u00f3n Jumex, M\u00e9xico. Colecci\u00f3n Federal del INBA \/Patrimonio Art\u00edstico NacionalLuciano Benetton, Italy. Hope Collage Museum, U.S.A.<br>Publicaciones Fotomexico, Festival Internacional de Fotografia, 2017. \u201cLibro Rojo Continuacion, 1868 -1928\u201d, Gerardo Villadel\u00e1ngel Vi\u00f1as, Fondo de Cultura Economica, Mexico, 2008. \u201cZeitgen\u00f6ssische Kunst aus Mexiko\u201d, Lioba Reddeker, Hangart-7, Salzburg, Wein, 2007. \u201cCarta de dote en Zacatecas, siglos XVIII \u2013XIX\u201d, Gloria Trujillo Molina, Ediciones de Medianoche, 2008. \u201cMexico: The Future is Unwritten, Contemporary Artists from Mexico\u201d, Imago mundi , Fabrica, Italy 2015.<br><\/p><\/div><\/div><\/div><\/div><\/div><\/div><\/section>\n\n\n\n<p><\/p>\n<\/section>\n<\/div><\/div><\/section>\n\n\n\n<section id=\"section-8e8ea763-152d-4545-9441-5f59076794fe\" class=\"wp-block-gutentor-image-slider gutentor-section gutentor-image-slider imageSlider-template1\"><div class=\"gutentor-grid-item-wrap\"><div class=\"gutentor-slider-wrapper\" data-dots=\"true\" data-arrows=\"true\" data-infinite=\"true\" data-nextarrow=\"fas fa-angle-right\" data-prevarrow=\"fas fa-angle-left\" data-autoplay=\"true\" data-autoplayspeed=\"4999\" data-fade=\"false\" data-speed=\"500\"><div class=\"gutentor-slider-item\"><div class=\"gutentor-single-item gutentor-single-item-0\"><div class=\"gutentor-single-item-wrap\"><div class=\"gutentor-single-item-image-box\"><div class=\"gutentor-bg-image\"><div class=\"overlay\"><\/div><\/div><\/div><div class=\"gutentor-single-item-content\"><div class=\"grid-container\"><div class=\"slider-caption text-center\"><\/div><\/div><\/div><\/div><\/div><\/div><div class=\"gutentor-slider-item\"><div class=\"gutentor-single-item gutentor-single-item-1\"><div class=\"gutentor-single-item-wrap\"><div class=\"gutentor-single-item-image-box\"><div class=\"gutentor-bg-image\"><div class=\"overlay\"><\/div><\/div><\/div><div class=\"gutentor-single-item-content\"><div class=\"grid-container\"><div class=\"slider-caption text-center\"><\/div><\/div><\/div><\/div><\/div><\/div><div class=\"gutentor-slider-item\"><div class=\"gutentor-single-item gutentor-single-item-2\"><div class=\"gutentor-single-item-wrap\"><div class=\"gutentor-single-item-image-box\"><div class=\"gutentor-bg-image\"><div class=\"overlay\"><\/div><\/div><\/div><div class=\"gutentor-single-item-content\"><div class=\"grid-container\"><div class=\"slider-caption text-center\"><\/div><\/div><\/div><\/div><\/div><\/div><div class=\"gutentor-slider-item\"><div class=\"gutentor-single-item gutentor-single-item-3\"><div class=\"gutentor-single-item-wrap\"><div class=\"gutentor-single-item-image-box\"><div class=\"gutentor-bg-image\"><div class=\"overlay\"><\/div><\/div><\/div><div class=\"gutentor-single-item-content\"><div class=\"grid-container\"><div class=\"slider-caption text-center\"><\/div><\/div><\/div><\/div><\/div><\/div><div class=\"gutentor-slider-item\"><div class=\"gutentor-single-item gutentor-single-item-4\"><div class=\"gutentor-single-item-wrap\"><div class=\"gutentor-single-item-image-box\"><div class=\"gutentor-bg-image\"><div class=\"overlay\"><\/div><\/div><\/div><div class=\"gutentor-single-item-content\"><div class=\"grid-container\"><div class=\"slider-caption text-center\"><\/div><\/div><\/div><\/div><\/div><\/div><div class=\"gutentor-slider-item\"><div class=\"gutentor-single-item gutentor-single-item-5\"><div class=\"gutentor-single-item-wrap\"><div class=\"gutentor-single-item-image-box\"><div class=\"gutentor-bg-image\"><div class=\"overlay\"><\/div><\/div><\/div><div class=\"gutentor-single-item-content\"><div class=\"grid-container\"><div class=\"slider-caption text-center\"><\/div><\/div><\/div><\/div><\/div><\/div><div class=\"gutentor-slider-item\"><div class=\"gutentor-single-item gutentor-single-item-6\"><div class=\"gutentor-single-item-wrap\"><div class=\"gutentor-single-item-image-box\"><div class=\"gutentor-bg-image\"><div class=\"overlay\"><\/div><\/div><\/div><div class=\"gutentor-single-item-content\"><div class=\"grid-container\"><div class=\"slider-caption text-center\"><\/div><\/div><\/div><\/div><\/div><\/div><div class=\"gutentor-slider-item\"><div class=\"gutentor-single-item gutentor-single-item-7\"><div class=\"gutentor-single-item-wrap\"><div class=\"gutentor-single-item-image-box\"><div class=\"gutentor-bg-image\"><div class=\"overlay\"><\/div><\/div><\/div><div class=\"gutentor-single-item-content\"><div class=\"grid-container\"><div class=\"slider-caption text-center\"><\/div><\/div><\/div><\/div><\/div><\/div><div class=\"gutentor-slider-item\"><div class=\"gutentor-single-item gutentor-single-item-8\"><div class=\"gutentor-single-item-wrap\"><div class=\"gutentor-single-item-image-box\"><div class=\"gutentor-bg-image\"><div class=\"overlay\"><\/div><\/div><\/div><div class=\"gutentor-single-item-content\"><div class=\"grid-container\"><div class=\"slider-caption text-center\"><\/div><\/div><\/div><\/div><\/div><\/div><div class=\"gutentor-slider-item\"><div class=\"gutentor-single-item gutentor-single-item-9\"><div class=\"gutentor-single-item-wrap\"><div class=\"gutentor-single-item-image-box\"><div class=\"gutentor-bg-image\"><div class=\"overlay\"><\/div><\/div><\/div><div class=\"gutentor-single-item-content\"><div class=\"grid-container\"><div class=\"slider-caption text-center\"><\/div><\/div><\/div><\/div><\/div><\/div><\/div><\/div><\/section>\n\n\n\n<div class=\"wp-block-group\"><div class=\"wp-block-group__inner-container is-layout-flow wp-block-group-is-layout-flow\"><\/div><\/div>","protected":false},"excerpt":{"rendered":"","protected":false},"author":1,"featured_media":0,"parent":0,"menu_order":0,"comment_status":"closed","ping_status":"closed","template":"","meta":{"footnotes":""},"class_list":["post-1156","page","type-page","status-publish","hentry"],"aioseo_notices":[],"yoast_head":"<!-- This site is optimized with the Yoast SEO plugin v22.5 - https:\/\/yoast.com\/wordpress\/plugins\/seo\/ -->\n<title>Eugenia Mart\u00ednez - Artist who express in written words and images<\/title>\n<meta name=\"description\" content=\"Eugenia Mart\u00ednez expresses with written words on images her ideas regarding social topics, feminism and archaic social standards\" \/>\n<meta name=\"robots\" content=\"index, follow, max-snippet:-1, max-image-preview:large, max-video-preview:-1\" \/>\n<link rel=\"canonical\" href=\"https:\/\/ardegallery.com\/es\/eugenia-martinez\/\" \/>\n<meta property=\"og:locale\" content=\"es_MX\" \/>\n<meta property=\"og:type\" content=\"article\" \/>\n<meta property=\"og:title\" content=\"Eugenia Mart\u00ednez - Artist who express in written words and images\" \/>\n<meta property=\"og:description\" content=\"Eugenia Mart\u00ednez expresses with written words on images her ideas regarding social topics, feminism and archaic social standards\" \/>\n<meta property=\"og:url\" content=\"https:\/\/ardegallery.com\/es\/eugenia-martinez\/\" \/>\n<meta property=\"og:site_name\" content=\"Arde Gallery\" \/>\n<meta property=\"article:modified_time\" content=\"2024-05-13T22:27:42+00:00\" \/>\n<meta name=\"twitter:card\" content=\"summary_large_image\" \/>\n<meta name=\"twitter:label1\" content=\"Tiempo de lectura\" \/>\n\t<meta name=\"twitter:data1\" content=\"4 minutos\" \/>\n<script type=\"application\/ld+json\" class=\"yoast-schema-graph\">{\"@context\":\"https:\/\/schema.org\",\"@graph\":[{\"@type\":\"WebPage\",\"@id\":\"https:\/\/ardegallery.com\/eugenia-martinez\/\",\"url\":\"https:\/\/ardegallery.com\/eugenia-martinez\/\",\"name\":\"Eugenia Mart\u00ednez - Artist who express in written words and images\",\"isPartOf\":{\"@id\":\"https:\/\/ardegallery.com\/#website\"},\"datePublished\":\"2023-09-05T21:24:24+00:00\",\"dateModified\":\"2024-05-13T22:27:42+00:00\",\"description\":\"Eugenia Mart\u00ednez expresses with written words on images her ideas regarding social topics, feminism and archaic social standards\",\"breadcrumb\":{\"@id\":\"https:\/\/ardegallery.com\/eugenia-martinez\/#breadcrumb\"},\"inLanguage\":\"es\",\"potentialAction\":[{\"@type\":\"ReadAction\",\"target\":[\"https:\/\/ardegallery.com\/eugenia-martinez\/\"]}]},{\"@type\":\"BreadcrumbList\",\"@id\":\"https:\/\/ardegallery.com\/eugenia-martinez\/#breadcrumb\",\"itemListElement\":[{\"@type\":\"ListItem\",\"position\":1,\"name\":\"Portada\",\"item\":\"https:\/\/ardegallery.com\/\"},{\"@type\":\"ListItem\",\"position\":2,\"name\":\"Eugenia Mart\u00ednez\"}]},{\"@type\":\"WebSite\",\"@id\":\"https:\/\/ardegallery.com\/#website\",\"url\":\"https:\/\/ardegallery.com\/\",\"name\":\"Arde Gallery\",\"description\":\"\",\"publisher\":{\"@id\":\"https:\/\/ardegallery.com\/#organization\"},\"potentialAction\":[{\"@type\":\"SearchAction\",\"target\":{\"@type\":\"EntryPoint\",\"urlTemplate\":\"https:\/\/ardegallery.com\/?s={search_term_string}\"},\"query-input\":\"required name=search_term_string\"}],\"inLanguage\":\"es\"},{\"@type\":\"Organization\",\"@id\":\"https:\/\/ardegallery.com\/#organization\",\"name\":\"Arde Gallery\",\"url\":\"https:\/\/ardegallery.com\/\",\"logo\":{\"@type\":\"ImageObject\",\"inLanguage\":\"es\",\"@id\":\"https:\/\/ardegallery.com\/#\/schema\/logo\/image\/\",\"url\":\"https:\/\/ardegallery.com\/wp-content\/uploads\/2022\/08\/cropped-logoheader-1.png\",\"contentUrl\":\"https:\/\/ardegallery.com\/wp-content\/uploads\/2022\/08\/cropped-logoheader-1.png\",\"width\":1280,\"height\":720,\"caption\":\"Arde Gallery\"},\"image\":{\"@id\":\"https:\/\/ardegallery.com\/#\/schema\/logo\/image\/\"},\"sameAs\":[\"https:\/\/www.instagram.com\/arde_gallery\/\"]}]}<\/script>\n<!-- \/ Yoast SEO plugin. -->","yoast_head_json":{"title":"Eugenia Mart\u00ednez - Artist who express in written words and images","description":"Eugenia Mart\u00ednez expresses with written words on images her ideas regarding social topics, feminism and archaic social standards","robots":{"index":"index","follow":"follow","max-snippet":"max-snippet:-1","max-image-preview":"max-image-preview:large","max-video-preview":"max-video-preview:-1"},"canonical":"https:\/\/ardegallery.com\/es\/eugenia-martinez\/","og_locale":"es_MX","og_type":"article","og_title":"Eugenia Mart\u00ednez - Artist who express in written words and images","og_description":"Eugenia Mart\u00ednez expresses with written words on images her ideas regarding social topics, feminism and archaic social standards","og_url":"https:\/\/ardegallery.com\/es\/eugenia-martinez\/","og_site_name":"Arde Gallery","article_modified_time":"2024-05-13T22:27:42+00:00","twitter_card":"summary_large_image","twitter_misc":{"Tiempo de lectura":"4 minutos"},"schema":{"@context":"https:\/\/schema.org","@graph":[{"@type":"WebPage","@id":"https:\/\/ardegallery.com\/eugenia-martinez\/","url":"https:\/\/ardegallery.com\/eugenia-martinez\/","name":"Eugenia Mart\u00ednez - Artist who express in written words and images","isPartOf":{"@id":"https:\/\/ardegallery.com\/#website"},"datePublished":"2023-09-05T21:24:24+00:00","dateModified":"2024-05-13T22:27:42+00:00","description":"Eugenia Mart\u00ednez expresses with written words on images her ideas regarding social topics, feminism and archaic social standards","breadcrumb":{"@id":"https:\/\/ardegallery.com\/eugenia-martinez\/#breadcrumb"},"inLanguage":"es","potentialAction":[{"@type":"ReadAction","target":["https:\/\/ardegallery.com\/eugenia-martinez\/"]}]},{"@type":"BreadcrumbList","@id":"https:\/\/ardegallery.com\/eugenia-martinez\/#breadcrumb","itemListElement":[{"@type":"ListItem","position":1,"name":"Portada","item":"https:\/\/ardegallery.com\/"},{"@type":"ListItem","position":2,"name":"Eugenia Mart\u00ednez"}]},{"@type":"WebSite","@id":"https:\/\/ardegallery.com\/#website","url":"https:\/\/ardegallery.com\/","name":"Arde Gallery","description":"","publisher":{"@id":"https:\/\/ardegallery.com\/#organization"},"potentialAction":[{"@type":"SearchAction","target":{"@type":"EntryPoint","urlTemplate":"https:\/\/ardegallery.com\/?s={search_term_string}"},"query-input":"required name=search_term_string"}],"inLanguage":"es"},{"@type":"Organization","@id":"https:\/\/ardegallery.com\/#organization","name":"Arde Gallery","url":"https:\/\/ardegallery.com\/","logo":{"@type":"ImageObject","inLanguage":"es","@id":"https:\/\/ardegallery.com\/#\/schema\/logo\/image\/","url":"https:\/\/ardegallery.com\/wp-content\/uploads\/2022\/08\/cropped-logoheader-1.png","contentUrl":"https:\/\/ardegallery.com\/wp-content\/uploads\/2022\/08\/cropped-logoheader-1.png","width":1280,"height":720,"caption":"Arde Gallery"},"image":{"@id":"https:\/\/ardegallery.com\/#\/schema\/logo\/image\/"},"sameAs":["https:\/\/www.instagram.com\/arde_gallery\/"]}]}},"_links":{"self":[{"href":"https:\/\/ardegallery.com\/es\/wp-json\/wp\/v2\/pages\/1156","targetHints":{"allow":["GET"]}}],"collection":[{"href":"https:\/\/ardegallery.com\/es\/wp-json\/wp\/v2\/pages"}],"about":[{"href":"https:\/\/ardegallery.com\/es\/wp-json\/wp\/v2\/types\/page"}],"author":[{"embeddable":true,"href":"https:\/\/ardegallery.com\/es\/wp-json\/wp\/v2\/users\/1"}],"replies":[{"embeddable":true,"href":"https:\/\/ardegallery.com\/es\/wp-json\/wp\/v2\/comments?post=1156"}],"version-history":[{"count":12,"href":"https:\/\/ardegallery.com\/es\/wp-json\/wp\/v2\/pages\/1156\/revisions"}],"predecessor-version":[{"id":1724,"href":"https:\/\/ardegallery.com\/es\/wp-json\/wp\/v2\/pages\/1156\/revisions\/1724"}],"wp:attachment":[{"href":"https:\/\/ardegallery.com\/es\/wp-json\/wp\/v2\/media?parent=1156"}],"curies":[{"name":"wp","href":"https:\/\/api.w.org\/{rel}","templated":true}]}}